{"id":134,"date":"2025-11-14T17:04:35","date_gmt":"2025-11-14T17:04:35","guid":{"rendered":"https:\/\/audiobook-24.com\/?post_type=product&#038;p=134"},"modified":"2025-11-14T17:04:35","modified_gmt":"2025-11-14T17:04:35","slug":"hoerbuch-toedlicher-frost-teil-1","status":"publish","type":"product","link":"https:\/\/audiobook-24.com\/en\/product\/hoerbuch-toedlicher-frost-teil-1\/","title":{"rendered":"H\u00f6rbuch: \u201eT\u00f6dlicher Frost \u2013 Teil 1\u201c"},"content":{"rendered":"<h3 class=\"\">H\u00f6rbuch: \u201eT\u00f6dlicher Frost \u2013 Teil 1\u201c<\/h3>\n<p class=\"\"><strong>\u201eT\u00f6dlicher Frost \u2013 Teil 1\u201c<\/strong>\u00a0ist ein spannendes H\u00f6rbuch, das die H\u00f6rer in eine frostige, aber aufregende Kriminalgeschichte eintauchen l\u00e4sst. Der erste Teil dieser mitrei\u00dfenden Reihe entf\u00fchrt die Zuh\u00f6rer in eine Welt voller Spannung und Intrigen.<\/p>\n<p>Handlung<\/p>\n<p class=\"\">In diesem Krimi geht es um:<\/p>\n<ul class=\"\">\n<li class=\"\"><strong>Ein mysteri\u00f6ser Tod im Winter<\/strong><\/li>\n<li class=\"\"><strong>Dunkle Geheimnisse, die unter dem Schnee begraben sind<\/strong><\/li>\n<li class=\"\"><strong>Die verzweifelten Ermittlungen des Protagonisten<\/strong><\/li>\n<\/ul>\n<p class=\"\">Die fesselnde Erz\u00e4hlweise und die \u00fcberraschenden Wendungen sorgen f\u00fcr ein packendes H\u00f6rerlebnis.<\/p>\n<p>Spieldauer<\/p>\n<p class=\"\">Die Gesamtl\u00e4nge des H\u00f6rbuchs betr\u00e4gt\u00a0<strong>ca. 6 Stunden<\/strong>.<\/p>\n<hr \/>\n<p class=\"\">\ud83d\udcb3\u00a0<strong>Nach der Bezahlung bekommen Sie sofort den Downloadlink von uns und k\u00f6nnen Ihr H\u00f6rspiel auf Handy, Tablet, MP3-Player oder PC genie\u00dfen.<\/strong><\/p>\n<p class=\"\">\ud83d\udcf1 Handy\u2003|\u2003\ud83d\udcf2 Tablet\u2003|\u2003\ud83c\udfa7 MP3-Player\u2003|\u2003\ud83d\udcbb PC<\/p>","protected":false},"excerpt":{"rendered":"<p>H\u00f6rbuch: \u201eT\u00f6dlicher Frost \u2013 Teil 1\u201c \u201eT\u00f6dlicher Frost \u2013 Teil 1\u201c\u00a0ist ein spannendes H\u00f6rbuch, das die H\u00f6rer in eine frostige, aber aufregende Kriminalgeschichte eintauchen l\u00e4sst. Der erste Teil dieser mitrei\u00dfenden Reihe entf\u00fchrt die Zuh\u00f6rer in eine Welt voller Spannung und Intrigen. Handlung In diesem Krimi geht es um: Ein mysteri\u00f6ser Tod im Winter Dunkle Geheimnisse, [&hellip;]<\/p>\n","protected":false},"featured_media":135,"comment_status":"open","ping_status":"closed","template":"","meta":[],"product_brand":[],"product_cat":[18],"product_tag":[],"class_list":{"0":"post-134","1":"product","2":"type-product","3":"status-publish","4":"has-post-thumbnail","6":"product_cat-unkategorisiert","8":"first","9":"instock","10":"sale","11":"virtual","12":"purchasable","13":"product-type-simple"},"jetpack_sharing_enabled":true,"_links":{"self":[{"href":"https:\/\/audiobook-24.com\/en\/wp-json\/wp\/v2\/product\/134","targetHints":{"allow":["GET"]}}],"collection":[{"href":"https:\/\/audiobook-24.com\/en\/wp-json\/wp\/v2\/product"}],"about":[{"href":"https:\/\/audiobook-24.com\/en\/wp-json\/wp\/v2\/types\/product"}],"replies":[{"embeddable":true,"href":"https:\/\/audiobook-24.com\/en\/wp-json\/wp\/v2\/comments?post=134"}],"wp:featuredmedia":[{"embeddable":true,"href":"https:\/\/audiobook-24.com\/en\/wp-json\/wp\/v2\/media\/135"}],"wp:attachment":[{"href":"https:\/\/audiobook-24.com\/en\/wp-json\/wp\/v2\/media?parent=134"}],"wp:term":[{"taxonomy":"product_brand","embeddable":true,"href":"https:\/\/audiobook-24.com\/en\/wp-json\/wp\/v2\/product_brand?post=134"},{"taxonomy":"product_cat","embeddable":true,"href":"https:\/\/audiobook-24.com\/en\/wp-json\/wp\/v2\/product_cat?post=134"},{"taxonomy":"product_tag","embeddable":true,"href":"https:\/\/audiobook-24.com\/en\/wp-json\/wp\/v2\/product_tag?post=134"}],"curies":[{"name":"wp","href":"https:\/\/api.w.org\/{rel}","templated":true}]}}