{"id":1336,"date":"2025-11-23T19:49:23","date_gmt":"2025-11-23T19:49:23","guid":{"rendered":"https:\/\/audiobook-24.com\/?post_type=product&#038;p=1336"},"modified":"2025-11-23T19:49:23","modified_gmt":"2025-11-23T19:49:23","slug":"%f0%9f%8e%a7-hoerspiel-john-sinclair-156-hoellen-friedhof-%f0%9f%8e%a7","status":"publish","type":"product","link":"https:\/\/audiobook-24.com\/en\/product\/%f0%9f%8e%a7-hoerspiel-john-sinclair-156-hoellen-friedhof-%f0%9f%8e%a7\/","title":{"rendered":"\ud83c\udfa7 H\u00f6rspiel: John Sinclair 156 \u2013 H\u00f6llen-Friedhof \ud83c\udfa7"},"content":{"rendered":"<h6 class=\"sr-only\"><span style=\"font-size: 16px;\">\ud83c\udfa7 <\/span><strong style=\"font-size: 16px;\" data-start=\"3\" data-end=\"54\">H\u00f6rspiel: John Sinclair 156 \u2013 <em data-start=\"35\" data-end=\"52\">H\u00f6llen-Friedhof<\/em><\/strong><span style=\"font-size: 16px;\"> \ud83c\udfa7<\/span><\/h6>\n<div class=\"text-base my-auto mx-auto pb-10 [--thread-content-margin:--spacing(4)] thread-sm:[--thread-content-margin:--spacing(6)] thread-lg:[--thread-content-margin:--spacing(16)] px-(--thread-content-margin)\">\n<div class=\"[--thread-content-max-width:40rem] thread-lg:[--thread-content-max-width:48rem] mx-auto max-w-(--thread-content-max-width) flex-1 group\/turn-messages focus-visible:outline-hidden relative flex w-full min-w-0 flex-col agent-turn\" tabindex=\"-1\">\n<div class=\"flex max-w-full flex-col grow\">\n<div class=\"min-h-8 text-message relative flex w-full flex-col items-end gap-2 text-start break-words whitespace-normal [.text-message+&amp;]:mt-1\" dir=\"auto\" data-message-author-role=\"assistant\" data-message-id=\"b8528c21-3064-4e18-90dd-c8ca3ac07674\" data-message-model-slug=\"gpt-5-1\">\n<div class=\"flex w-full flex-col gap-1 empty:hidden first:pt-[1px]\">\n<div class=\"markdown prose dark:prose-invert w-full break-words light markdown-new-styling\">\n<p data-start=\"61\" data-end=\"355\">\u2620\ufe0f\ud83c\udf11 <strong data-start=\"66\" data-end=\"112\">Der Friedhof, den niemand betreten sollte\u2026<\/strong><br data-start=\"112\" data-end=\"115\" \/>In <em data-start=\"118\" data-end=\"137\">\u201eH\u00f6llen-Friedhof\u201c<\/em> st\u00f6\u00dft John Sinclair auf einen Ort, an dem die Grenze zwischen Diesseits und H\u00f6lle l\u00e4ngst zerbrochen ist. Eine unheilvolle Pr\u00e4senz erhebt sich aus alten Gr\u00e4bern, und die Toten ruhen hier ganz sicher nicht in Frieden.<\/p>\n<p data-start=\"357\" data-end=\"602\">Mysteri\u00f6se Erscheinungen, blutige Rituale und ein uraltes Geheimnis f\u00fchren John tief in die Finsternis eines Ortes, der selbst erfahrene Geisterj\u00e4ger erschaudern l\u00e4sst. Was auf diesem Friedhof lauert, ist nicht nur b\u00f6se \u2013 es ist <strong data-start=\"586\" data-end=\"599\">d\u00e4monisch<\/strong>.<\/p>\n<p data-start=\"604\" data-end=\"696\">\ud83d\udd25 <strong data-start=\"607\" data-end=\"652\">Ein d\u00fcsteres, nervenaufreibendes H\u00f6rspiel<\/strong>, das dich bis zur letzten Minute fesselt!<\/p>\n<hr data-start=\"698\" data-end=\"703\" \/>\n<p data-start=\"705\" data-end=\"835\">\ud83d\udcb3 <strong data-start=\"708\" data-end=\"727\">Nach Bezahlung:<\/strong><br data-start=\"727\" data-end=\"730\" \/>\ud83d\udcbb Sofortiger Download f\u00fcr PC<br data-start=\"759\" data-end=\"762\" \/>\ud83d\udcf1 Sofortiger Download f\u00fcrs Handy<br data-start=\"795\" data-end=\"798\" \/>\ud83d\udda5\ufe0f Sofortiger Download f\u00fcrs Tablet<\/p>\n<p data-start=\"837\" data-end=\"880\" data-is-last-node=\"\" data-is-only-node=\"\">\ud83d\udca5 <strong data-start=\"840\" data-end=\"877\">Einmal gekauft \u2013 f\u00fcr immer deins!<\/strong> \ud83d\udca5<\/p>\n<\/div>\n<\/div>\n<\/div>\n<\/div>\n<\/div>\n<\/div>\n","protected":false},"excerpt":{"rendered":"<p>\ud83c\udfa7 H\u00f6rspiel: John Sinclair 156 \u2013 H\u00f6llen-Friedhof \ud83c\udfa7 \u2620\ufe0f\ud83c\udf11 Der Friedhof, den niemand betreten sollte\u2026In \u201eH\u00f6llen-Friedhof\u201c st\u00f6\u00dft John Sinclair auf einen Ort, an dem die Grenze zwischen Diesseits und H\u00f6lle l\u00e4ngst zerbrochen ist. Eine unheilvolle Pr\u00e4senz erhebt sich aus alten Gr\u00e4bern, und die Toten ruhen hier ganz sicher nicht in Frieden. Mysteri\u00f6se Erscheinungen, blutige Rituale [&hellip;]<\/p>\n","protected":false},"featured_media":1337,"comment_status":"open","ping_status":"closed","template":"","meta":[],"product_brand":[],"product_cat":[31],"product_tag":[],"class_list":{"0":"post-1336","1":"product","2":"type-product","3":"status-publish","4":"has-post-thumbnail","6":"product_cat-john-sinclair","8":"first","9":"instock","10":"sale","11":"virtual","12":"purchasable","13":"product-type-simple"},"jetpack_sharing_enabled":true,"_links":{"self":[{"href":"https:\/\/audiobook-24.com\/en\/wp-json\/wp\/v2\/product\/1336","targetHints":{"allow":["GET"]}}],"collection":[{"href":"https:\/\/audiobook-24.com\/en\/wp-json\/wp\/v2\/product"}],"about":[{"href":"https:\/\/audiobook-24.com\/en\/wp-json\/wp\/v2\/types\/product"}],"replies":[{"embeddable":true,"href":"https:\/\/audiobook-24.com\/en\/wp-json\/wp\/v2\/comments?post=1336"}],"wp:featuredmedia":[{"embeddable":true,"href":"https:\/\/audiobook-24.com\/en\/wp-json\/wp\/v2\/media\/1337"}],"wp:attachment":[{"href":"https:\/\/audiobook-24.com\/en\/wp-json\/wp\/v2\/media?parent=1336"}],"wp:term":[{"taxonomy":"product_brand","embeddable":true,"href":"https:\/\/audiobook-24.com\/en\/wp-json\/wp\/v2\/product_brand?post=1336"},{"taxonomy":"product_cat","embeddable":true,"href":"https:\/\/audiobook-24.com\/en\/wp-json\/wp\/v2\/product_cat?post=1336"},{"taxonomy":"product_tag","embeddable":true,"href":"https:\/\/audiobook-24.com\/en\/wp-json\/wp\/v2\/product_tag?post=1336"}],"curies":[{"name":"wp","href":"https:\/\/api.w.org\/{rel}","templated":true}]}}