{"id":1330,"date":"2025-11-23T18:33:33","date_gmt":"2025-11-23T18:33:33","guid":{"rendered":"https:\/\/audiobook-24.com\/?post_type=product&#038;p=1330"},"modified":"2025-11-23T18:33:34","modified_gmt":"2025-11-23T18:33:34","slug":"%f0%9f%8e%a7-hoerspiel-john-sinclair-161-jenseits-melodie-%f0%9f%8e%a7","status":"publish","type":"product","link":"https:\/\/audiobook-24.com\/en\/product\/%f0%9f%8e%a7-hoerspiel-john-sinclair-161-jenseits-melodie-%f0%9f%8e%a7\/","title":{"rendered":"\ud83c\udfa7 H\u00f6rspiel: John Sinclair 161 \u2013 Jenseits-Melodie \ud83c\udfa7"},"content":{"rendered":"<p data-start=\"0\" data-end=\"60\">\ud83c\udfa7 <strong data-start=\"3\" data-end=\"55\">H\u00f6rspiel: John Sinclair 161 \u2013 <em data-start=\"35\" data-end=\"53\">Jenseits-Melodie<\/em><\/strong> \ud83c\udfa7<\/p>\n<p data-start=\"62\" data-end=\"437\">\ud83c\udfbc\ud83d\udc7b <strong data-start=\"67\" data-end=\"143\">Eine unheimliche Melodie. T\u00f6dliche Kr\u00e4fte. Und ein Ruf aus dem Jenseits.<\/strong><br data-start=\"143\" data-end=\"146\" \/>In <em data-start=\"149\" data-end=\"169\">\u201eJenseits-Melodie\u201c<\/em> wird John Sinclair mit einer r\u00e4tselhaften musikalischen Erscheinung konfrontiert: Eine Melodie, die aus dem Nichts erklingt \u2013 und jeden, der sie h\u00f6rt, in Angst, Wahn oder den Tod treibt. Hinter den Kl\u00e4ngen verbirgt sich ein dunkles Geheimnis aus einer anderen Welt.<\/p>\n<p data-start=\"439\" data-end=\"790\">\ud83d\udd75\ufe0f\u200d\u2642\ufe0f John folgt den Spuren der unheilvollen Musik und st\u00f6\u00dft auf <strong data-start=\"505\" data-end=\"590\">b\u00f6se M\u00e4chte, okkulte Praktiken und eine d\u00fcstere Verbindung zwischen Leben und Tod<\/strong>, die weit gef\u00e4hrlicher ist, als es zun\u00e4chst scheint.<br data-start=\"643\" data-end=\"646\" \/>Mit seinem Kreuz, Mut und unersch\u00fctterlicher Willenskraft stellt er sich der Macht des Jenseits und dem Ursprung der verh\u00e4ngnisvollen Melodie.<\/p>\n<p data-start=\"792\" data-end=\"922\">\ud83d\udd2e <strong data-start=\"795\" data-end=\"840\">Ein intensives, mystisches Horrorh\u00f6rspiel<\/strong>, das G\u00e4nsehaut, Spannung und klassische Sinclair-D\u00fcsternis meisterhaft vereint.<\/p>\n<hr data-start=\"924\" data-end=\"927\" \/>\n<p data-start=\"929\" data-end=\"1059\">\ud83d\udcb3 <strong data-start=\"932\" data-end=\"951\">Nach Bezahlung:<\/strong><br data-start=\"951\" data-end=\"954\" \/>\ud83d\udcbb Sofortiger Download f\u00fcr PC<br data-start=\"983\" data-end=\"986\" \/>\ud83d\udcf1 Sofortiger Download f\u00fcrs Handy<br data-start=\"1019\" data-end=\"1022\" \/>\ud83d\udda5\ufe0f Sofortiger Download f\u00fcrs Tablet<\/p>\n<p data-start=\"1061\" data-end=\"1104\" data-is-last-node=\"\" data-is-only-node=\"\">\ud83d\udca5 <strong data-start=\"1064\" data-end=\"1101\">Einmal gekauft \u2013 f\u00fcr immer deins!<\/strong> \ud83d\udca5<\/p>","protected":false},"excerpt":{"rendered":"<p>\ud83c\udfa7 H\u00f6rspiel: John Sinclair 161 \u2013 Jenseits-Melodie \ud83c\udfa7 \ud83c\udfbc\ud83d\udc7b Eine unheimliche Melodie. T\u00f6dliche Kr\u00e4fte. Und ein Ruf aus dem Jenseits.In \u201eJenseits-Melodie\u201c wird John Sinclair mit einer r\u00e4tselhaften musikalischen Erscheinung konfrontiert: Eine Melodie, die aus dem Nichts erklingt \u2013 und jeden, der sie h\u00f6rt, in Angst, Wahn oder den Tod treibt. Hinter den Kl\u00e4ngen verbirgt sich [&hellip;]<\/p>\n","protected":false},"featured_media":1331,"comment_status":"open","ping_status":"closed","template":"","meta":[],"product_brand":[],"product_cat":[31],"product_tag":[],"class_list":{"0":"post-1330","1":"product","2":"type-product","3":"status-publish","4":"has-post-thumbnail","6":"product_cat-john-sinclair","8":"first","9":"instock","10":"sale","11":"shipping-taxable","12":"purchasable","13":"product-type-simple"},"jetpack_sharing_enabled":true,"_links":{"self":[{"href":"https:\/\/audiobook-24.com\/en\/wp-json\/wp\/v2\/product\/1330","targetHints":{"allow":["GET"]}}],"collection":[{"href":"https:\/\/audiobook-24.com\/en\/wp-json\/wp\/v2\/product"}],"about":[{"href":"https:\/\/audiobook-24.com\/en\/wp-json\/wp\/v2\/types\/product"}],"replies":[{"embeddable":true,"href":"https:\/\/audiobook-24.com\/en\/wp-json\/wp\/v2\/comments?post=1330"}],"wp:featuredmedia":[{"embeddable":true,"href":"https:\/\/audiobook-24.com\/en\/wp-json\/wp\/v2\/media\/1331"}],"wp:attachment":[{"href":"https:\/\/audiobook-24.com\/en\/wp-json\/wp\/v2\/media?parent=1330"}],"wp:term":[{"taxonomy":"product_brand","embeddable":true,"href":"https:\/\/audiobook-24.com\/en\/wp-json\/wp\/v2\/product_brand?post=1330"},{"taxonomy":"product_cat","embeddable":true,"href":"https:\/\/audiobook-24.com\/en\/wp-json\/wp\/v2\/product_cat?post=1330"},{"taxonomy":"product_tag","embeddable":true,"href":"https:\/\/audiobook-24.com\/en\/wp-json\/wp\/v2\/product_tag?post=1330"}],"curies":[{"name":"wp","href":"https:\/\/api.w.org\/{rel}","templated":true}]}}