{"id":1328,"date":"2025-11-23T18:31:09","date_gmt":"2025-11-23T18:31:09","guid":{"rendered":"https:\/\/audiobook-24.com\/?post_type=product&#038;p=1328"},"modified":"2025-11-23T18:31:10","modified_gmt":"2025-11-23T18:31:10","slug":"%f0%9f%8e%a7-hoerspiel-john-sinclair-162-das-vampir-internat-%f0%9f%8e%a7","status":"publish","type":"product","link":"https:\/\/audiobook-24.com\/en\/product\/%f0%9f%8e%a7-hoerspiel-john-sinclair-162-das-vampir-internat-%f0%9f%8e%a7\/","title":{"rendered":"\ud83c\udfa7 H\u00f6rspiel: John Sinclair 162 \u2013 Das Vampir-Internat \ud83c\udfa7"},"content":{"rendered":"<p data-start=\"0\" data-end=\"63\">\ud83c\udfa7 <strong data-start=\"3\" data-end=\"58\">H\u00f6rspiel: John Sinclair 162 \u2013 <em data-start=\"35\" data-end=\"56\">Das Vampir-Internat<\/em><\/strong> \ud83c\udfa7<\/p>\n<p data-start=\"65\" data-end=\"458\">\ud83c\udfeb\ud83e\ude78 <strong data-start=\"70\" data-end=\"166\">Ein verborgenes Internat. Blutige Geheimnisse. Und ein Albtraum hinter verschlossenen T\u00fcren.<\/strong><br data-start=\"166\" data-end=\"169\" \/>In <em data-start=\"172\" data-end=\"195\">\u201eDas Vampir-Internat\u201c<\/em> st\u00f6\u00dft John Sinclair auf eine Einrichtung, die nach au\u00dfen elit\u00e4r und vornehm wirkt \u2013 doch im Inneren lauert das pure Grauen. Sch\u00fcler verschwinden spurlos, seltsame Rituale finden statt, und die Mauern des Internats scheinen ein eigenes d\u00fcsteres Leben zu f\u00fchren.<\/p>\n<p data-start=\"460\" data-end=\"745\">\ud83d\udd75\ufe0f\u200d\u2642\ufe0f John ermittelt undercover und entdeckt <strong data-start=\"506\" data-end=\"579\">ein Netz aus Vampiren, dunklen Machenschaften und einer uralten Macht<\/strong>, die im Verborgenen regiert.<br data-start=\"608\" data-end=\"611\" \/>Mit Mut, seinem Kreuz und unnachgiebiger Entschlossenheit stellt er sich den blutigen Schatten, die im Internat ihr Unwesen treiben.<\/p>\n<p data-start=\"747\" data-end=\"890\">\ud83d\udd2e <strong data-start=\"750\" data-end=\"793\">Ein spannendes, d\u00fcsteres Horrorh\u00f6rspiel<\/strong>, das klassische Sinclair-Atmosph\u00e4re, G\u00e4nsehaut und \u00fcbernat\u00fcrliche Bedrohungen perfekt vereint.<\/p>\n<p data-start=\"747\" data-end=\"890\">\n<p data-start=\"897\" data-end=\"1027\">\ud83d\udcb3 <strong data-start=\"900\" data-end=\"919\">Nach Bezahlung:<\/strong><br data-start=\"919\" data-end=\"922\" \/>\ud83d\udcbb Sofortiger Download f\u00fcr PC<br data-start=\"951\" data-end=\"954\" \/>\ud83d\udcf1 Sofortiger Download f\u00fcrs Handy<br data-start=\"987\" data-end=\"990\" \/>\ud83d\udda5\ufe0f Sofortiger Download f\u00fcrs Tablet<\/p>\n<p data-start=\"1029\" data-end=\"1072\" data-is-last-node=\"\" data-is-only-node=\"\">\ud83d\udca5 <strong data-start=\"1032\" data-end=\"1069\">Einmal gekauft \u2013 f\u00fcr immer deins!<\/strong> \ud83d\udca5<\/p>","protected":false},"excerpt":{"rendered":"<p>\ud83c\udfa7 H\u00f6rspiel: John Sinclair 162 \u2013 Das Vampir-Internat \ud83c\udfa7 \ud83c\udfeb\ud83e\ude78 Ein verborgenes Internat. Blutige Geheimnisse. Und ein Albtraum hinter verschlossenen T\u00fcren.In \u201eDas Vampir-Internat\u201c st\u00f6\u00dft John Sinclair auf eine Einrichtung, die nach au\u00dfen elit\u00e4r und vornehm wirkt \u2013 doch im Inneren lauert das pure Grauen. Sch\u00fcler verschwinden spurlos, seltsame Rituale finden statt, und die Mauern des [&hellip;]<\/p>\n","protected":false},"featured_media":1329,"comment_status":"open","ping_status":"closed","template":"","meta":[],"product_brand":[],"product_cat":[31],"product_tag":[],"class_list":{"0":"post-1328","1":"product","2":"type-product","3":"status-publish","4":"has-post-thumbnail","6":"product_cat-john-sinclair","8":"first","9":"instock","10":"sale","11":"virtual","12":"purchasable","13":"product-type-simple"},"jetpack_sharing_enabled":true,"_links":{"self":[{"href":"https:\/\/audiobook-24.com\/en\/wp-json\/wp\/v2\/product\/1328","targetHints":{"allow":["GET"]}}],"collection":[{"href":"https:\/\/audiobook-24.com\/en\/wp-json\/wp\/v2\/product"}],"about":[{"href":"https:\/\/audiobook-24.com\/en\/wp-json\/wp\/v2\/types\/product"}],"replies":[{"embeddable":true,"href":"https:\/\/audiobook-24.com\/en\/wp-json\/wp\/v2\/comments?post=1328"}],"wp:featuredmedia":[{"embeddable":true,"href":"https:\/\/audiobook-24.com\/en\/wp-json\/wp\/v2\/media\/1329"}],"wp:attachment":[{"href":"https:\/\/audiobook-24.com\/en\/wp-json\/wp\/v2\/media?parent=1328"}],"wp:term":[{"taxonomy":"product_brand","embeddable":true,"href":"https:\/\/audiobook-24.com\/en\/wp-json\/wp\/v2\/product_brand?post=1328"},{"taxonomy":"product_cat","embeddable":true,"href":"https:\/\/audiobook-24.com\/en\/wp-json\/wp\/v2\/product_cat?post=1328"},{"taxonomy":"product_tag","embeddable":true,"href":"https:\/\/audiobook-24.com\/en\/wp-json\/wp\/v2\/product_tag?post=1328"}],"curies":[{"name":"wp","href":"https:\/\/api.w.org\/{rel}","templated":true}]}}