{"id":1326,"date":"2025-11-23T18:26:20","date_gmt":"2025-11-23T18:26:20","guid":{"rendered":"https:\/\/audiobook-24.com\/?post_type=product&#038;p=1326"},"modified":"2025-11-23T18:26:20","modified_gmt":"2025-11-23T18:26:20","slug":"%f0%9f%8e%a7-hoerspiel-john-sinclair-classics-der-albtraum-friedhof-%f0%9f%8e%a7","status":"publish","type":"product","link":"https:\/\/audiobook-24.com\/en\/product\/%f0%9f%8e%a7-hoerspiel-john-sinclair-classics-der-albtraum-friedhof-%f0%9f%8e%a7\/","title":{"rendered":"\ud83c\udfa7 H\u00f6rspiel: John Sinclair Classics \u2013 Der Albtraum-Friedhof \ud83c\udfa7"},"content":{"rendered":"<p data-start=\"0\" data-end=\"70\">\ud83c\udfa7 <strong data-start=\"3\" data-end=\"65\">H\u00f6rspiel: John Sinclair Classics \u2013 <em data-start=\"40\" data-end=\"63\">Der Albtraum-Friedhof<\/em><\/strong> \ud83c\udfa7<\/p>\n<p data-start=\"72\" data-end=\"448\">\ud83e\udea6 <strong data-start=\"75\" data-end=\"164\">Ein verfluchter Ort. Schatten aus der H\u00f6lle. Und ein Albtraum, der zum Leben erwacht.<\/strong><br data-start=\"164\" data-end=\"167\" \/>In <em data-start=\"170\" data-end=\"195\">\u201eDer Albtraum-Friedhof\u201c<\/em> wird John Sinclair zu einem der unheimlichsten F\u00e4lle seiner Laufbahn gerufen: Ein alter Friedhof, auf dem die Toten keine Ruhe finden. N\u00e4chtliche Erscheinungen, geisterhafte Stimmen und grausame Angriffe versetzen die Umgebung in Angst und Schrecken.<\/p>\n<p data-start=\"450\" data-end=\"801\">\ud83d\udd75\ufe0f\u200d\u2642\ufe0f John Sinclair untersucht die d\u00fcsteren Vorg\u00e4nge und st\u00f6\u00dft auf <strong data-start=\"518\" data-end=\"579\">vergessene Rituale, ruhelose Geister und ein uraltes B\u00f6se<\/strong>, das auf dem Friedhof erwacht ist.<br data-start=\"614\" data-end=\"617\" \/>Mit seinem Mut, seinem Kreuz und unersch\u00fctterlichem Kampfgeist stellt er sich der Bedrohung aus der Welt der Schatten \u2013 und dringt tief in den Albtraum hinein, um das B\u00f6se zu bannen.<\/p>\n<p data-start=\"803\" data-end=\"934\">\ud83d\udd2e <strong data-start=\"806\" data-end=\"856\">Ein intensives, atmosph\u00e4risches Horrorh\u00f6rspiel<\/strong>, das G\u00e4nsehaut, Spannung und klassische Sinclair-D\u00fcsternis perfekt vereint.<\/p>\n<hr data-start=\"936\" data-end=\"939\" \/>\n<p data-start=\"941\" data-end=\"1071\">\ud83d\udcb3 <strong data-start=\"944\" data-end=\"963\">Nach Bezahlung:<\/strong><br data-start=\"963\" data-end=\"966\" \/>\ud83d\udcbb Sofortiger Download f\u00fcr PC<br data-start=\"995\" data-end=\"998\" \/>\ud83d\udcf1 Sofortiger Download f\u00fcrs Handy<br data-start=\"1031\" data-end=\"1034\" \/>\ud83d\udda5\ufe0f Sofortiger Download f\u00fcrs Tablet<\/p>\n<p data-start=\"1073\" data-end=\"1116\" data-is-last-node=\"\" data-is-only-node=\"\">\ud83d\udca5 <strong data-start=\"1076\" data-end=\"1113\">Einmal gekauft \u2013 f\u00fcr immer deins!<\/strong> \ud83d\udca5<\/p>","protected":false},"excerpt":{"rendered":"<p>\ud83c\udfa7 H\u00f6rspiel: John Sinclair Classics \u2013 Der Albtraum-Friedhof \ud83c\udfa7 \ud83e\udea6 Ein verfluchter Ort. Schatten aus der H\u00f6lle. Und ein Albtraum, der zum Leben erwacht.In \u201eDer Albtraum-Friedhof\u201c wird John Sinclair zu einem der unheimlichsten F\u00e4lle seiner Laufbahn gerufen: Ein alter Friedhof, auf dem die Toten keine Ruhe finden. N\u00e4chtliche Erscheinungen, geisterhafte Stimmen und grausame Angriffe versetzen [&hellip;]<\/p>\n","protected":false},"featured_media":1327,"comment_status":"open","ping_status":"closed","template":"","meta":[],"product_brand":[],"product_cat":[31],"product_tag":[],"class_list":{"0":"post-1326","1":"product","2":"type-product","3":"status-publish","4":"has-post-thumbnail","6":"product_cat-john-sinclair","8":"first","9":"instock","10":"sale","11":"virtual","12":"purchasable","13":"product-type-simple"},"jetpack_sharing_enabled":true,"_links":{"self":[{"href":"https:\/\/audiobook-24.com\/en\/wp-json\/wp\/v2\/product\/1326","targetHints":{"allow":["GET"]}}],"collection":[{"href":"https:\/\/audiobook-24.com\/en\/wp-json\/wp\/v2\/product"}],"about":[{"href":"https:\/\/audiobook-24.com\/en\/wp-json\/wp\/v2\/types\/product"}],"replies":[{"embeddable":true,"href":"https:\/\/audiobook-24.com\/en\/wp-json\/wp\/v2\/comments?post=1326"}],"wp:featuredmedia":[{"embeddable":true,"href":"https:\/\/audiobook-24.com\/en\/wp-json\/wp\/v2\/media\/1327"}],"wp:attachment":[{"href":"https:\/\/audiobook-24.com\/en\/wp-json\/wp\/v2\/media?parent=1326"}],"wp:term":[{"taxonomy":"product_brand","embeddable":true,"href":"https:\/\/audiobook-24.com\/en\/wp-json\/wp\/v2\/product_brand?post=1326"},{"taxonomy":"product_cat","embeddable":true,"href":"https:\/\/audiobook-24.com\/en\/wp-json\/wp\/v2\/product_cat?post=1326"},{"taxonomy":"product_tag","embeddable":true,"href":"https:\/\/audiobook-24.com\/en\/wp-json\/wp\/v2\/product_tag?post=1326"}],"curies":[{"name":"wp","href":"https:\/\/api.w.org\/{rel}","templated":true}]}}