{"id":1324,"date":"2025-11-23T18:11:59","date_gmt":"2025-11-23T18:11:59","guid":{"rendered":"https:\/\/audiobook-24.com\/?post_type=product&#038;p=1324"},"modified":"2025-11-23T18:11:59","modified_gmt":"2025-11-23T18:11:59","slug":"%f0%9f%8e%a7-hoerspiel-john-sinclair-se-13-der-unheimliche-von-dartmoor-%f0%9f%8e%a7","status":"publish","type":"product","link":"https:\/\/audiobook-24.com\/en\/product\/%f0%9f%8e%a7-hoerspiel-john-sinclair-se-13-der-unheimliche-von-dartmoor-%f0%9f%8e%a7\/","title":{"rendered":"\ud83c\udfa7 H\u00f6rspiel: John Sinclair SE 13 \u2013 Der unheimliche von Dartmoor \ud83c\udfa7"},"content":{"rendered":"<p data-start=\"0\" data-end=\"74\">\ud83c\udfa7 <strong data-start=\"3\" data-end=\"69\">H\u00f6rspiel: John Sinclair SE 13 \u2013 <em data-start=\"37\" data-end=\"67\">Der unheimliche von Dartmoor<\/em><\/strong> \ud83c\udfa7<\/p>\n<p data-start=\"76\" data-end=\"465\">\ud83c\udf2b\ufe0f <strong data-start=\"80\" data-end=\"169\">Neblige Moore. Unheimliche Erscheinungen. Und ein Fall, der das Blut gefrieren l\u00e4sst.<\/strong><br data-start=\"169\" data-end=\"172\" \/>In <em data-start=\"175\" data-end=\"207\">\u201eDer unheimliche von Dartmoor\u201c<\/em> wird John Sinclair in die d\u00fcsteren Weiten des Dartmoor gerufen, wo eine Reihe mysteri\u00f6ser Vorf\u00e4lle die Bewohner in Angst und Schrecken versetzt. Dunkle Gestalten, geisterhafte Schreie und ein uraltes Geheimnis werfen ihre Schatten \u00fcber die Moorlandschaft.<\/p>\n<p data-start=\"467\" data-end=\"796\">\ud83d\udd75\ufe0f\u200d\u2642\ufe0f John Sinclair taucht tief in die Legenden des Moors ein und entdeckt <strong data-start=\"543\" data-end=\"602\">verborgene Wahrheiten, dunkle M\u00e4chte und eine Bedrohung<\/strong>, die weit gr\u00f6\u00dfer ist, als es zun\u00e4chst scheint.<br data-start=\"649\" data-end=\"652\" \/>Mit Mut, Entschlossenheit und seinem unersch\u00fctterlichen Willen stellt er sich dem Horror von Dartmoor und deckt das unheimliche Geheimnis auf.<\/p>\n<p data-start=\"798\" data-end=\"913\">\ud83d\udd2e <strong data-start=\"801\" data-end=\"849\">Ein atmosph\u00e4risches, d\u00fcsteres Horrorh\u00f6rspiel<\/strong>, das Spannung, \u00dcbernat\u00fcrliches und G\u00e4nsehaut perfekt vereint.<\/p>\n<hr data-start=\"915\" data-end=\"918\" \/>\n<p data-start=\"920\" data-end=\"1050\">\ud83d\udcb3 <strong data-start=\"923\" data-end=\"942\">Nach Bezahlung:<\/strong><br data-start=\"942\" data-end=\"945\" \/>\ud83d\udcbb Sofortiger Download f\u00fcr PC<br data-start=\"974\" data-end=\"977\" \/>\ud83d\udcf1 Sofortiger Download f\u00fcrs Handy<br data-start=\"1010\" data-end=\"1013\" \/>\ud83d\udda5\ufe0f Sofortiger Download f\u00fcrs Tablet<\/p>\n<p data-start=\"1052\" data-end=\"1095\" data-is-last-node=\"\" data-is-only-node=\"\">\ud83d\udca5 <strong data-start=\"1055\" data-end=\"1092\">Einmal gekauft \u2013 f\u00fcr immer deins!<\/strong> \ud83d\udca5<\/p>","protected":false},"excerpt":{"rendered":"<p>\ud83c\udfa7 H\u00f6rspiel: John Sinclair SE 13 \u2013 Der unheimliche von Dartmoor \ud83c\udfa7 \ud83c\udf2b\ufe0f Neblige Moore. Unheimliche Erscheinungen. Und ein Fall, der das Blut gefrieren l\u00e4sst.In \u201eDer unheimliche von Dartmoor\u201c wird John Sinclair in die d\u00fcsteren Weiten des Dartmoor gerufen, wo eine Reihe mysteri\u00f6ser Vorf\u00e4lle die Bewohner in Angst und Schrecken versetzt. Dunkle Gestalten, geisterhafte Schreie [&hellip;]<\/p>\n","protected":false},"featured_media":1325,"comment_status":"open","ping_status":"closed","template":"","meta":[],"product_brand":[],"product_cat":[31],"product_tag":[],"class_list":{"0":"post-1324","1":"product","2":"type-product","3":"status-publish","4":"has-post-thumbnail","6":"product_cat-john-sinclair","8":"first","9":"instock","10":"sale","11":"virtual","12":"purchasable","13":"product-type-simple"},"jetpack_sharing_enabled":true,"_links":{"self":[{"href":"https:\/\/audiobook-24.com\/en\/wp-json\/wp\/v2\/product\/1324","targetHints":{"allow":["GET"]}}],"collection":[{"href":"https:\/\/audiobook-24.com\/en\/wp-json\/wp\/v2\/product"}],"about":[{"href":"https:\/\/audiobook-24.com\/en\/wp-json\/wp\/v2\/types\/product"}],"replies":[{"embeddable":true,"href":"https:\/\/audiobook-24.com\/en\/wp-json\/wp\/v2\/comments?post=1324"}],"wp:featuredmedia":[{"embeddable":true,"href":"https:\/\/audiobook-24.com\/en\/wp-json\/wp\/v2\/media\/1325"}],"wp:attachment":[{"href":"https:\/\/audiobook-24.com\/en\/wp-json\/wp\/v2\/media?parent=1324"}],"wp:term":[{"taxonomy":"product_brand","embeddable":true,"href":"https:\/\/audiobook-24.com\/en\/wp-json\/wp\/v2\/product_brand?post=1324"},{"taxonomy":"product_cat","embeddable":true,"href":"https:\/\/audiobook-24.com\/en\/wp-json\/wp\/v2\/product_cat?post=1324"},{"taxonomy":"product_tag","embeddable":true,"href":"https:\/\/audiobook-24.com\/en\/wp-json\/wp\/v2\/product_tag?post=1324"}],"curies":[{"name":"wp","href":"https:\/\/api.w.org\/{rel}","templated":true}]}}