{"id":132,"date":"2025-11-14T17:01:55","date_gmt":"2025-11-14T17:01:55","guid":{"rendered":"https:\/\/audiobook-24.com\/?post_type=product&#038;p=132"},"modified":"2025-11-14T17:01:55","modified_gmt":"2025-11-14T17:01:55","slug":"hoerbuch-insel-krimi-04-todesfalle-fehmarn","status":"publish","type":"product","link":"https:\/\/audiobook-24.com\/en\/product\/hoerbuch-insel-krimi-04-todesfalle-fehmarn\/","title":{"rendered":"H\u00f6rbuch: Insel-Krimi 04 \u2013 &#8222;Todesfalle Fehmarn&#8220;"},"content":{"rendered":"<h3 class=\"\">H\u00f6rbuch: Insel-Krimi 04 \u2013 &#8222;Todesfalle Fehmarn&#8220;<\/h3>\n<p class=\"\"><strong>&#8222;Todesfalle Fehmarn&#8220;<\/strong>\u00a0ist der vierte Teil der beliebten Insel-Krimi-Reihe, der die Zuh\u00f6rer erneut in die faszinierende und zugleich gef\u00e4hrliche Welt der Ostsee-Insel Fehmarn entf\u00fchrt.<\/p>\n<p>Handlung<\/p>\n<p class=\"\">In diesem spannenden Krimi geht es um:<\/p>\n<ul class=\"\">\n<li class=\"\"><strong>Ein mysteri\u00f6ser Mordfall auf der Insel<\/strong><\/li>\n<li class=\"\"><strong>Die Ermittlungen unter dem Druck der engen Gemeinschaft<\/strong><\/li>\n<li class=\"\"><strong>Geheime Verbindungen und \u00fcberraschende Wendungen<\/strong><\/li>\n<\/ul>\n<p class=\"\">Die Kombination aus malerischer Kulisse und packender Erz\u00e4hlung macht das H\u00f6rbuch zu einem fesselnden Erlebnis.<\/p>\n<p>Spieldauer<\/p>\n<p class=\"\">Die Gesamtl\u00e4nge des H\u00f6rbuchs betr\u00e4gt\u00a0<strong>ca. 5 Stunden und 45 Minuten<\/strong>.<\/p>\n<hr \/>\n<p class=\"\">\ud83d\udcb3\u00a0<strong>Nach der Bezahlung bekommen Sie sofort den Downloadlink von uns und k\u00f6nnen Ihr H\u00f6rspiel auf Handy, Tablet, MP3-Player oder PC genie\u00dfen.<\/strong><\/p>\n<p class=\"\">\ud83d\udcf1 Handy\u2003|\u2003\ud83d\udcf2 Tablet\u2003|\u2003\ud83c\udfa7 MP3-Player\u2003|\u2003\ud83d\udcbb PC<\/p>","protected":false},"excerpt":{"rendered":"<p>H\u00f6rbuch: Insel-Krimi 04 \u2013 &#8222;Todesfalle Fehmarn&#8220; &#8222;Todesfalle Fehmarn&#8220;\u00a0ist der vierte Teil der beliebten Insel-Krimi-Reihe, der die Zuh\u00f6rer erneut in die faszinierende und zugleich gef\u00e4hrliche Welt der Ostsee-Insel Fehmarn entf\u00fchrt. Handlung In diesem spannenden Krimi geht es um: Ein mysteri\u00f6ser Mordfall auf der Insel Die Ermittlungen unter dem Druck der engen Gemeinschaft Geheime Verbindungen und \u00fcberraschende [&hellip;]<\/p>\n","protected":false},"featured_media":133,"comment_status":"open","ping_status":"closed","template":"","meta":[],"product_brand":[],"product_cat":[19],"product_tag":[],"class_list":{"0":"post-132","1":"product","2":"type-product","3":"status-publish","4":"has-post-thumbnail","6":"product_cat-hoerbuecher","8":"first","9":"instock","10":"sale","11":"virtual","12":"purchasable","13":"product-type-simple"},"jetpack_sharing_enabled":true,"_links":{"self":[{"href":"https:\/\/audiobook-24.com\/en\/wp-json\/wp\/v2\/product\/132","targetHints":{"allow":["GET"]}}],"collection":[{"href":"https:\/\/audiobook-24.com\/en\/wp-json\/wp\/v2\/product"}],"about":[{"href":"https:\/\/audiobook-24.com\/en\/wp-json\/wp\/v2\/types\/product"}],"replies":[{"embeddable":true,"href":"https:\/\/audiobook-24.com\/en\/wp-json\/wp\/v2\/comments?post=132"}],"wp:featuredmedia":[{"embeddable":true,"href":"https:\/\/audiobook-24.com\/en\/wp-json\/wp\/v2\/media\/133"}],"wp:attachment":[{"href":"https:\/\/audiobook-24.com\/en\/wp-json\/wp\/v2\/media?parent=132"}],"wp:term":[{"taxonomy":"product_brand","embeddable":true,"href":"https:\/\/audiobook-24.com\/en\/wp-json\/wp\/v2\/product_brand?post=132"},{"taxonomy":"product_cat","embeddable":true,"href":"https:\/\/audiobook-24.com\/en\/wp-json\/wp\/v2\/product_cat?post=132"},{"taxonomy":"product_tag","embeddable":true,"href":"https:\/\/audiobook-24.com\/en\/wp-json\/wp\/v2\/product_tag?post=132"}],"curies":[{"name":"wp","href":"https:\/\/api.w.org\/{rel}","templated":true}]}}