{"id":1315,"date":"2025-11-22T22:41:57","date_gmt":"2025-11-22T22:41:57","guid":{"rendered":"https:\/\/audiobook-24.com\/?post_type=product&#038;p=1315"},"modified":"2025-11-22T22:41:57","modified_gmt":"2025-11-22T22:41:57","slug":"%f0%9f%8e%a7-hoerspiel-die-drei-fragezeichen-folge-048-die-gefaehrlichen-faesser-%f0%9f%8e%a7","status":"publish","type":"product","link":"https:\/\/audiobook-24.com\/en\/product\/%f0%9f%8e%a7-hoerspiel-die-drei-fragezeichen-folge-048-die-gefaehrlichen-faesser-%f0%9f%8e%a7\/","title":{"rendered":"\ud83c\udfa7 H\u00f6rspiel: Die Drei Fragezeichen \u2013 Folge 048: Die gef\u00e4hrlichen F\u00e4sser \ud83c\udfa7"},"content":{"rendered":"<p data-start=\"0\" data-end=\"82\">\ud83c\udfa7 <strong data-start=\"3\" data-end=\"77\">H\u00f6rspiel: Die Drei Fragezeichen \u2013 <em data-start=\"39\" data-end=\"75\">Folge 048: Die gef\u00e4hrlichen F\u00e4sser<\/em><\/strong> \ud83c\udfa7<\/p>\n<p data-start=\"84\" data-end=\"446\">\ud83d\udee2\ufe0f <strong data-start=\"88\" data-end=\"170\">Gef\u00e4hrliche F\u00e4sser. Geheimnisvolle Vorkommnisse. Und ein Fall voller Spannung.<\/strong><br data-start=\"170\" data-end=\"173\" \/>In <em data-start=\"176\" data-end=\"203\">\u201eDie gef\u00e4hrlichen F\u00e4sser\u201c<\/em> geraten Justus, Peter und Bob in ein aufregendes Abenteuer, als in Rocky Beach mysteri\u00f6se F\u00e4sser auftauchen, die scheinbar unheimliche Auswirkungen auf die Umgebung haben. Schnell wird klar: Hier steckt ein raffiniertes Verbrechen dahinter.<\/p>\n<p data-start=\"448\" data-end=\"779\">\ud83d\udd75\ufe0f\u200d\u2642\ufe0f Die Drei Fragezeichen nehmen die Ermittlungen auf und entdecken <strong data-start=\"519\" data-end=\"591\">versteckte Hinweise, riskante Zusammenh\u00e4nge und einen cleveren T\u00e4ter<\/strong>, der alles daran setzt, seine Machenschaften zu verschleiern.<br data-start=\"653\" data-end=\"656\" \/>Mit Scharfsinn, Mut und Teamarbeit decken sie Schritt f\u00fcr Schritt die Wahrheit auf und bringen den \u00dcbelt\u00e4ter zur Strecke.<\/p>\n<p data-start=\"781\" data-end=\"908\">\ud83d\udd0d <strong data-start=\"784\" data-end=\"829\">Ein spannender, atmosph\u00e4rischer Klassiker<\/strong>, der Abenteuer, R\u00e4tsel und typische Drei-???-Detektivarbeit perfekt vereint.<\/p>\n<hr data-start=\"910\" data-end=\"913\" \/>\n<p data-start=\"915\" data-end=\"1045\">\ud83d\udcb3 <strong data-start=\"918\" data-end=\"937\">Nach Bezahlung:<\/strong><br data-start=\"937\" data-end=\"940\" \/>\ud83d\udcbb Sofortiger Download f\u00fcr PC<br data-start=\"969\" data-end=\"972\" \/>\ud83d\udcf1 Sofortiger Download f\u00fcrs Handy<br data-start=\"1005\" data-end=\"1008\" \/>\ud83d\udda5\ufe0f Sofortiger Download f\u00fcrs Tablet<\/p>\n<p data-start=\"1047\" data-end=\"1090\" data-is-last-node=\"\" data-is-only-node=\"\">\ud83d\udca5 <strong data-start=\"1050\" data-end=\"1087\">Einmal gekauft \u2013 f\u00fcr immer deins!<\/strong> \ud83d\udca5<\/p>","protected":false},"excerpt":{"rendered":"<p>\ud83c\udfa7 H\u00f6rspiel: Die Drei Fragezeichen \u2013 Folge 048: Die gef\u00e4hrlichen F\u00e4sser \ud83c\udfa7 \ud83d\udee2\ufe0f Gef\u00e4hrliche F\u00e4sser. Geheimnisvolle Vorkommnisse. Und ein Fall voller Spannung.In \u201eDie gef\u00e4hrlichen F\u00e4sser\u201c geraten Justus, Peter und Bob in ein aufregendes Abenteuer, als in Rocky Beach mysteri\u00f6se F\u00e4sser auftauchen, die scheinbar unheimliche Auswirkungen auf die Umgebung haben. Schnell wird klar: Hier steckt ein [&hellip;]<\/p>\n","protected":false},"featured_media":1316,"comment_status":"open","ping_status":"closed","template":"","meta":[],"product_brand":[],"product_cat":[36],"product_tag":[],"class_list":{"0":"post-1315","1":"product","2":"type-product","3":"status-publish","4":"has-post-thumbnail","6":"product_cat-hoerspiel-die-3","8":"first","9":"instock","10":"sale","11":"virtual","12":"purchasable","13":"product-type-simple"},"jetpack_sharing_enabled":true,"_links":{"self":[{"href":"https:\/\/audiobook-24.com\/en\/wp-json\/wp\/v2\/product\/1315","targetHints":{"allow":["GET"]}}],"collection":[{"href":"https:\/\/audiobook-24.com\/en\/wp-json\/wp\/v2\/product"}],"about":[{"href":"https:\/\/audiobook-24.com\/en\/wp-json\/wp\/v2\/types\/product"}],"replies":[{"embeddable":true,"href":"https:\/\/audiobook-24.com\/en\/wp-json\/wp\/v2\/comments?post=1315"}],"wp:featuredmedia":[{"embeddable":true,"href":"https:\/\/audiobook-24.com\/en\/wp-json\/wp\/v2\/media\/1316"}],"wp:attachment":[{"href":"https:\/\/audiobook-24.com\/en\/wp-json\/wp\/v2\/media?parent=1315"}],"wp:term":[{"taxonomy":"product_brand","embeddable":true,"href":"https:\/\/audiobook-24.com\/en\/wp-json\/wp\/v2\/product_brand?post=1315"},{"taxonomy":"product_cat","embeddable":true,"href":"https:\/\/audiobook-24.com\/en\/wp-json\/wp\/v2\/product_cat?post=1315"},{"taxonomy":"product_tag","embeddable":true,"href":"https:\/\/audiobook-24.com\/en\/wp-json\/wp\/v2\/product_tag?post=1315"}],"curies":[{"name":"wp","href":"https:\/\/api.w.org\/{rel}","templated":true}]}}