{"id":1305,"date":"2025-11-22T22:30:54","date_gmt":"2025-11-22T22:30:54","guid":{"rendered":"https:\/\/audiobook-24.com\/?post_type=product&#038;p=1305"},"modified":"2025-11-22T22:30:54","modified_gmt":"2025-11-22T22:30:54","slug":"%f0%9f%8e%a7-hoerspiel-die-drei-fragezeichen-folge-043-der-hoellische-werwolf-%f0%9f%8e%a7","status":"publish","type":"product","link":"https:\/\/audiobook-24.com\/en\/product\/%f0%9f%8e%a7-hoerspiel-die-drei-fragezeichen-folge-043-der-hoellische-werwolf-%f0%9f%8e%a7\/","title":{"rendered":"\ud83c\udfa7 H\u00f6rspiel: Die Drei Fragezeichen \u2013 Folge 043: Der h\u00f6llische Werwolf \ud83c\udfa7"},"content":{"rendered":"<p data-start=\"0\" data-end=\"80\">\ud83c\udfa7 <strong data-start=\"3\" data-end=\"75\">H\u00f6rspiel: Die Drei Fragezeichen \u2013 <em data-start=\"39\" data-end=\"73\">Folge 043: Der h\u00f6llische Werwolf<\/em><\/strong> \ud83c\udfa7<\/p>\n<p data-start=\"82\" data-end=\"425\">\ud83d\udc3a <strong data-start=\"85\" data-end=\"171\">Ein geheimnisvoller Werwolf. Unheimliche Ereignisse. Und ein Fall voller Spannung.<\/strong><br data-start=\"171\" data-end=\"174\" \/>In <em data-start=\"177\" data-end=\"202\">\u201eDer h\u00f6llische Werwolf\u201c<\/em> geraten Justus, Peter und Bob in ein gruseliges Abenteuer, als in Rocky Beach Berichte \u00fcber einen Werwolf die Runde machen. Seltsame Spuren, unheimliche Ger\u00e4usche und n\u00e4chtliche Angriffe sorgen f\u00fcr Angst und R\u00e4tselraten.<\/p>\n<p data-start=\"427\" data-end=\"780\">\ud83d\udd75\ufe0f\u200d\u2642\ufe0f Die Drei Fragezeichen beginnen zu ermitteln und sto\u00dfen auf <strong data-start=\"493\" data-end=\"570\">versteckte Hinweise, geheimnisvolle Hintergr\u00fcnde und einen cleveren T\u00e4ter<\/strong>, der die Werwolf-Geschichte geschickt ausnutzt.<br data-start=\"618\" data-end=\"621\" \/>Mit Scharfsinn, Teamarbeit und detektivischem Gesp\u00fcr decken sie Schritt f\u00fcr Schritt die Wahrheit auf und entlarven den T\u00e4ter hinter dem \u201eh\u00f6llischen Werwolf\u201c.<\/p>\n<p data-start=\"782\" data-end=\"914\">\ud83d\udd0d <strong data-start=\"785\" data-end=\"830\">Ein spannender, atmosph\u00e4rischer Klassiker<\/strong>, der Nervenkitzel, R\u00e4tsel und typische Drei-???-Detektivarbeit perfekt verbindet.<\/p>\n<hr data-start=\"916\" data-end=\"919\" \/>\n<p data-start=\"921\" data-end=\"1051\">\ud83d\udcb3 <strong data-start=\"924\" data-end=\"943\">Nach Bezahlung:<\/strong><br data-start=\"943\" data-end=\"946\" \/>\ud83d\udcbb Sofortiger Download f\u00fcr PC<br data-start=\"975\" data-end=\"978\" \/>\ud83d\udcf1 Sofortiger Download f\u00fcrs Handy<br data-start=\"1011\" data-end=\"1014\" \/>\ud83d\udda5\ufe0f Sofortiger Download f\u00fcrs Tablet<\/p>\n<p data-start=\"1053\" data-end=\"1096\" data-is-last-node=\"\" data-is-only-node=\"\">\ud83d\udca5 <strong data-start=\"1056\" data-end=\"1093\">Einmal gekauft \u2013 f\u00fcr immer deins!<\/strong> \ud83d\udca5<\/p>","protected":false},"excerpt":{"rendered":"<p>\ud83c\udfa7 H\u00f6rspiel: Die Drei Fragezeichen \u2013 Folge 043: Der h\u00f6llische Werwolf \ud83c\udfa7 \ud83d\udc3a Ein geheimnisvoller Werwolf. Unheimliche Ereignisse. Und ein Fall voller Spannung.In \u201eDer h\u00f6llische Werwolf\u201c geraten Justus, Peter und Bob in ein gruseliges Abenteuer, als in Rocky Beach Berichte \u00fcber einen Werwolf die Runde machen. Seltsame Spuren, unheimliche Ger\u00e4usche und n\u00e4chtliche Angriffe sorgen f\u00fcr [&hellip;]<\/p>\n","protected":false},"featured_media":1306,"comment_status":"open","ping_status":"closed","template":"","meta":[],"product_brand":[],"product_cat":[36],"product_tag":[],"class_list":{"0":"post-1305","1":"product","2":"type-product","3":"status-publish","4":"has-post-thumbnail","6":"product_cat-hoerspiel-die-3","8":"first","9":"instock","10":"sale","11":"virtual","12":"purchasable","13":"product-type-simple"},"jetpack_sharing_enabled":true,"_links":{"self":[{"href":"https:\/\/audiobook-24.com\/en\/wp-json\/wp\/v2\/product\/1305","targetHints":{"allow":["GET"]}}],"collection":[{"href":"https:\/\/audiobook-24.com\/en\/wp-json\/wp\/v2\/product"}],"about":[{"href":"https:\/\/audiobook-24.com\/en\/wp-json\/wp\/v2\/types\/product"}],"replies":[{"embeddable":true,"href":"https:\/\/audiobook-24.com\/en\/wp-json\/wp\/v2\/comments?post=1305"}],"wp:featuredmedia":[{"embeddable":true,"href":"https:\/\/audiobook-24.com\/en\/wp-json\/wp\/v2\/media\/1306"}],"wp:attachment":[{"href":"https:\/\/audiobook-24.com\/en\/wp-json\/wp\/v2\/media?parent=1305"}],"wp:term":[{"taxonomy":"product_brand","embeddable":true,"href":"https:\/\/audiobook-24.com\/en\/wp-json\/wp\/v2\/product_brand?post=1305"},{"taxonomy":"product_cat","embeddable":true,"href":"https:\/\/audiobook-24.com\/en\/wp-json\/wp\/v2\/product_cat?post=1305"},{"taxonomy":"product_tag","embeddable":true,"href":"https:\/\/audiobook-24.com\/en\/wp-json\/wp\/v2\/product_tag?post=1305"}],"curies":[{"name":"wp","href":"https:\/\/api.w.org\/{rel}","templated":true}]}}