{"id":1303,"date":"2025-11-22T22:28:40","date_gmt":"2025-11-22T22:28:40","guid":{"rendered":"https:\/\/audiobook-24.com\/?post_type=product&#038;p=1303"},"modified":"2025-11-22T22:28:40","modified_gmt":"2025-11-22T22:28:40","slug":"%f0%9f%8e%a7-hoerspiel-die-drei-fragezeichen-folge-042-der-weinende-sarg-%f0%9f%8e%a7","status":"publish","type":"product","link":"https:\/\/audiobook-24.com\/en\/product\/%f0%9f%8e%a7-hoerspiel-die-drei-fragezeichen-folge-042-der-weinende-sarg-%f0%9f%8e%a7\/","title":{"rendered":"\ud83c\udfa7 H\u00f6rspiel: Die Drei Fragezeichen \u2013 Folge 042: Der weinende Sarg \ud83c\udfa7"},"content":{"rendered":"<p data-start=\"0\" data-end=\"76\">\ud83c\udfa7 <strong data-start=\"3\" data-end=\"71\">H\u00f6rspiel: Die Drei Fragezeichen \u2013 <em data-start=\"39\" data-end=\"69\">Folge 042: Der weinende Sarg<\/em><\/strong> \ud83c\udfa7<\/p>\n<p data-start=\"78\" data-end=\"438\">\u26b0\ufe0f <strong data-start=\"81\" data-end=\"162\">Ein geheimnisvoller Sarg. Unheimliche Ereignisse. Und ein Fall voller Grusel.<\/strong><br data-start=\"162\" data-end=\"165\" \/>In <em data-start=\"168\" data-end=\"189\">\u201eDer weinende Sarg\u201c<\/em> werden Justus, Peter und Bob mit einem r\u00e4tselhaften Ph\u00e4nomen konfrontiert: Ein alter Sarg scheint von selbst Ger\u00e4usche von sich zu geben \u2013 wie das Weinen eines Menschen. Die Bewohner sind ver\u00e4ngstigt, und das Geheimnis des Sargs wirft Fragen auf.<\/p>\n<p data-start=\"440\" data-end=\"788\">\ud83d\udd75\ufe0f\u200d\u2642\ufe0f Die Drei Fragezeichen beginnen zu ermitteln und sto\u00dfen auf <strong data-start=\"506\" data-end=\"583\">versteckte Hinweise, geheime R\u00e4ume und ein raffiniertes T\u00e4uschungsman\u00f6ver<\/strong>, das den Sarg mysteri\u00f6s erscheinen l\u00e4sst.<br data-start=\"625\" data-end=\"628\" \/>Mit Scharfsinn, Teamarbeit und cleveren Strategien decken sie Schritt f\u00fcr Schritt die Wahrheit auf und entlarven den T\u00e4ter hinter dem unheimlichen Schauspiel.<\/p>\n<p data-start=\"790\" data-end=\"909\">\ud83d\udd0d <strong data-start=\"793\" data-end=\"838\">Ein spannender, klassischer Drei-???-Fall<\/strong>, der Nervenkitzel, Grusel und detektivisches K\u00f6nnen perfekt vereint.<\/p>\n<hr data-start=\"911\" data-end=\"914\" \/>\n<p data-start=\"916\" data-end=\"1046\">\ud83d\udcb3 <strong data-start=\"919\" data-end=\"938\">Nach Bezahlung:<\/strong><br data-start=\"938\" data-end=\"941\" \/>\ud83d\udcbb Sofortiger Download f\u00fcr PC<br data-start=\"970\" data-end=\"973\" \/>\ud83d\udcf1 Sofortiger Download f\u00fcrs Handy<br data-start=\"1006\" data-end=\"1009\" \/>\ud83d\udda5\ufe0f Sofortiger Download f\u00fcrs Tablet<\/p>\n<p data-start=\"1048\" data-end=\"1091\" data-is-last-node=\"\" data-is-only-node=\"\">\ud83d\udca5 <strong data-start=\"1051\" data-end=\"1088\">Einmal gekauft \u2013 f\u00fcr immer deins!<\/strong> \ud83d\udca5<\/p>","protected":false},"excerpt":{"rendered":"<p>\ud83c\udfa7 H\u00f6rspiel: Die Drei Fragezeichen \u2013 Folge 042: Der weinende Sarg \ud83c\udfa7 \u26b0\ufe0f Ein geheimnisvoller Sarg. Unheimliche Ereignisse. Und ein Fall voller Grusel.In \u201eDer weinende Sarg\u201c werden Justus, Peter und Bob mit einem r\u00e4tselhaften Ph\u00e4nomen konfrontiert: Ein alter Sarg scheint von selbst Ger\u00e4usche von sich zu geben \u2013 wie das Weinen eines Menschen. Die Bewohner [&hellip;]<\/p>\n","protected":false},"featured_media":1304,"comment_status":"open","ping_status":"closed","template":"","meta":[],"product_brand":[],"product_cat":[36],"product_tag":[],"class_list":{"0":"post-1303","1":"product","2":"type-product","3":"status-publish","4":"has-post-thumbnail","6":"product_cat-hoerspiel-die-3","8":"first","9":"instock","10":"sale","11":"virtual","12":"purchasable","13":"product-type-simple"},"jetpack_sharing_enabled":true,"_links":{"self":[{"href":"https:\/\/audiobook-24.com\/en\/wp-json\/wp\/v2\/product\/1303","targetHints":{"allow":["GET"]}}],"collection":[{"href":"https:\/\/audiobook-24.com\/en\/wp-json\/wp\/v2\/product"}],"about":[{"href":"https:\/\/audiobook-24.com\/en\/wp-json\/wp\/v2\/types\/product"}],"replies":[{"embeddable":true,"href":"https:\/\/audiobook-24.com\/en\/wp-json\/wp\/v2\/comments?post=1303"}],"wp:featuredmedia":[{"embeddable":true,"href":"https:\/\/audiobook-24.com\/en\/wp-json\/wp\/v2\/media\/1304"}],"wp:attachment":[{"href":"https:\/\/audiobook-24.com\/en\/wp-json\/wp\/v2\/media?parent=1303"}],"wp:term":[{"taxonomy":"product_brand","embeddable":true,"href":"https:\/\/audiobook-24.com\/en\/wp-json\/wp\/v2\/product_brand?post=1303"},{"taxonomy":"product_cat","embeddable":true,"href":"https:\/\/audiobook-24.com\/en\/wp-json\/wp\/v2\/product_cat?post=1303"},{"taxonomy":"product_tag","embeddable":true,"href":"https:\/\/audiobook-24.com\/en\/wp-json\/wp\/v2\/product_tag?post=1303"}],"curies":[{"name":"wp","href":"https:\/\/api.w.org\/{rel}","templated":true}]}}