{"id":1301,"date":"2025-11-22T22:26:30","date_gmt":"2025-11-22T22:26:30","guid":{"rendered":"https:\/\/audiobook-24.com\/?post_type=product&#038;p=1301"},"modified":"2025-11-22T22:26:30","modified_gmt":"2025-11-22T22:26:30","slug":"%f0%9f%8e%a7-hoerspiel-die-drei-fragezeichen-folge-041-das-volk-der-winde-%f0%9f%8e%a7","status":"publish","type":"product","link":"https:\/\/audiobook-24.com\/en\/product\/%f0%9f%8e%a7-hoerspiel-die-drei-fragezeichen-folge-041-das-volk-der-winde-%f0%9f%8e%a7\/","title":{"rendered":"\ud83c\udfa7 H\u00f6rspiel: Die Drei Fragezeichen \u2013 Folge 041: Das Volk der Winde \ud83c\udfa7"},"content":{"rendered":"<p data-start=\"0\" data-end=\"77\">\ud83c\udfa7 <strong data-start=\"3\" data-end=\"72\">H\u00f6rspiel: Die Drei Fragezeichen \u2013 <em data-start=\"39\" data-end=\"70\">Folge 041: Das Volk der Winde<\/em><\/strong> \ud83c\udfa7<\/p>\n<p data-start=\"79\" data-end=\"421\">\ud83d\udca8 <strong data-start=\"82\" data-end=\"168\">Ein geheimnisvolles Volk. R\u00e4tselhafte Ereignisse. Und ein Abenteuer voller Gefahr.<\/strong><br data-start=\"168\" data-end=\"171\" \/>In <em data-start=\"174\" data-end=\"196\">\u201eDas Volk der Winde\u201c<\/em> geraten Justus, Peter und Bob in ein aufregendes Abenteuer, als sie von seltsamen Vorf\u00e4llen in einer abgelegenen Gegend h\u00f6ren. Ein mysteri\u00f6ses Volk scheint dort aktiv zu sein \u2013 mit eigenen Regeln, Zeichen und Geheimnissen.<\/p>\n<p data-start=\"423\" data-end=\"756\">\ud83d\udd75\ufe0f\u200d\u2642\ufe0f Die Drei Fragezeichen folgen <strong data-start=\"459\" data-end=\"533\">versteckten Hinweisen, geheimnisvollen Spuren und cleveren T\u00e4uschungen<\/strong>, die sie Schritt f\u00fcr Schritt in das Herz des R\u00e4tsels f\u00fchren.<br data-start=\"594\" data-end=\"597\" \/>Mit Mut, Scharfsinn und detektivischem Gesp\u00fcr decken sie die Wahrheit hinter den geheimnisvollen Vorg\u00e4ngen auf und l\u00fcften das Geheimnis des Volkes der Winde.<\/p>\n<p data-start=\"758\" data-end=\"885\">\ud83d\udd0d <strong data-start=\"761\" data-end=\"806\">Ein spannender, atmosph\u00e4rischer Klassiker<\/strong>, der Abenteuer, R\u00e4tsel und die typische Drei-???-Spannung perfekt verbindet.<\/p>\n<hr data-start=\"887\" data-end=\"890\" \/>\n<p data-start=\"892\" data-end=\"1022\">\ud83d\udcb3 <strong data-start=\"895\" data-end=\"914\">Nach Bezahlung:<\/strong><br data-start=\"914\" data-end=\"917\" \/>\ud83d\udcbb Sofortiger Download f\u00fcr PC<br data-start=\"946\" data-end=\"949\" \/>\ud83d\udcf1 Sofortiger Download f\u00fcrs Handy<br data-start=\"982\" data-end=\"985\" \/>\ud83d\udda5\ufe0f Sofortiger Download f\u00fcrs Tablet<\/p>\n<p data-start=\"1024\" data-end=\"1067\" data-is-last-node=\"\" data-is-only-node=\"\">\ud83d\udca5 <strong data-start=\"1027\" data-end=\"1064\">Einmal gekauft \u2013 f\u00fcr immer deins!<\/strong> \ud83d\udca5<\/p>","protected":false},"excerpt":{"rendered":"<p>\ud83c\udfa7 H\u00f6rspiel: Die Drei Fragezeichen \u2013 Folge 041: Das Volk der Winde \ud83c\udfa7 \ud83d\udca8 Ein geheimnisvolles Volk. R\u00e4tselhafte Ereignisse. Und ein Abenteuer voller Gefahr.In \u201eDas Volk der Winde\u201c geraten Justus, Peter und Bob in ein aufregendes Abenteuer, als sie von seltsamen Vorf\u00e4llen in einer abgelegenen Gegend h\u00f6ren. Ein mysteri\u00f6ses Volk scheint dort aktiv zu sein [&hellip;]<\/p>\n","protected":false},"featured_media":1302,"comment_status":"open","ping_status":"closed","template":"","meta":[],"product_brand":[],"product_cat":[36],"product_tag":[],"class_list":{"0":"post-1301","1":"product","2":"type-product","3":"status-publish","4":"has-post-thumbnail","6":"product_cat-hoerspiel-die-3","8":"first","9":"instock","10":"sale","11":"virtual","12":"purchasable","13":"product-type-simple"},"jetpack_sharing_enabled":true,"_links":{"self":[{"href":"https:\/\/audiobook-24.com\/en\/wp-json\/wp\/v2\/product\/1301","targetHints":{"allow":["GET"]}}],"collection":[{"href":"https:\/\/audiobook-24.com\/en\/wp-json\/wp\/v2\/product"}],"about":[{"href":"https:\/\/audiobook-24.com\/en\/wp-json\/wp\/v2\/types\/product"}],"replies":[{"embeddable":true,"href":"https:\/\/audiobook-24.com\/en\/wp-json\/wp\/v2\/comments?post=1301"}],"wp:featuredmedia":[{"embeddable":true,"href":"https:\/\/audiobook-24.com\/en\/wp-json\/wp\/v2\/media\/1302"}],"wp:attachment":[{"href":"https:\/\/audiobook-24.com\/en\/wp-json\/wp\/v2\/media?parent=1301"}],"wp:term":[{"taxonomy":"product_brand","embeddable":true,"href":"https:\/\/audiobook-24.com\/en\/wp-json\/wp\/v2\/product_brand?post=1301"},{"taxonomy":"product_cat","embeddable":true,"href":"https:\/\/audiobook-24.com\/en\/wp-json\/wp\/v2\/product_cat?post=1301"},{"taxonomy":"product_tag","embeddable":true,"href":"https:\/\/audiobook-24.com\/en\/wp-json\/wp\/v2\/product_tag?post=1301"}],"curies":[{"name":"wp","href":"https:\/\/api.w.org\/{rel}","templated":true}]}}