{"id":130,"date":"2025-11-14T16:58:21","date_gmt":"2025-11-14T16:58:21","guid":{"rendered":"https:\/\/audiobook-24.com\/?post_type=product&#038;p=130"},"modified":"2025-11-14T16:59:02","modified_gmt":"2025-11-14T16:59:02","slug":"hoerbuch-juergen-seibold-volltreffer-allgaeu-krimi","status":"publish","type":"product","link":"https:\/\/audiobook-24.com\/en\/product\/hoerbuch-juergen-seibold-volltreffer-allgaeu-krimi\/","title":{"rendered":"H\u00f6rbuch: J\u00fcrgen Seibold \u2013 &#8222;Volltreffer&#8220; (Allg\u00e4u-Krimi)"},"content":{"rendered":"<h3 class=\"\">H\u00f6rbuch: J\u00fcrgen Seibold \u2013 &#8222;Volltreffer&#8220; (Allg\u00e4u-Krimi)<\/h3>\n<p class=\"\"><strong>&#8222;Volltreffer&#8220;<\/strong>\u00a0ist ein packender Allg\u00e4u-Krimi von J\u00fcrgen Seibold, der die Zuh\u00f6rer in die malerische Welt der bayerischen Landschaften und ihre geheimnisvollen Verbrechen eintauchen l\u00e4sst.<\/p>\n<p>Handlung<\/p>\n<p class=\"\">In diesem Krimi geht es um:<\/p>\n<ul class=\"\">\n<li class=\"\"><strong>Mordf\u00e4lle in einer idyllischen Gemeinde<\/strong><\/li>\n<li class=\"\"><strong>Die Ermittlungen eines charmanten Kommissars<\/strong><\/li>\n<li class=\"\"><strong>Verborgene Geheimnisse, die ans Licht kommen<\/strong><\/li>\n<\/ul>\n<p class=\"\">Der Grips des Protagonisten und die abwechslungsreiche Handlung machen das H\u00f6rbuch zu einem fesselnden Erlebnis.<\/p>\n<p>Spieldauer<\/p>\n<p class=\"\">Die Gesamtl\u00e4nge des H\u00f6rbuchs betr\u00e4gt\u00a0<strong>ca. 6 Stunden<\/strong>.<\/p>\n<hr \/>\n<p class=\"\">\ud83d\udcb3\u00a0<strong>Nach der Bezahlung bekommen Sie sofort den Downloadlink von uns und k\u00f6nnen Ihr H\u00f6rspiel auf Handy, Tablet, MP3-Player oder PC genie\u00dfen.<\/strong><\/p>\n<p class=\"\">\ud83d\udcf1 Handy\u2003|\u2003\ud83d\udcf2 Tablet\u2003|\u2003\ud83c\udfa7 MP3-Player\u2003|\u2003\ud83d\udcbb PC<\/p>","protected":false},"excerpt":{"rendered":"<p>H\u00f6rbuch: J\u00fcrgen Seibold \u2013 &#8222;Volltreffer&#8220; (Allg\u00e4u-Krimi) &#8222;Volltreffer&#8220;\u00a0ist ein packender Allg\u00e4u-Krimi von J\u00fcrgen Seibold, der die Zuh\u00f6rer in die malerische Welt der bayerischen Landschaften und ihre geheimnisvollen Verbrechen eintauchen l\u00e4sst. Handlung In diesem Krimi geht es um: Mordf\u00e4lle in einer idyllischen Gemeinde Die Ermittlungen eines charmanten Kommissars Verborgene Geheimnisse, die ans Licht kommen Der Grips des [&hellip;]<\/p>\n","protected":false},"featured_media":131,"comment_status":"open","ping_status":"closed","template":"","meta":[],"product_brand":[],"product_cat":[19],"product_tag":[],"class_list":{"0":"post-130","1":"product","2":"type-product","3":"status-publish","4":"has-post-thumbnail","6":"product_cat-hoerbuecher","8":"first","9":"instock","10":"sale","11":"virtual","12":"purchasable","13":"product-type-simple"},"jetpack_sharing_enabled":true,"_links":{"self":[{"href":"https:\/\/audiobook-24.com\/en\/wp-json\/wp\/v2\/product\/130","targetHints":{"allow":["GET"]}}],"collection":[{"href":"https:\/\/audiobook-24.com\/en\/wp-json\/wp\/v2\/product"}],"about":[{"href":"https:\/\/audiobook-24.com\/en\/wp-json\/wp\/v2\/types\/product"}],"replies":[{"embeddable":true,"href":"https:\/\/audiobook-24.com\/en\/wp-json\/wp\/v2\/comments?post=130"}],"wp:featuredmedia":[{"embeddable":true,"href":"https:\/\/audiobook-24.com\/en\/wp-json\/wp\/v2\/media\/131"}],"wp:attachment":[{"href":"https:\/\/audiobook-24.com\/en\/wp-json\/wp\/v2\/media?parent=130"}],"wp:term":[{"taxonomy":"product_brand","embeddable":true,"href":"https:\/\/audiobook-24.com\/en\/wp-json\/wp\/v2\/product_brand?post=130"},{"taxonomy":"product_cat","embeddable":true,"href":"https:\/\/audiobook-24.com\/en\/wp-json\/wp\/v2\/product_cat?post=130"},{"taxonomy":"product_tag","embeddable":true,"href":"https:\/\/audiobook-24.com\/en\/wp-json\/wp\/v2\/product_tag?post=130"}],"curies":[{"name":"wp","href":"https:\/\/api.w.org\/{rel}","templated":true}]}}