{"id":1297,"date":"2025-11-22T21:30:31","date_gmt":"2025-11-22T21:30:31","guid":{"rendered":"https:\/\/audiobook-24.com\/?post_type=product&#038;p=1297"},"modified":"2025-11-22T21:30:31","modified_gmt":"2025-11-22T21:30:31","slug":"chatgpt-%f0%9f%8e%a7-hoerspiel-die-drei-fragezeichen-folge-039-die-perlenvoegel-%f0%9f%8e%a7","status":"publish","type":"product","link":"https:\/\/audiobook-24.com\/en\/product\/chatgpt-%f0%9f%8e%a7-hoerspiel-die-drei-fragezeichen-folge-039-die-perlenvoegel-%f0%9f%8e%a7\/","title":{"rendered":"ChatGPT:  \ud83c\udfa7 H\u00f6rspiel: Die Drei Fragezeichen \u2013 Folge 039: Die Perlenv\u00f6gel \ud83c\udfa7"},"content":{"rendered":"<p data-start=\"0\" data-end=\"74\">\ud83c\udfa7 <strong data-start=\"3\" data-end=\"69\">H\u00f6rspiel: Die Drei Fragezeichen \u2013 <em data-start=\"39\" data-end=\"67\">Folge 039: Die Perlenv\u00f6gel<\/em><\/strong> \ud83c\udfa7<\/p>\n<p data-start=\"76\" data-end=\"408\">\ud83d\udc26 <strong data-start=\"79\" data-end=\"147\">Exotische V\u00f6gel. Seltsame Diebst\u00e4hle. Und ein r\u00e4tselhafter Fall.<\/strong><br data-start=\"147\" data-end=\"150\" \/>In <em data-start=\"153\" data-end=\"172\">\u201eDie Perlenv\u00f6gel\u201c<\/em> werden Justus, Peter und Bob zu einem kuriosen Fall gerufen: In einem Vogelpark verschwinden wertvolle V\u00f6gel mit schimmernden, perlenartigen Federn spurlos. Schnell wird klar, dass hinter den Vorf\u00e4llen ein geplanter Diebstahl steckt.<\/p>\n<p data-start=\"410\" data-end=\"723\">\ud83d\udd75\ufe0f\u200d\u2642\ufe0f Die Drei Fragezeichen folgen <strong data-start=\"446\" data-end=\"520\">versteckten Hinweisen, geheimnisvollen Spuren und einem cleveren T\u00e4ter<\/strong>, der alles daran setzt, die Spur der V\u00f6gel zu verwischen.<br data-start=\"578\" data-end=\"581\" \/>Mit Kombinationsgabe, Scharfsinn und detektivischem Gesp\u00fcr decken sie Schritt f\u00fcr Schritt die Wahrheit auf und bringen den Dieb zur Strecke.<\/p>\n<p data-start=\"725\" data-end=\"856\">\ud83d\udd0d <strong data-start=\"728\" data-end=\"773\">Ein spannender, atmosph\u00e4rischer Klassiker<\/strong>, der Abenteuer, R\u00e4tsel und die typische Drei-???-Detektivarbeit perfekt vereint.<\/p>\n<hr data-start=\"858\" data-end=\"861\" \/>\n<p data-start=\"863\" data-end=\"993\">\ud83d\udcb3 <strong data-start=\"866\" data-end=\"885\">Nach Bezahlung:<\/strong><br data-start=\"885\" data-end=\"888\" \/>\ud83d\udcbb Sofortiger Download f\u00fcr PC<br data-start=\"917\" data-end=\"920\" \/>\ud83d\udcf1 Sofortiger Download f\u00fcrs Handy<br data-start=\"953\" data-end=\"956\" \/>\ud83d\udda5\ufe0f Sofortiger Download f\u00fcrs Tablet<\/p>\n<p data-start=\"995\" data-end=\"1038\" data-is-last-node=\"\" data-is-only-node=\"\">\ud83d\udca5 <strong data-start=\"998\" data-end=\"1035\">Einmal gekauft \u2013 f\u00fcr immer deins!<\/strong> \ud83d\udca5<\/p>","protected":false},"excerpt":{"rendered":"<p>\ud83c\udfa7 H\u00f6rspiel: Die Drei Fragezeichen \u2013 Folge 039: Die Perlenv\u00f6gel \ud83c\udfa7 \ud83d\udc26 Exotische V\u00f6gel. Seltsame Diebst\u00e4hle. Und ein r\u00e4tselhafter Fall.In \u201eDie Perlenv\u00f6gel\u201c werden Justus, Peter und Bob zu einem kuriosen Fall gerufen: In einem Vogelpark verschwinden wertvolle V\u00f6gel mit schimmernden, perlenartigen Federn spurlos. Schnell wird klar, dass hinter den Vorf\u00e4llen ein geplanter Diebstahl steckt. \ud83d\udd75\ufe0f\u200d\u2642\ufe0f [&hellip;]<\/p>\n","protected":false},"featured_media":1298,"comment_status":"open","ping_status":"closed","template":"","meta":[],"product_brand":[],"product_cat":[36],"product_tag":[],"class_list":{"0":"post-1297","1":"product","2":"type-product","3":"status-publish","4":"has-post-thumbnail","6":"product_cat-hoerspiel-die-3","8":"first","9":"instock","10":"sale","11":"virtual","12":"purchasable","13":"product-type-simple"},"jetpack_sharing_enabled":true,"_links":{"self":[{"href":"https:\/\/audiobook-24.com\/en\/wp-json\/wp\/v2\/product\/1297","targetHints":{"allow":["GET"]}}],"collection":[{"href":"https:\/\/audiobook-24.com\/en\/wp-json\/wp\/v2\/product"}],"about":[{"href":"https:\/\/audiobook-24.com\/en\/wp-json\/wp\/v2\/types\/product"}],"replies":[{"embeddable":true,"href":"https:\/\/audiobook-24.com\/en\/wp-json\/wp\/v2\/comments?post=1297"}],"wp:featuredmedia":[{"embeddable":true,"href":"https:\/\/audiobook-24.com\/en\/wp-json\/wp\/v2\/media\/1298"}],"wp:attachment":[{"href":"https:\/\/audiobook-24.com\/en\/wp-json\/wp\/v2\/media?parent=1297"}],"wp:term":[{"taxonomy":"product_brand","embeddable":true,"href":"https:\/\/audiobook-24.com\/en\/wp-json\/wp\/v2\/product_brand?post=1297"},{"taxonomy":"product_cat","embeddable":true,"href":"https:\/\/audiobook-24.com\/en\/wp-json\/wp\/v2\/product_cat?post=1297"},{"taxonomy":"product_tag","embeddable":true,"href":"https:\/\/audiobook-24.com\/en\/wp-json\/wp\/v2\/product_tag?post=1297"}],"curies":[{"name":"wp","href":"https:\/\/api.w.org\/{rel}","templated":true}]}}