{"id":1295,"date":"2025-11-22T21:28:09","date_gmt":"2025-11-22T21:28:09","guid":{"rendered":"https:\/\/audiobook-24.com\/?post_type=product&#038;p=1295"},"modified":"2025-11-22T21:28:09","modified_gmt":"2025-11-22T21:28:09","slug":"%f0%9f%8e%a7-hoerspiel-die-drei-fragezeichen-folge-038-der-unsichtbare-gegner-%f0%9f%8e%a7","status":"publish","type":"product","link":"https:\/\/audiobook-24.com\/en\/product\/%f0%9f%8e%a7-hoerspiel-die-drei-fragezeichen-folge-038-der-unsichtbare-gegner-%f0%9f%8e%a7\/","title":{"rendered":"\ud83c\udfa7 H\u00f6rspiel: Die Drei Fragezeichen \u2013 Folge 038: Der unsichtbare Gegner \ud83c\udfa7"},"content":{"rendered":"<h6 class=\"sr-only\"><span style=\"font-size: 16px;\">\ud83c\udfa7 <\/span><strong style=\"font-size: 16px;\" data-start=\"3\" data-end=\"76\">H\u00f6rspiel: Die Drei Fragezeichen \u2013 <em data-start=\"39\" data-end=\"74\">Folge 038: Der unsichtbare Gegner<\/em><\/strong><span style=\"font-size: 16px;\"> \ud83c\udfa7<\/span><\/h6>\n<div class=\"text-base my-auto mx-auto pb-10 [--thread-content-margin:--spacing(4)] thread-sm:[--thread-content-margin:--spacing(6)] thread-lg:[--thread-content-margin:--spacing(16)] px-(--thread-content-margin)\">\n<div class=\"[--thread-content-max-width:40rem] thread-lg:[--thread-content-max-width:48rem] mx-auto max-w-(--thread-content-max-width) flex-1 group\/turn-messages focus-visible:outline-hidden relative flex w-full min-w-0 flex-col agent-turn\" tabindex=\"-1\">\n<div class=\"flex max-w-full flex-col grow\">\n<div class=\"min-h-8 text-message relative flex w-full flex-col items-end gap-2 text-start break-words whitespace-normal [.text-message+&amp;]:mt-1\" dir=\"auto\" data-message-author-role=\"assistant\" data-message-id=\"98deea2a-f2e6-40bc-91f6-a356db6c7a68\" data-message-model-slug=\"gpt-5-mini\">\n<div class=\"flex w-full flex-col gap-1 empty:hidden first:pt-[1px]\">\n<div class=\"markdown prose dark:prose-invert w-full break-words light markdown-new-styling\">\n<p data-start=\"83\" data-end=\"417\">\ud83d\udc64 <strong data-start=\"86\" data-end=\"171\">Ein mysteri\u00f6ser Gegenspieler. R\u00e4tselhafte Sabotage. Und ein Fall voller Spannung.<\/strong><br data-start=\"171\" data-end=\"174\" \/>In <em data-start=\"177\" data-end=\"203\">\u201eDer unsichtbare Gegner\u201c<\/em> geraten Justus, Peter und Bob in ein gef\u00e4hrliches Abenteuer, als pl\u00f6tzlich geheimnisvolle Sabotageakte in Rocky Beach auftreten. Wer ist der unsichtbare Gegner \u2013 und welches Ziel verfolgt er mit seinen Aktionen?<\/p>\n<p data-start=\"419\" data-end=\"743\">\ud83d\udd75\ufe0f\u200d\u2642\ufe0f Die Drei Fragezeichen nehmen die Ermittlungen auf und entdecken <strong data-start=\"490\" data-end=\"574\">versteckte Hinweise, raffinierte Tricks und ein ausgekl\u00fcgeltes T\u00e4uschungsman\u00f6ver<\/strong>, das sie Schritt f\u00fcr Schritt entschl\u00fcsseln m\u00fcssen.<br data-start=\"625\" data-end=\"628\" \/>Mit Scharfsinn, Teamarbeit und cleverem Denken decken sie nach und nach die Wahrheit auf und entlarven den T\u00e4ter.<\/p>\n<p data-start=\"745\" data-end=\"866\">\ud83d\udd0d <strong data-start=\"748\" data-end=\"793\">Ein spannender, klassischer Drei-???-Fall<\/strong>, der Nervenkitzel, R\u00e4tsel und detektivisches K\u00f6nnen perfekt verbindet.<\/p>\n<hr data-start=\"868\" data-end=\"871\" \/>\n<p data-start=\"873\" data-end=\"1003\">\ud83d\udcb3 <strong data-start=\"876\" data-end=\"895\">Nach Bezahlung:<\/strong><br data-start=\"895\" data-end=\"898\" \/>\ud83d\udcbb Sofortiger Download f\u00fcr PC<br data-start=\"927\" data-end=\"930\" \/>\ud83d\udcf1 Sofortiger Download f\u00fcrs Handy<br data-start=\"963\" data-end=\"966\" \/>\ud83d\udda5\ufe0f Sofortiger Download f\u00fcrs Tablet<\/p>\n<p data-start=\"1005\" data-end=\"1048\" data-is-last-node=\"\" data-is-only-node=\"\">\ud83d\udca5 <strong data-start=\"1008\" data-end=\"1045\">Einmal gekauft \u2013 f\u00fcr immer deins!<\/strong> \ud83d\udca5<\/p>\n<\/div>\n<\/div>\n<\/div>\n<\/div>\n<\/div>\n<\/div>\n","protected":false},"excerpt":{"rendered":"<p>\ud83c\udfa7 H\u00f6rspiel: Die Drei Fragezeichen \u2013 Folge 038: Der unsichtbare Gegner \ud83c\udfa7 \ud83d\udc64 Ein mysteri\u00f6ser Gegenspieler. R\u00e4tselhafte Sabotage. Und ein Fall voller Spannung.In \u201eDer unsichtbare Gegner\u201c geraten Justus, Peter und Bob in ein gef\u00e4hrliches Abenteuer, als pl\u00f6tzlich geheimnisvolle Sabotageakte in Rocky Beach auftreten. Wer ist der unsichtbare Gegner \u2013 und welches Ziel verfolgt er mit [&hellip;]<\/p>\n","protected":false},"featured_media":1296,"comment_status":"open","ping_status":"closed","template":"","meta":[],"product_brand":[],"product_cat":[36],"product_tag":[],"class_list":{"0":"post-1295","1":"product","2":"type-product","3":"status-publish","4":"has-post-thumbnail","6":"product_cat-hoerspiel-die-3","8":"first","9":"instock","10":"sale","11":"virtual","12":"purchasable","13":"product-type-simple"},"jetpack_sharing_enabled":true,"_links":{"self":[{"href":"https:\/\/audiobook-24.com\/en\/wp-json\/wp\/v2\/product\/1295","targetHints":{"allow":["GET"]}}],"collection":[{"href":"https:\/\/audiobook-24.com\/en\/wp-json\/wp\/v2\/product"}],"about":[{"href":"https:\/\/audiobook-24.com\/en\/wp-json\/wp\/v2\/types\/product"}],"replies":[{"embeddable":true,"href":"https:\/\/audiobook-24.com\/en\/wp-json\/wp\/v2\/comments?post=1295"}],"wp:featuredmedia":[{"embeddable":true,"href":"https:\/\/audiobook-24.com\/en\/wp-json\/wp\/v2\/media\/1296"}],"wp:attachment":[{"href":"https:\/\/audiobook-24.com\/en\/wp-json\/wp\/v2\/media?parent=1295"}],"wp:term":[{"taxonomy":"product_brand","embeddable":true,"href":"https:\/\/audiobook-24.com\/en\/wp-json\/wp\/v2\/product_brand?post=1295"},{"taxonomy":"product_cat","embeddable":true,"href":"https:\/\/audiobook-24.com\/en\/wp-json\/wp\/v2\/product_cat?post=1295"},{"taxonomy":"product_tag","embeddable":true,"href":"https:\/\/audiobook-24.com\/en\/wp-json\/wp\/v2\/product_tag?post=1295"}],"curies":[{"name":"wp","href":"https:\/\/api.w.org\/{rel}","templated":true}]}}