{"id":1289,"date":"2025-11-22T21:19:45","date_gmt":"2025-11-22T21:19:45","guid":{"rendered":"https:\/\/audiobook-24.com\/?post_type=product&#038;p=1289"},"modified":"2025-11-22T21:19:45","modified_gmt":"2025-11-22T21:19:45","slug":"%f0%9f%8e%a7-hoerspiel-die-drei-fragezeichen-folge-035-der-hoehlenmensch-%f0%9f%8e%a7","status":"publish","type":"product","link":"https:\/\/audiobook-24.com\/en\/product\/%f0%9f%8e%a7-hoerspiel-die-drei-fragezeichen-folge-035-der-hoehlenmensch-%f0%9f%8e%a7\/","title":{"rendered":"\ud83c\udfa7 H\u00f6rspiel: Die Drei Fragezeichen \u2013 Folge 035: Der H\u00f6hlenmensch \ud83c\udfa7"},"content":{"rendered":"<p data-start=\"0\" data-end=\"75\">\ud83c\udfa7 <strong data-start=\"3\" data-end=\"70\">H\u00f6rspiel: Die Drei Fragezeichen \u2013 <em data-start=\"39\" data-end=\"68\">Folge 035: Der H\u00f6hlenmensch<\/em><\/strong> \ud83c\udfa7<\/p>\n<p data-start=\"77\" data-end=\"449\">\ud83e\udea8 <strong data-start=\"80\" data-end=\"174\">Ein mysteri\u00f6ser H\u00f6hlenbewohner. Geheimnisvolle Vorkommnisse. Und ein Fall voller Spannung.<\/strong><br data-start=\"174\" data-end=\"177\" \/>In <em data-start=\"180\" data-end=\"200\">\u201eDer H\u00f6hlenmensch\u201c<\/em> geraten Justus, Peter und Bob in ein Abenteuer, als in einer abgelegenen H\u00f6hle seltsame Ger\u00e4usche und Spuren entdeckt werden. Ein geheimnisvoller \u201eH\u00f6hlenmensch\u201c scheint die Gegend unsicher zu machen \u2013 doch steckt wirklich er hinter den Vorf\u00e4llen?<\/p>\n<p data-start=\"451\" data-end=\"769\">\ud83d\udd75\ufe0f\u200d\u2642\ufe0f Die Drei Fragezeichen folgen <strong data-start=\"487\" data-end=\"561\">versteckten Hinweisen, geheimnisvollen Spuren und cleveren T\u00e4uschungen<\/strong>, die sie Schritt f\u00fcr Schritt in die Hintergr\u00fcnde des mysteri\u00f6sen Geschehens f\u00fchren.<br data-start=\"645\" data-end=\"648\" \/>Mit Scharfsinn, Teamarbeit und detektivischem Gesp\u00fcr decken sie nach und nach die Wahrheit auf und entlarven den T\u00e4ter.<\/p>\n<p data-start=\"771\" data-end=\"899\">\ud83d\udd0d <strong data-start=\"774\" data-end=\"819\">Ein spannender, klassischer Drei-???-Fall<\/strong>, der Abenteuer, Nervenkitzel und cleveres Detektivhandwerk perfekt verbindet.<\/p>\n<hr data-start=\"901\" data-end=\"904\" \/>\n<p data-start=\"906\" data-end=\"1036\">\ud83d\udcb3 <strong data-start=\"909\" data-end=\"928\">Nach Bezahlung:<\/strong><br data-start=\"928\" data-end=\"931\" \/>\ud83d\udcbb Sofortiger Download f\u00fcr PC<br data-start=\"960\" data-end=\"963\" \/>\ud83d\udcf1 Sofortiger Download f\u00fcrs Handy<br data-start=\"996\" data-end=\"999\" \/>\ud83d\udda5\ufe0f Sofortiger Download f\u00fcrs Tablet<\/p>\n<p data-start=\"1038\" data-end=\"1081\" data-is-last-node=\"\" data-is-only-node=\"\">\ud83d\udca5 <strong data-start=\"1041\" data-end=\"1078\">Einmal gekauft \u2013 f\u00fcr immer deins!<\/strong> \ud83d\udca5<\/p>","protected":false},"excerpt":{"rendered":"<p>\ud83c\udfa7 H\u00f6rspiel: Die Drei Fragezeichen \u2013 Folge 035: Der H\u00f6hlenmensch \ud83c\udfa7 \ud83e\udea8 Ein mysteri\u00f6ser H\u00f6hlenbewohner. Geheimnisvolle Vorkommnisse. Und ein Fall voller Spannung.In \u201eDer H\u00f6hlenmensch\u201c geraten Justus, Peter und Bob in ein Abenteuer, als in einer abgelegenen H\u00f6hle seltsame Ger\u00e4usche und Spuren entdeckt werden. Ein geheimnisvoller \u201eH\u00f6hlenmensch\u201c scheint die Gegend unsicher zu machen \u2013 doch steckt [&hellip;]<\/p>\n","protected":false},"featured_media":1290,"comment_status":"open","ping_status":"closed","template":"","meta":[],"product_brand":[],"product_cat":[36],"product_tag":[],"class_list":{"0":"post-1289","1":"product","2":"type-product","3":"status-publish","4":"has-post-thumbnail","6":"product_cat-hoerspiel-die-3","8":"first","9":"instock","10":"sale","11":"virtual","12":"purchasable","13":"product-type-simple"},"jetpack_sharing_enabled":true,"_links":{"self":[{"href":"https:\/\/audiobook-24.com\/en\/wp-json\/wp\/v2\/product\/1289","targetHints":{"allow":["GET"]}}],"collection":[{"href":"https:\/\/audiobook-24.com\/en\/wp-json\/wp\/v2\/product"}],"about":[{"href":"https:\/\/audiobook-24.com\/en\/wp-json\/wp\/v2\/types\/product"}],"replies":[{"embeddable":true,"href":"https:\/\/audiobook-24.com\/en\/wp-json\/wp\/v2\/comments?post=1289"}],"wp:featuredmedia":[{"embeddable":true,"href":"https:\/\/audiobook-24.com\/en\/wp-json\/wp\/v2\/media\/1290"}],"wp:attachment":[{"href":"https:\/\/audiobook-24.com\/en\/wp-json\/wp\/v2\/media?parent=1289"}],"wp:term":[{"taxonomy":"product_brand","embeddable":true,"href":"https:\/\/audiobook-24.com\/en\/wp-json\/wp\/v2\/product_brand?post=1289"},{"taxonomy":"product_cat","embeddable":true,"href":"https:\/\/audiobook-24.com\/en\/wp-json\/wp\/v2\/product_cat?post=1289"},{"taxonomy":"product_tag","embeddable":true,"href":"https:\/\/audiobook-24.com\/en\/wp-json\/wp\/v2\/product_tag?post=1289"}],"curies":[{"name":"wp","href":"https:\/\/api.w.org\/{rel}","templated":true}]}}