{"id":1285,"date":"2025-11-22T21:07:05","date_gmt":"2025-11-22T21:07:05","guid":{"rendered":"https:\/\/audiobook-24.com\/?post_type=product&#038;p=1285"},"modified":"2025-11-22T21:07:05","modified_gmt":"2025-11-22T21:07:05","slug":"%f0%9f%8e%a7-hoerspiel-die-drei-fragezeichen-folge-034-der-rote-pirat-%f0%9f%8e%a7","status":"publish","type":"product","link":"https:\/\/audiobook-24.com\/en\/product\/%f0%9f%8e%a7-hoerspiel-die-drei-fragezeichen-folge-034-der-rote-pirat-%f0%9f%8e%a7\/","title":{"rendered":"\ud83c\udfa7 H\u00f6rspiel: Die Drei Fragezeichen \u2013 Folge 034: Der rote Pirat \ud83c\udfa7"},"content":{"rendered":"<p data-start=\"0\" data-end=\"73\">\ud83c\udfa7 <strong data-start=\"3\" data-end=\"68\">H\u00f6rspiel: Die Drei Fragezeichen \u2013 <em data-start=\"39\" data-end=\"66\">Folge 034: Der rote Pirat<\/em><\/strong> \ud83c\udfa7<\/p>\n<p data-start=\"75\" data-end=\"444\">\ud83c\udff4\u200d\u2620\ufe0f <strong data-start=\"81\" data-end=\"165\">Ein geheimnisvoller Pirat. R\u00e4tselhafte \u00dcberf\u00e4lle. Und ein Fall voller Abenteuer.<\/strong><br data-start=\"165\" data-end=\"168\" \/>In <em data-start=\"171\" data-end=\"189\">\u201eDer rote Pirat\u201c<\/em> geraten Justus, Peter und Bob in ein spannendes Abenteuer, als ein maskierter T\u00e4ter, bekannt als der \u201erote Pirat\u201c, in Rocky Beach f\u00fcr Aufsehen sorgt. Wertvolle Gegenst\u00e4nde verschwinden, und die Spur f\u00fchrt die Drei Fragezeichen auf eine aufregende Jagd.<\/p>\n<p data-start=\"446\" data-end=\"763\">\ud83d\udd75\ufe0f\u200d\u2642\ufe0f Bei ihren Ermittlungen entdecken sie <strong data-start=\"490\" data-end=\"565\">versteckte Hinweise, geheimnisvolle Verstecke und ein cleveres Komplott<\/strong>, das der Pirat akribisch vorbereitet hat.<br data-start=\"607\" data-end=\"610\" \/>Mit Kombinationsgabe, Mut und detektivischem Scharfsinn decken sie Schritt f\u00fcr Schritt die Wahrheit auf und entlarven den T\u00e4ter hinter der roten Maske.<\/p>\n<p data-start=\"765\" data-end=\"878\">\ud83d\udd0d <strong data-start=\"768\" data-end=\"799\">Ein actionreicher Klassiker<\/strong>, der Abenteuer, Spannung und typische Drei-???-Atmosph\u00e4re perfekt verbindet.<\/p>\n<hr data-start=\"880\" data-end=\"883\" \/>\n<p data-start=\"885\" data-end=\"1015\">\ud83d\udcb3 <strong data-start=\"888\" data-end=\"907\">Nach Bezahlung:<\/strong><br data-start=\"907\" data-end=\"910\" \/>\ud83d\udcbb Sofortiger Download f\u00fcr PC<br data-start=\"939\" data-end=\"942\" \/>\ud83d\udcf1 Sofortiger Download f\u00fcrs Handy<br data-start=\"975\" data-end=\"978\" \/>\ud83d\udda5\ufe0f Sofortiger Download f\u00fcrs Tablet<\/p>\n<p data-start=\"1017\" data-end=\"1060\" data-is-last-node=\"\" data-is-only-node=\"\">\ud83d\udca5 <strong data-start=\"1020\" data-end=\"1057\">Einmal gekauft \u2013 f\u00fcr immer deins!<\/strong> \ud83d\udca5<\/p>","protected":false},"excerpt":{"rendered":"<p>\ud83c\udfa7 H\u00f6rspiel: Die Drei Fragezeichen \u2013 Folge 034: Der rote Pirat \ud83c\udfa7 \ud83c\udff4\u200d\u2620\ufe0f Ein geheimnisvoller Pirat. R\u00e4tselhafte \u00dcberf\u00e4lle. Und ein Fall voller Abenteuer.In \u201eDer rote Pirat\u201c geraten Justus, Peter und Bob in ein spannendes Abenteuer, als ein maskierter T\u00e4ter, bekannt als der \u201erote Pirat\u201c, in Rocky Beach f\u00fcr Aufsehen sorgt. Wertvolle Gegenst\u00e4nde verschwinden, und die [&hellip;]<\/p>\n","protected":false},"featured_media":1286,"comment_status":"open","ping_status":"closed","template":"","meta":[],"product_brand":[],"product_cat":[36],"product_tag":[],"class_list":{"0":"post-1285","1":"product","2":"type-product","3":"status-publish","4":"has-post-thumbnail","6":"product_cat-hoerspiel-die-3","8":"first","9":"instock","10":"sale","11":"virtual","12":"purchasable","13":"product-type-simple"},"jetpack_sharing_enabled":true,"_links":{"self":[{"href":"https:\/\/audiobook-24.com\/en\/wp-json\/wp\/v2\/product\/1285","targetHints":{"allow":["GET"]}}],"collection":[{"href":"https:\/\/audiobook-24.com\/en\/wp-json\/wp\/v2\/product"}],"about":[{"href":"https:\/\/audiobook-24.com\/en\/wp-json\/wp\/v2\/types\/product"}],"replies":[{"embeddable":true,"href":"https:\/\/audiobook-24.com\/en\/wp-json\/wp\/v2\/comments?post=1285"}],"wp:featuredmedia":[{"embeddable":true,"href":"https:\/\/audiobook-24.com\/en\/wp-json\/wp\/v2\/media\/1286"}],"wp:attachment":[{"href":"https:\/\/audiobook-24.com\/en\/wp-json\/wp\/v2\/media?parent=1285"}],"wp:term":[{"taxonomy":"product_brand","embeddable":true,"href":"https:\/\/audiobook-24.com\/en\/wp-json\/wp\/v2\/product_brand?post=1285"},{"taxonomy":"product_cat","embeddable":true,"href":"https:\/\/audiobook-24.com\/en\/wp-json\/wp\/v2\/product_cat?post=1285"},{"taxonomy":"product_tag","embeddable":true,"href":"https:\/\/audiobook-24.com\/en\/wp-json\/wp\/v2\/product_tag?post=1285"}],"curies":[{"name":"wp","href":"https:\/\/api.w.org\/{rel}","templated":true}]}}