{"id":1283,"date":"2025-11-22T20:59:46","date_gmt":"2025-11-22T20:59:46","guid":{"rendered":"https:\/\/audiobook-24.com\/?post_type=product&#038;p=1283"},"modified":"2025-11-22T20:59:47","modified_gmt":"2025-11-22T20:59:47","slug":"%f0%9f%8e%a7-hoerspiel-die-drei-fragezeichen-folge-032-der-ameisenmensch-%f0%9f%8e%a7","status":"publish","type":"product","link":"https:\/\/audiobook-24.com\/en\/product\/%f0%9f%8e%a7-hoerspiel-die-drei-fragezeichen-folge-032-der-ameisenmensch-%f0%9f%8e%a7\/","title":{"rendered":"\ud83c\udfa7 H\u00f6rspiel: Die Drei Fragezeichen \u2013 Folge 032: Der Ameisenmensch \ud83c\udfa7"},"content":{"rendered":"<p data-start=\"0\" data-end=\"76\">\ud83c\udfa7 <strong data-start=\"3\" data-end=\"71\">H\u00f6rspiel: Die Drei Fragezeichen \u2013 <em data-start=\"39\" data-end=\"69\">Folge 032: Der Ameisenmensch<\/em><\/strong> \ud83c\udfa7<\/p>\n<p data-start=\"78\" data-end=\"421\">\ud83d\udc1c <strong data-start=\"81\" data-end=\"165\">Ein mysteri\u00f6ser T\u00e4ter. Seltsame Spuren. Und ein Fall voller R\u00e4tsel und Spannung.<\/strong><br data-start=\"165\" data-end=\"168\" \/>In <em data-start=\"171\" data-end=\"192\">\u201eDer Ameisenmensch\u201c<\/em> werden Justus, Peter und Bob mit einer Reihe unheimlicher Ereignisse konfrontiert: Ein maskierter Unbekannter treibt sein Unwesen, hinterl\u00e4sst merkw\u00fcrdige Hinweise und scheint den Detektiven immer einen Schritt voraus zu sein.<\/p>\n<p data-start=\"423\" data-end=\"742\">\ud83d\udd75\ufe0f\u200d\u2642\ufe0f Die Drei Fragezeichen folgen <strong data-start=\"459\" data-end=\"535\">versteckten Spuren, geheimnisvollen Botschaften und cleveren T\u00e4uschungen<\/strong>, die sie in ein gef\u00e4hrliches Spiel verwickeln.<br data-start=\"582\" data-end=\"585\" \/>Mit Scharfsinn, Teamarbeit und detektivischem Gesp\u00fcr kommen sie dem geheimnisvollen \u201eAmeisenmenschen\u201c nach und decken Schritt f\u00fcr Schritt die Wahrheit auf.<\/p>\n<p data-start=\"744\" data-end=\"871\">\ud83d\udd0d <strong data-start=\"747\" data-end=\"792\">Ein spannender, atmosph\u00e4rischer Klassiker<\/strong>, der Nervenkitzel, R\u00e4tsel und echte Drei-???-Detektivarbeit perfekt vereint.<\/p>\n<hr data-start=\"873\" data-end=\"876\" \/>\n<p data-start=\"878\" data-end=\"1008\">\ud83d\udcb3 <strong data-start=\"881\" data-end=\"900\">Nach Bezahlung:<\/strong><br data-start=\"900\" data-end=\"903\" \/>\ud83d\udcbb Sofortiger Download f\u00fcr PC<br data-start=\"932\" data-end=\"935\" \/>\ud83d\udcf1 Sofortiger Download f\u00fcrs Handy<br data-start=\"968\" data-end=\"971\" \/>\ud83d\udda5\ufe0f Sofortiger Download f\u00fcrs Tablet<\/p>\n<p data-start=\"1010\" data-end=\"1053\" data-is-last-node=\"\" data-is-only-node=\"\">\ud83d\udca5 <strong data-start=\"1013\" data-end=\"1050\">Einmal gekauft \u2013 f\u00fcr immer deins!<\/strong> \ud83d\udca5<\/p>","protected":false},"excerpt":{"rendered":"<p>\ud83c\udfa7 H\u00f6rspiel: Die Drei Fragezeichen \u2013 Folge 032: Der Ameisenmensch \ud83c\udfa7 \ud83d\udc1c Ein mysteri\u00f6ser T\u00e4ter. Seltsame Spuren. Und ein Fall voller R\u00e4tsel und Spannung.In \u201eDer Ameisenmensch\u201c werden Justus, Peter und Bob mit einer Reihe unheimlicher Ereignisse konfrontiert: Ein maskierter Unbekannter treibt sein Unwesen, hinterl\u00e4sst merkw\u00fcrdige Hinweise und scheint den Detektiven immer einen Schritt voraus zu [&hellip;]<\/p>\n","protected":false},"featured_media":1284,"comment_status":"open","ping_status":"closed","template":"","meta":[],"product_brand":[],"product_cat":[36],"product_tag":[],"class_list":{"0":"post-1283","1":"product","2":"type-product","3":"status-publish","4":"has-post-thumbnail","6":"product_cat-hoerspiel-die-3","8":"first","9":"instock","10":"sale","11":"virtual","12":"purchasable","13":"product-type-simple"},"jetpack_sharing_enabled":true,"_links":{"self":[{"href":"https:\/\/audiobook-24.com\/en\/wp-json\/wp\/v2\/product\/1283","targetHints":{"allow":["GET"]}}],"collection":[{"href":"https:\/\/audiobook-24.com\/en\/wp-json\/wp\/v2\/product"}],"about":[{"href":"https:\/\/audiobook-24.com\/en\/wp-json\/wp\/v2\/types\/product"}],"replies":[{"embeddable":true,"href":"https:\/\/audiobook-24.com\/en\/wp-json\/wp\/v2\/comments?post=1283"}],"wp:featuredmedia":[{"embeddable":true,"href":"https:\/\/audiobook-24.com\/en\/wp-json\/wp\/v2\/media\/1284"}],"wp:attachment":[{"href":"https:\/\/audiobook-24.com\/en\/wp-json\/wp\/v2\/media?parent=1283"}],"wp:term":[{"taxonomy":"product_brand","embeddable":true,"href":"https:\/\/audiobook-24.com\/en\/wp-json\/wp\/v2\/product_brand?post=1283"},{"taxonomy":"product_cat","embeddable":true,"href":"https:\/\/audiobook-24.com\/en\/wp-json\/wp\/v2\/product_cat?post=1283"},{"taxonomy":"product_tag","embeddable":true,"href":"https:\/\/audiobook-24.com\/en\/wp-json\/wp\/v2\/product_tag?post=1283"}],"curies":[{"name":"wp","href":"https:\/\/api.w.org\/{rel}","templated":true}]}}