{"id":1280,"date":"2025-11-22T20:05:03","date_gmt":"2025-11-22T20:05:03","guid":{"rendered":"https:\/\/audiobook-24.com\/?post_type=product&#038;p=1280"},"modified":"2025-11-22T20:05:04","modified_gmt":"2025-11-22T20:05:04","slug":"%f0%9f%8e%a7-hoerspiel-die-drei-fragezeichen-folge-031-das-narbengesicht-%f0%9f%8e%a7","status":"publish","type":"product","link":"https:\/\/audiobook-24.com\/en\/product\/%f0%9f%8e%a7-hoerspiel-die-drei-fragezeichen-folge-031-das-narbengesicht-%f0%9f%8e%a7\/","title":{"rendered":"\ud83c\udfa7 H\u00f6rspiel: Die Drei Fragezeichen \u2013 Folge 031: Das Narbengesicht \ud83c\udfa7"},"content":{"rendered":"<p data-start=\"0\" data-end=\"76\">\ud83c\udfa7 <strong data-start=\"3\" data-end=\"71\">H\u00f6rspiel: Die Drei Fragezeichen \u2013 <em data-start=\"39\" data-end=\"69\">Folge 031: Das Narbengesicht<\/em><\/strong> \ud83c\udfa7<\/p>\n<p data-start=\"78\" data-end=\"480\">\ud83d\ude31 <strong data-start=\"81\" data-end=\"174\">Ein unheimlicher T\u00e4ter. Geheimnisvolle Angriffe. Und ein Fall voller Spannung und Gefahr.<\/strong><br data-start=\"174\" data-end=\"177\" \/>In <em data-start=\"180\" data-end=\"201\">\u201eDas Narbengesicht\u201c<\/em> geraten Justus, Peter und Bob in ein gef\u00e4hrliches Abenteuer, als eine Reihe mysteri\u00f6ser \u00dcberf\u00e4lle die Bewohner von Rocky Beach in Angst und Schrecken versetzt. Alle Spuren f\u00fchren zu einem Mann mit einem auff\u00e4lligen Narbengesicht \u2013 doch steckt wirklich er hinter den Vorf\u00e4llen?<\/p>\n<p data-start=\"482\" data-end=\"810\">\ud83d\udd75\ufe0f\u200d\u2642\ufe0f Die Drei Fragezeichen nehmen die Ermittlungen auf und entdecken <strong data-start=\"553\" data-end=\"631\">versteckte Hinweise, geheime Machenschaften und eine raffinierte T\u00e4uschung<\/strong>, die den T\u00e4ter geschickt verschleiern soll.<br data-start=\"675\" data-end=\"678\" \/>Mit Mut, Scharfsinn und detektivischem Sp\u00fcrsinn kommen sie Schritt f\u00fcr Schritt der Wahrheit n\u00e4her und l\u00f6sen das mysteri\u00f6se R\u00e4tsel.<\/p>\n<p data-start=\"812\" data-end=\"938\">\ud83d\udd0d <strong data-start=\"815\" data-end=\"860\">Ein klassischer, spannender Drei-???-Fall<\/strong>, der Nervenkitzel, R\u00e4tsel und cleveres Detektivhandwerk perfekt kombiniert.<\/p>\n<hr data-start=\"940\" data-end=\"943\" \/>\n<p data-start=\"945\" data-end=\"1075\">\ud83d\udcb3 <strong data-start=\"948\" data-end=\"967\">Nach Bezahlung:<\/strong><br data-start=\"967\" data-end=\"970\" \/>\ud83d\udcbb Sofortiger Download f\u00fcr PC<br data-start=\"999\" data-end=\"1002\" \/>\ud83d\udcf1 Sofortiger Download f\u00fcrs Handy<br data-start=\"1035\" data-end=\"1038\" \/>\ud83d\udda5\ufe0f Sofortiger Download f\u00fcrs Tablet<\/p>\n<p data-start=\"1077\" data-end=\"1120\" data-is-last-node=\"\" data-is-only-node=\"\">\ud83d\udca5 <strong data-start=\"1080\" data-end=\"1117\">Einmal gekauft \u2013 f\u00fcr immer deins!<\/strong> \ud83d\udca5<\/p>","protected":false},"excerpt":{"rendered":"<p>\ud83c\udfa7 H\u00f6rspiel: Die Drei Fragezeichen \u2013 Folge 031: Das Narbengesicht \ud83c\udfa7 \ud83d\ude31 Ein unheimlicher T\u00e4ter. Geheimnisvolle Angriffe. Und ein Fall voller Spannung und Gefahr.In \u201eDas Narbengesicht\u201c geraten Justus, Peter und Bob in ein gef\u00e4hrliches Abenteuer, als eine Reihe mysteri\u00f6ser \u00dcberf\u00e4lle die Bewohner von Rocky Beach in Angst und Schrecken versetzt. Alle Spuren f\u00fchren zu einem [&hellip;]<\/p>\n","protected":false},"featured_media":1281,"comment_status":"open","ping_status":"closed","template":"","meta":[],"product_brand":[],"product_cat":[36],"product_tag":[],"class_list":{"0":"post-1280","1":"product","2":"type-product","3":"status-publish","4":"has-post-thumbnail","6":"product_cat-hoerspiel-die-3","8":"first","9":"instock","10":"sale","11":"virtual","12":"purchasable","13":"product-type-simple"},"jetpack_sharing_enabled":true,"_links":{"self":[{"href":"https:\/\/audiobook-24.com\/en\/wp-json\/wp\/v2\/product\/1280","targetHints":{"allow":["GET"]}}],"collection":[{"href":"https:\/\/audiobook-24.com\/en\/wp-json\/wp\/v2\/product"}],"about":[{"href":"https:\/\/audiobook-24.com\/en\/wp-json\/wp\/v2\/types\/product"}],"replies":[{"embeddable":true,"href":"https:\/\/audiobook-24.com\/en\/wp-json\/wp\/v2\/comments?post=1280"}],"wp:featuredmedia":[{"embeddable":true,"href":"https:\/\/audiobook-24.com\/en\/wp-json\/wp\/v2\/media\/1281"}],"wp:attachment":[{"href":"https:\/\/audiobook-24.com\/en\/wp-json\/wp\/v2\/media?parent=1280"}],"wp:term":[{"taxonomy":"product_brand","embeddable":true,"href":"https:\/\/audiobook-24.com\/en\/wp-json\/wp\/v2\/product_brand?post=1280"},{"taxonomy":"product_cat","embeddable":true,"href":"https:\/\/audiobook-24.com\/en\/wp-json\/wp\/v2\/product_cat?post=1280"},{"taxonomy":"product_tag","embeddable":true,"href":"https:\/\/audiobook-24.com\/en\/wp-json\/wp\/v2\/product_tag?post=1280"}],"curies":[{"name":"wp","href":"https:\/\/api.w.org\/{rel}","templated":true}]}}