{"id":128,"date":"2025-11-14T16:56:11","date_gmt":"2025-11-14T16:56:11","guid":{"rendered":"https:\/\/audiobook-24.com\/?post_type=product&#038;p=128"},"modified":"2025-11-14T16:56:11","modified_gmt":"2025-11-14T16:56:11","slug":"hoerbuch-olaf-ermittelt-der-kanzler-krimi","status":"publish","type":"product","link":"https:\/\/audiobook-24.com\/en\/product\/hoerbuch-olaf-ermittelt-der-kanzler-krimi\/","title":{"rendered":"H\u00f6rbuch: OLAF ERMITTELT \u2013 Der Kanzler-Krimi"},"content":{"rendered":"<h3 class=\"\">H\u00f6rbuch: OLAF ERMITTELT \u2013 Der Kanzler-Krimi<\/h3>\n<p class=\"\"><strong>&#8222;OLAF ERMITTELT \u2013 Der Kanzler-Krimi&#8220;<\/strong>\u00a0ist ein spannendes H\u00f6rbuch, das die H\u00f6rer in die turbulente Welt der politischen Intrigen und Kriminalf\u00e4lle entf\u00fchrt. Es kombiniert spannende Ermittlungen mit einer Prise Humor und aktuellen politischen Themen.<\/p>\n<p>Handlung<\/p>\n<p class=\"\">In diesem Krimi geht es um:<\/p>\n<ul class=\"\">\n<li class=\"\"><strong>Ein mysteri\u00f6ser Mordfall im Kanzleramt<\/strong><\/li>\n<li class=\"\"><strong>Politische Machenschaften und Geheimnisse<\/strong><\/li>\n<li class=\"\"><strong>Den unerm\u00fcdlichen Einsatz von Kommissar Olaf bei der Aufkl\u00e4rung<\/strong><\/li>\n<\/ul>\n<p class=\"\">Die abwechslungsreiche Handlung und die treffenden Dialoge sorgen f\u00fcr Unterhaltung und fesseln die Zuh\u00f6rer bis zur letzten Minute.<\/p>\n<p>Spieldauer<\/p>\n<p class=\"\">Die Gesamtl\u00e4nge des H\u00f6rbuchs betr\u00e4gt\u00a0<strong>etwa 7 Stunden<\/strong>.<\/p>\n<hr \/>\n<p class=\"\">\ud83d\udcb3\u00a0<strong>Nach der Bezahlung bekommen Sie sofort den Downloadlink von uns und k\u00f6nnen Ihr H\u00f6rspiel auf Handy, Tablet, MP3-Player oder PC in vollen Z\u00fcgen genie\u00dfen.<\/strong><\/p>\n<p class=\"\">\ud83d\udcf1 Handy\u2003|\u2003\ud83d\udcf2 Tablet\u2003|\u2003\ud83c\udfa7 MP3-Player\u2003|\u2003\ud83d\udcbb PC<\/p>","protected":false},"excerpt":{"rendered":"<p>H\u00f6rbuch: OLAF ERMITTELT \u2013 Der Kanzler-Krimi &#8222;OLAF ERMITTELT \u2013 Der Kanzler-Krimi&#8220;\u00a0ist ein spannendes H\u00f6rbuch, das die H\u00f6rer in die turbulente Welt der politischen Intrigen und Kriminalf\u00e4lle entf\u00fchrt. Es kombiniert spannende Ermittlungen mit einer Prise Humor und aktuellen politischen Themen. Handlung In diesem Krimi geht es um: Ein mysteri\u00f6ser Mordfall im Kanzleramt Politische Machenschaften und Geheimnisse [&hellip;]<\/p>\n","protected":false},"featured_media":129,"comment_status":"open","ping_status":"closed","template":"","meta":[],"product_brand":[],"product_cat":[19],"product_tag":[],"class_list":{"0":"post-128","1":"product","2":"type-product","3":"status-publish","4":"has-post-thumbnail","6":"product_cat-hoerbuecher","8":"first","9":"instock","10":"sale","11":"virtual","12":"purchasable","13":"product-type-simple"},"jetpack_sharing_enabled":true,"_links":{"self":[{"href":"https:\/\/audiobook-24.com\/en\/wp-json\/wp\/v2\/product\/128","targetHints":{"allow":["GET"]}}],"collection":[{"href":"https:\/\/audiobook-24.com\/en\/wp-json\/wp\/v2\/product"}],"about":[{"href":"https:\/\/audiobook-24.com\/en\/wp-json\/wp\/v2\/types\/product"}],"replies":[{"embeddable":true,"href":"https:\/\/audiobook-24.com\/en\/wp-json\/wp\/v2\/comments?post=128"}],"wp:featuredmedia":[{"embeddable":true,"href":"https:\/\/audiobook-24.com\/en\/wp-json\/wp\/v2\/media\/129"}],"wp:attachment":[{"href":"https:\/\/audiobook-24.com\/en\/wp-json\/wp\/v2\/media?parent=128"}],"wp:term":[{"taxonomy":"product_brand","embeddable":true,"href":"https:\/\/audiobook-24.com\/en\/wp-json\/wp\/v2\/product_brand?post=128"},{"taxonomy":"product_cat","embeddable":true,"href":"https:\/\/audiobook-24.com\/en\/wp-json\/wp\/v2\/product_cat?post=128"},{"taxonomy":"product_tag","embeddable":true,"href":"https:\/\/audiobook-24.com\/en\/wp-json\/wp\/v2\/product_tag?post=128"}],"curies":[{"name":"wp","href":"https:\/\/api.w.org\/{rel}","templated":true}]}}