{"id":1278,"date":"2025-11-22T20:03:25","date_gmt":"2025-11-22T20:03:25","guid":{"rendered":"https:\/\/audiobook-24.com\/?post_type=product&#038;p=1278"},"modified":"2025-11-22T20:03:25","modified_gmt":"2025-11-22T20:03:25","slug":"%f0%9f%8e%a7-hoerspiel-die-drei-fragezeichen-folge-030-das-riff-der-haie-%f0%9f%8e%a7","status":"publish","type":"product","link":"https:\/\/audiobook-24.com\/en\/product\/%f0%9f%8e%a7-hoerspiel-die-drei-fragezeichen-folge-030-das-riff-der-haie-%f0%9f%8e%a7\/","title":{"rendered":"\ud83c\udfa7 H\u00f6rspiel: Die Drei Fragezeichen \u2013 Folge 030: Das Riff der Haie \ud83c\udfa7"},"content":{"rendered":"<p data-start=\"0\" data-end=\"76\">\ud83c\udfa7 <strong data-start=\"3\" data-end=\"71\">H\u00f6rspiel: Die Drei Fragezeichen \u2013 <em data-start=\"39\" data-end=\"69\">Folge 030: Das Riff der Haie<\/em><\/strong> \ud83c\udfa7<\/p>\n<p data-start=\"78\" data-end=\"448\">\ud83e\udd88 <strong data-start=\"81\" data-end=\"164\">Gef\u00e4hrliche Str\u00f6mungen. R\u00e4tselhafte Vorf\u00e4lle. Und ein Fall voller Nervenkitzel.<\/strong><br data-start=\"164\" data-end=\"167\" \/>In <em data-start=\"170\" data-end=\"191\">\u201eDas Riff der Haie\u201c<\/em> geraten Justus, Peter und Bob in ein spannendes Abenteuer an der K\u00fcste. Ein mysteri\u00f6ses Riff wird f\u00fcr Schiffsungl\u00fccke verantwortlich gemacht, und es scheint, als lauerten dort unsichtbare Gefahren \u2013 oder steckt jemand hinter den gef\u00e4hrlichen Ereignissen?<\/p>\n<p data-start=\"450\" data-end=\"751\">\ud83d\udd75\ufe0f\u200d\u2642\ufe0f Die Drei Fragezeichen folgen <strong data-start=\"486\" data-end=\"561\">versteckten Hinweisen, geheimnisvollen Spuren und riskanten Situationen<\/strong>, die sie direkt in das Herz des gef\u00e4hrlichen Komplotts f\u00fchren.<br data-start=\"624\" data-end=\"627\" \/>Mit Kombinationsgabe, Mut und cleveren Strategien decken sie Schritt f\u00fcr Schritt die Wahrheit auf und entlarven den T\u00e4ter.<\/p>\n<p data-start=\"753\" data-end=\"878\">\ud83d\udd0d <strong data-start=\"756\" data-end=\"799\">Ein spannender, actionreicher Klassiker<\/strong>, der Abenteuer, R\u00e4tsel und die typische Drei-???-Atmosph\u00e4re perfekt vereint.<\/p>\n<hr data-start=\"880\" data-end=\"883\" \/>\n<p data-start=\"885\" data-end=\"1015\">\ud83d\udcb3 <strong data-start=\"888\" data-end=\"907\">Nach Bezahlung:<\/strong><br data-start=\"907\" data-end=\"910\" \/>\ud83d\udcbb Sofortiger Download f\u00fcr PC<br data-start=\"939\" data-end=\"942\" \/>\ud83d\udcf1 Sofortiger Download f\u00fcrs Handy<br data-start=\"975\" data-end=\"978\" \/>\ud83d\udda5\ufe0f Sofortiger Download f\u00fcrs Tablet<\/p>\n<p data-start=\"1017\" data-end=\"1060\" data-is-last-node=\"\" data-is-only-node=\"\">\ud83d\udca5 <strong data-start=\"1020\" data-end=\"1057\">Einmal gekauft \u2013 f\u00fcr immer deins!<\/strong> \ud83d\udca5<\/p>","protected":false},"excerpt":{"rendered":"<p>\ud83c\udfa7 H\u00f6rspiel: Die Drei Fragezeichen \u2013 Folge 030: Das Riff der Haie \ud83c\udfa7 \ud83e\udd88 Gef\u00e4hrliche Str\u00f6mungen. R\u00e4tselhafte Vorf\u00e4lle. Und ein Fall voller Nervenkitzel.In \u201eDas Riff der Haie\u201c geraten Justus, Peter und Bob in ein spannendes Abenteuer an der K\u00fcste. Ein mysteri\u00f6ses Riff wird f\u00fcr Schiffsungl\u00fccke verantwortlich gemacht, und es scheint, als lauerten dort unsichtbare Gefahren [&hellip;]<\/p>\n","protected":false},"featured_media":1279,"comment_status":"open","ping_status":"closed","template":"","meta":[],"product_brand":[],"product_cat":[36],"product_tag":[],"class_list":{"0":"post-1278","1":"product","2":"type-product","3":"status-publish","4":"has-post-thumbnail","6":"product_cat-hoerspiel-die-3","8":"first","9":"instock","10":"sale","11":"virtual","12":"purchasable","13":"product-type-simple"},"jetpack_sharing_enabled":true,"_links":{"self":[{"href":"https:\/\/audiobook-24.com\/en\/wp-json\/wp\/v2\/product\/1278","targetHints":{"allow":["GET"]}}],"collection":[{"href":"https:\/\/audiobook-24.com\/en\/wp-json\/wp\/v2\/product"}],"about":[{"href":"https:\/\/audiobook-24.com\/en\/wp-json\/wp\/v2\/types\/product"}],"replies":[{"embeddable":true,"href":"https:\/\/audiobook-24.com\/en\/wp-json\/wp\/v2\/comments?post=1278"}],"wp:featuredmedia":[{"embeddable":true,"href":"https:\/\/audiobook-24.com\/en\/wp-json\/wp\/v2\/media\/1279"}],"wp:attachment":[{"href":"https:\/\/audiobook-24.com\/en\/wp-json\/wp\/v2\/media?parent=1278"}],"wp:term":[{"taxonomy":"product_brand","embeddable":true,"href":"https:\/\/audiobook-24.com\/en\/wp-json\/wp\/v2\/product_brand?post=1278"},{"taxonomy":"product_cat","embeddable":true,"href":"https:\/\/audiobook-24.com\/en\/wp-json\/wp\/v2\/product_cat?post=1278"},{"taxonomy":"product_tag","embeddable":true,"href":"https:\/\/audiobook-24.com\/en\/wp-json\/wp\/v2\/product_tag?post=1278"}],"curies":[{"name":"wp","href":"https:\/\/api.w.org\/{rel}","templated":true}]}}