{"id":1276,"date":"2025-11-22T20:01:44","date_gmt":"2025-11-22T20:01:44","guid":{"rendered":"https:\/\/audiobook-24.com\/?post_type=product&#038;p=1276"},"modified":"2025-11-22T20:01:44","modified_gmt":"2025-11-22T20:01:44","slug":"%f0%9f%8e%a7-hoerspiel-die-drei-fragezeichen-folge-029-die-originalmusik-%f0%9f%8e%a7","status":"publish","type":"product","link":"https:\/\/audiobook-24.com\/en\/product\/%f0%9f%8e%a7-hoerspiel-die-drei-fragezeichen-folge-029-die-originalmusik-%f0%9f%8e%a7\/","title":{"rendered":"\ud83c\udfa7 H\u00f6rspiel: Die Drei Fragezeichen \u2013 Folge 029: Die Originalmusik \ud83c\udfa7"},"content":{"rendered":"<article class=\"text-token-text-primary w-full focus:outline-none [--shadow-height:45px] has-data-writing-block:pointer-events-none has-data-writing-block:-mt-(--shadow-height) has-data-writing-block:pt-(--shadow-height) [&amp;:has([data-writing-block])&gt;*]:pointer-events-auto [content-visibility:auto] supports-[content-visibility:auto]:[contain-intrinsic-size:auto_100lvh] scroll-mt-[calc(var(--header-height)+min(200px,max(70px,20svh)))]\" dir=\"auto\" tabindex=\"-1\" data-turn-id=\"request-WEB:7d0a695c-ec09-4340-8d06-c4f63e05a2cb-61\" data-testid=\"conversation-turn-124\" data-scroll-anchor=\"true\" data-turn=\"assistant\">\n<div class=\"text-base my-auto mx-auto pb-10 [--thread-content-margin:--spacing(4)] thread-sm:[--thread-content-margin:--spacing(6)] thread-lg:[--thread-content-margin:--spacing(16)] px-(--thread-content-margin)\">\n<div class=\"[--thread-content-max-width:40rem] thread-lg:[--thread-content-max-width:48rem] mx-auto max-w-(--thread-content-max-width) flex-1 group\/turn-messages focus-visible:outline-hidden relative flex w-full min-w-0 flex-col agent-turn\" tabindex=\"-1\">\n<div class=\"flex max-w-full flex-col grow\">\n<div class=\"min-h-8 text-message relative flex w-full flex-col items-end gap-2 text-start break-words whitespace-normal [.text-message+&amp;]:mt-1\" dir=\"auto\" data-message-author-role=\"assistant\" data-message-id=\"296d013e-531c-4e4c-b072-610d623f5bb8\" data-message-model-slug=\"gpt-5-1\">\n<div class=\"flex w-full flex-col gap-1 empty:hidden first:pt-[1px]\">\n<div class=\"markdown prose dark:prose-invert w-full break-words light markdown-new-styling\">\n<p data-start=\"0\" data-end=\"76\">\ud83c\udfa7 <strong data-start=\"3\" data-end=\"71\">H\u00f6rspiel: Die Drei Fragezeichen \u2013 <em data-start=\"39\" data-end=\"69\">Folge 029: Die Originalmusik<\/em><\/strong> \ud83c\udfa7<\/p>\n<p data-start=\"78\" data-end=\"492\">\ud83c\udfbc <strong data-start=\"81\" data-end=\"178\">Geheimnisvolle Melodien. Verborgene Botschaften. Und ein Fall, der tiefer geht als jeder Ton.<\/strong><br data-start=\"178\" data-end=\"181\" \/>In <em data-start=\"184\" data-end=\"205\">\u201eDie Originalmusik\u201c<\/em> geraten Justus, Peter und Bob in einen ungew\u00f6hnlichen Fall rund um eine alte Musikaufnahme, die pl\u00f6tzlich hei\u00df begehrt ist. Eine geheimnisvolle Melodie, merkw\u00fcrdige Zwischenf\u00e4lle und r\u00e4tselhafte Personen lassen die drei Detektive schnell erkennen: <strong data-start=\"454\" data-end=\"490\">Diese Musik birgt ein Geheimnis.<\/strong><\/p>\n<p data-start=\"494\" data-end=\"838\">\ud83d\udd75\ufe0f\u200d\u2642\ufe0f Bei ihren Ermittlungen sto\u00dfen sie auf <strong data-start=\"539\" data-end=\"616\">verschl\u00fcsselte Hinweise, versteckte Bedeutungen und ein cleveres Komplott<\/strong>, das weit mehr umfasst als nur ein paar Noten.<br data-start=\"663\" data-end=\"666\" \/>Mit Sp\u00fcrsinn, Mut und einem feinen Geh\u00f6r kommen die Drei Fragezeichen Schritt f\u00fcr Schritt der Wahrheit n\u00e4her \u2013 und l\u00fcften das R\u00e4tsel hinter der mysteri\u00f6sen Originalmusik.<\/p>\n<p data-start=\"840\" data-end=\"957\">\ud83d\udd0d <strong data-start=\"843\" data-end=\"882\">Ein spannender, ungew\u00f6hnlicher Fall<\/strong>, der Musik, R\u00e4tsel und klassische Drei-???-Atmosph\u00e4re perfekt verbindet.<\/p>\n<hr data-start=\"959\" data-end=\"962\" \/>\n<p data-start=\"964\" data-end=\"1094\">\ud83d\udcb3 <strong data-start=\"967\" data-end=\"986\">Nach Bezahlung:<\/strong><br data-start=\"986\" data-end=\"989\" \/>\ud83d\udcbb Sofortiger Download f\u00fcr PC<br data-start=\"1018\" data-end=\"1021\" \/>\ud83d\udcf1 Sofortiger Download f\u00fcrs Handy<br data-start=\"1054\" data-end=\"1057\" \/>\ud83d\udda5\ufe0f Sofortiger Download f\u00fcrs Tablet<\/p>\n<p data-start=\"1096\" data-end=\"1139\" data-is-last-node=\"\" data-is-only-node=\"\">\ud83d\udca5 <strong data-start=\"1099\" data-end=\"1136\">Einmal gekauft \u2013 f\u00fcr immer deins!<\/strong> \ud83d\udca5<\/p>\n<\/div>\n<\/div>\n<\/div>\n<\/div>\n<div class=\"z-0 flex min-h-[46px] justify-start\"><\/div>\n<div class=\"mt-3 w-full empty:hidden\">\n<div class=\"text-center\"><\/div>\n<\/div>\n<\/div>\n<\/div>\n<\/article>\n<div class=\"pointer-events-none h-px w-px\" aria-hidden=\"true\" data-edge=\"true\"><\/div>\n","protected":false},"excerpt":{"rendered":"<p>\ud83c\udfa7 H\u00f6rspiel: Die Drei Fragezeichen \u2013 Folge 029: Die Originalmusik \ud83c\udfa7 \ud83c\udfbc Geheimnisvolle Melodien. Verborgene Botschaften. Und ein Fall, der tiefer geht als jeder Ton.In \u201eDie Originalmusik\u201c geraten Justus, Peter und Bob in einen ungew\u00f6hnlichen Fall rund um eine alte Musikaufnahme, die pl\u00f6tzlich hei\u00df begehrt ist. Eine geheimnisvolle Melodie, merkw\u00fcrdige Zwischenf\u00e4lle und r\u00e4tselhafte Personen lassen [&hellip;]<\/p>\n","protected":false},"featured_media":1277,"comment_status":"open","ping_status":"closed","template":"","meta":[],"product_brand":[],"product_cat":[36],"product_tag":[],"class_list":{"0":"post-1276","1":"product","2":"type-product","3":"status-publish","4":"has-post-thumbnail","6":"product_cat-hoerspiel-die-3","8":"first","9":"instock","10":"sale","11":"virtual","12":"purchasable","13":"product-type-simple"},"jetpack_sharing_enabled":true,"_links":{"self":[{"href":"https:\/\/audiobook-24.com\/en\/wp-json\/wp\/v2\/product\/1276","targetHints":{"allow":["GET"]}}],"collection":[{"href":"https:\/\/audiobook-24.com\/en\/wp-json\/wp\/v2\/product"}],"about":[{"href":"https:\/\/audiobook-24.com\/en\/wp-json\/wp\/v2\/types\/product"}],"replies":[{"embeddable":true,"href":"https:\/\/audiobook-24.com\/en\/wp-json\/wp\/v2\/comments?post=1276"}],"wp:featuredmedia":[{"embeddable":true,"href":"https:\/\/audiobook-24.com\/en\/wp-json\/wp\/v2\/media\/1277"}],"wp:attachment":[{"href":"https:\/\/audiobook-24.com\/en\/wp-json\/wp\/v2\/media?parent=1276"}],"wp:term":[{"taxonomy":"product_brand","embeddable":true,"href":"https:\/\/audiobook-24.com\/en\/wp-json\/wp\/v2\/product_brand?post=1276"},{"taxonomy":"product_cat","embeddable":true,"href":"https:\/\/audiobook-24.com\/en\/wp-json\/wp\/v2\/product_cat?post=1276"},{"taxonomy":"product_tag","embeddable":true,"href":"https:\/\/audiobook-24.com\/en\/wp-json\/wp\/v2\/product_tag?post=1276"}],"curies":[{"name":"wp","href":"https:\/\/api.w.org\/{rel}","templated":true}]}}