{"id":1274,"date":"2025-11-22T19:59:59","date_gmt":"2025-11-22T19:59:59","guid":{"rendered":"https:\/\/audiobook-24.com\/?post_type=product&#038;p=1274"},"modified":"2025-11-22T19:59:59","modified_gmt":"2025-11-22T19:59:59","slug":"%f0%9f%8e%a7-hoerspiel-die-drei-fragezeichen-folge-028-der-doppelgaenger-%f0%9f%8e%a7","status":"publish","type":"product","link":"https:\/\/audiobook-24.com\/en\/product\/%f0%9f%8e%a7-hoerspiel-die-drei-fragezeichen-folge-028-der-doppelgaenger-%f0%9f%8e%a7\/","title":{"rendered":"\ud83c\udfa7 H\u00f6rspiel: Die Drei Fragezeichen \u2013 Folge 028: Der Doppelg\u00e4nger \ud83c\udfa7"},"content":{"rendered":"<p data-start=\"0\" data-end=\"75\">\ud83c\udfa7 <strong data-start=\"3\" data-end=\"70\">H\u00f6rspiel: Die Drei Fragezeichen \u2013 <em data-start=\"39\" data-end=\"68\">Folge 028: Der Doppelg\u00e4nger<\/em><\/strong> \ud83c\udfa7<\/p>\n<p data-start=\"77\" data-end=\"455\">\ud83d\udd76\ufe0f <strong data-start=\"81\" data-end=\"179\">Eine r\u00e4tselhafte Verwechslung. Ein gef\u00e4hrlicher Schwindel. Und ein Fall voller \u00dcberraschungen.<\/strong><br data-start=\"179\" data-end=\"182\" \/>In <em data-start=\"185\" data-end=\"205\">\u201eDer Doppelg\u00e4nger\u201c<\/em> geraten Justus, Peter und Bob in ein verwirrendes Abenteuer, als ein Mann auftaucht, der behauptet, verfolgt zu werden \u2013 von jemandem, der exakt aussieht wie er.<br data-start=\"367\" data-end=\"370\" \/>Schon bald wird klar: Hinter der Doppelg\u00e4nger-Geschichte steckt ein perfides Spiel.<\/p>\n<p data-start=\"457\" data-end=\"769\">\ud83d\udd75\ufe0f\u200d\u2642\ufe0f Die Drei Fragezeichen folgen <strong data-start=\"493\" data-end=\"569\">geheimen Hinweisen, falschen Identit\u00e4ten und t\u00e4uschend echten Illusionen<\/strong>, die sie immer tiefer in ein raffiniert geplantes Verbrechen ziehen.<br data-start=\"638\" data-end=\"641\" \/>Mit Cleverness, Mut und akkurater Beobachtung decken sie Schritt f\u00fcr Schritt die Wahrheit hinter dem mysteri\u00f6sen Ebenbild auf.<\/p>\n<p data-start=\"771\" data-end=\"888\">\ud83d\udd0d <strong data-start=\"774\" data-end=\"807\">Ein spannender, cleverer Fall<\/strong>, der Identit\u00e4t, T\u00e4uschung und echte Drei-???-Detektivarbeit perfekt verbindet.<\/p>\n<hr data-start=\"890\" data-end=\"893\" \/>\n<p data-start=\"895\" data-end=\"1025\">\ud83d\udcb3 <strong data-start=\"898\" data-end=\"917\">Nach Bezahlung:<\/strong><br data-start=\"917\" data-end=\"920\" \/>\ud83d\udcbb Sofortiger Download f\u00fcr PC<br data-start=\"949\" data-end=\"952\" \/>\ud83d\udcf1 Sofortiger Download f\u00fcrs Handy<br data-start=\"985\" data-end=\"988\" \/>\ud83d\udda5\ufe0f Sofortiger Download f\u00fcrs Tablet<\/p>\n<p data-start=\"1027\" data-end=\"1070\" data-is-last-node=\"\" data-is-only-node=\"\">\ud83d\udca5 <strong data-start=\"1030\" data-end=\"1067\">Einmal gekauft \u2013 f\u00fcr immer deins!<\/strong> \ud83d\udca5<\/p>","protected":false},"excerpt":{"rendered":"<p>\ud83c\udfa7 H\u00f6rspiel: Die Drei Fragezeichen \u2013 Folge 028: Der Doppelg\u00e4nger \ud83c\udfa7 \ud83d\udd76\ufe0f Eine r\u00e4tselhafte Verwechslung. Ein gef\u00e4hrlicher Schwindel. Und ein Fall voller \u00dcberraschungen.In \u201eDer Doppelg\u00e4nger\u201c geraten Justus, Peter und Bob in ein verwirrendes Abenteuer, als ein Mann auftaucht, der behauptet, verfolgt zu werden \u2013 von jemandem, der exakt aussieht wie er.Schon bald wird klar: Hinter [&hellip;]<\/p>\n","protected":false},"featured_media":1275,"comment_status":"open","ping_status":"closed","template":"","meta":[],"product_brand":[],"product_cat":[36],"product_tag":[],"class_list":{"0":"post-1274","1":"product","2":"type-product","3":"status-publish","4":"has-post-thumbnail","6":"product_cat-hoerspiel-die-3","8":"first","9":"instock","10":"sale","11":"virtual","12":"purchasable","13":"product-type-simple"},"jetpack_sharing_enabled":true,"_links":{"self":[{"href":"https:\/\/audiobook-24.com\/en\/wp-json\/wp\/v2\/product\/1274","targetHints":{"allow":["GET"]}}],"collection":[{"href":"https:\/\/audiobook-24.com\/en\/wp-json\/wp\/v2\/product"}],"about":[{"href":"https:\/\/audiobook-24.com\/en\/wp-json\/wp\/v2\/types\/product"}],"replies":[{"embeddable":true,"href":"https:\/\/audiobook-24.com\/en\/wp-json\/wp\/v2\/comments?post=1274"}],"wp:featuredmedia":[{"embeddable":true,"href":"https:\/\/audiobook-24.com\/en\/wp-json\/wp\/v2\/media\/1275"}],"wp:attachment":[{"href":"https:\/\/audiobook-24.com\/en\/wp-json\/wp\/v2\/media?parent=1274"}],"wp:term":[{"taxonomy":"product_brand","embeddable":true,"href":"https:\/\/audiobook-24.com\/en\/wp-json\/wp\/v2\/product_brand?post=1274"},{"taxonomy":"product_cat","embeddable":true,"href":"https:\/\/audiobook-24.com\/en\/wp-json\/wp\/v2\/product_cat?post=1274"},{"taxonomy":"product_tag","embeddable":true,"href":"https:\/\/audiobook-24.com\/en\/wp-json\/wp\/v2\/product_tag?post=1274"}],"curies":[{"name":"wp","href":"https:\/\/api.w.org\/{rel}","templated":true}]}}