{"id":1272,"date":"2025-11-22T19:57:32","date_gmt":"2025-11-22T19:57:32","guid":{"rendered":"https:\/\/audiobook-24.com\/?post_type=product&#038;p=1272"},"modified":"2025-11-22T19:57:32","modified_gmt":"2025-11-22T19:57:32","slug":"%f0%9f%8e%a7-hoerspiel-die-drei-fragezeichen-folge-027-der-magische-kreis-%f0%9f%8e%a7","status":"publish","type":"product","link":"https:\/\/audiobook-24.com\/en\/product\/%f0%9f%8e%a7-hoerspiel-die-drei-fragezeichen-folge-027-der-magische-kreis-%f0%9f%8e%a7\/","title":{"rendered":"\ud83c\udfa7 H\u00f6rspiel: Die Drei Fragezeichen \u2013 Folge 027: Der magische Kreis \ud83c\udfa7"},"content":{"rendered":"<p data-start=\"0\" data-end=\"77\">\ud83c\udfa7 <strong data-start=\"3\" data-end=\"72\">H\u00f6rspiel: Die Drei Fragezeichen \u2013 <em data-start=\"39\" data-end=\"70\">Folge 027: Der magische Kreis<\/em><\/strong> \ud83c\udfa7<\/p>\n<p data-start=\"79\" data-end=\"425\">\u2b55 <strong data-start=\"81\" data-end=\"164\">Geheime Symbole. Ein mysteri\u00f6ser Zirkel. Und ein Fall voller R\u00e4tsel und Gefahr.<\/strong><br data-start=\"164\" data-end=\"167\" \/>In <em data-start=\"170\" data-end=\"192\">\u201eDer magische Kreis\u201c<\/em> sto\u00dfen Justus, Peter und Bob auf eine geheimnisvolle Vereinigung, die in Rocky Beach ihr Unwesen treibt. Seltsame Zeichen tauchen auf, Menschen verhalten sich merkw\u00fcrdig \u2013 und ein unheilvoller Kreis scheint immer gr\u00f6\u00dfer zu werden.<\/p>\n<p data-start=\"427\" data-end=\"791\">\ud83d\udd75\ufe0f\u200d\u2642\ufe0f Die Drei Fragezeichen beginnen zu ermitteln und entdecken <strong data-start=\"492\" data-end=\"569\">verborgene Treffen, verschl\u00fcsselte Botschaften und ein finsteres Komplott<\/strong>, das nur mit klarem Verstand und Mut aufzudecken ist.<br data-start=\"623\" data-end=\"626\" \/>Mit detektivischem Gesp\u00fcr und cleveren Schachz\u00fcgen kommen sie Schritt f\u00fcr Schritt der Wahrheit n\u00e4her \u2013 und entlarven die Drahtzieher hinter dem mysteri\u00f6sen Zirkel.<\/p>\n<p data-start=\"793\" data-end=\"905\">\ud83d\udd0d <strong data-start=\"796\" data-end=\"836\">Ein spannender, atmosph\u00e4rischer Fall<\/strong>, der R\u00e4tsel, Geheimnisse und klassische Drei-???-Spannung vereint.<\/p>\n<hr data-start=\"907\" data-end=\"910\" \/>\n<p data-start=\"912\" data-end=\"1042\">\ud83d\udcb3 <strong data-start=\"915\" data-end=\"934\">Nach Bezahlung:<\/strong><br data-start=\"934\" data-end=\"937\" \/>\ud83d\udcbb Sofortiger Download f\u00fcr PC<br data-start=\"966\" data-end=\"969\" \/>\ud83d\udcf1 Sofortiger Download f\u00fcrs Handy<br data-start=\"1002\" data-end=\"1005\" \/>\ud83d\udda5\ufe0f Sofortiger Download f\u00fcrs Tablet<\/p>\n<p data-start=\"1044\" data-end=\"1087\" data-is-last-node=\"\" data-is-only-node=\"\">\ud83d\udca5 <strong data-start=\"1047\" data-end=\"1084\">Einmal gekauft \u2013 f\u00fcr immer deins!<\/strong> \ud83d\udca5<\/p>","protected":false},"excerpt":{"rendered":"<p>\ud83c\udfa7 H\u00f6rspiel: Die Drei Fragezeichen \u2013 Folge 027: Der magische Kreis \ud83c\udfa7 \u2b55 Geheime Symbole. Ein mysteri\u00f6ser Zirkel. Und ein Fall voller R\u00e4tsel und Gefahr.In \u201eDer magische Kreis\u201c sto\u00dfen Justus, Peter und Bob auf eine geheimnisvolle Vereinigung, die in Rocky Beach ihr Unwesen treibt. Seltsame Zeichen tauchen auf, Menschen verhalten sich merkw\u00fcrdig \u2013 und ein [&hellip;]<\/p>\n","protected":false},"featured_media":1273,"comment_status":"open","ping_status":"closed","template":"","meta":[],"product_brand":[],"product_cat":[36],"product_tag":[],"class_list":{"0":"post-1272","1":"product","2":"type-product","3":"status-publish","4":"has-post-thumbnail","6":"product_cat-hoerspiel-die-3","8":"first","9":"instock","10":"sale","11":"virtual","12":"purchasable","13":"product-type-simple"},"jetpack_sharing_enabled":true,"_links":{"self":[{"href":"https:\/\/audiobook-24.com\/en\/wp-json\/wp\/v2\/product\/1272","targetHints":{"allow":["GET"]}}],"collection":[{"href":"https:\/\/audiobook-24.com\/en\/wp-json\/wp\/v2\/product"}],"about":[{"href":"https:\/\/audiobook-24.com\/en\/wp-json\/wp\/v2\/types\/product"}],"replies":[{"embeddable":true,"href":"https:\/\/audiobook-24.com\/en\/wp-json\/wp\/v2\/comments?post=1272"}],"wp:featuredmedia":[{"embeddable":true,"href":"https:\/\/audiobook-24.com\/en\/wp-json\/wp\/v2\/media\/1273"}],"wp:attachment":[{"href":"https:\/\/audiobook-24.com\/en\/wp-json\/wp\/v2\/media?parent=1272"}],"wp:term":[{"taxonomy":"product_brand","embeddable":true,"href":"https:\/\/audiobook-24.com\/en\/wp-json\/wp\/v2\/product_brand?post=1272"},{"taxonomy":"product_cat","embeddable":true,"href":"https:\/\/audiobook-24.com\/en\/wp-json\/wp\/v2\/product_cat?post=1272"},{"taxonomy":"product_tag","embeddable":true,"href":"https:\/\/audiobook-24.com\/en\/wp-json\/wp\/v2\/product_tag?post=1272"}],"curies":[{"name":"wp","href":"https:\/\/api.w.org\/{rel}","templated":true}]}}