{"id":1270,"date":"2025-11-22T19:55:24","date_gmt":"2025-11-22T19:55:24","guid":{"rendered":"https:\/\/audiobook-24.com\/?post_type=product&#038;p=1270"},"modified":"2025-11-22T19:55:24","modified_gmt":"2025-11-22T19:55:24","slug":"%f0%9f%8e%a7-hoerspiel-die-drei-fragezeichen-folge-026-die-silbermine-%f0%9f%8e%a7","status":"publish","type":"product","link":"https:\/\/audiobook-24.com\/en\/product\/%f0%9f%8e%a7-hoerspiel-die-drei-fragezeichen-folge-026-die-silbermine-%f0%9f%8e%a7\/","title":{"rendered":"\ud83c\udfa7 H\u00f6rspiel: Die Drei Fragezeichen \u2013 Folge 026: Die Silbermine \ud83c\udfa7"},"content":{"rendered":"<p data-start=\"0\" data-end=\"73\">\ud83c\udfa7 <strong data-start=\"3\" data-end=\"68\">H\u00f6rspiel: Die Drei Fragezeichen \u2013 <em data-start=\"39\" data-end=\"66\">Folge 026: Die Silbermine<\/em><\/strong> \ud83c\udfa7<\/p>\n<p data-start=\"75\" data-end=\"496\">\u26cf\ufe0f <strong data-start=\"78\" data-end=\"159\">Eine alte Mine. Dunkle Familiengeheimnisse. Und ein Fall tief unter der Erde.<\/strong><br data-start=\"159\" data-end=\"162\" \/>In <em data-start=\"165\" data-end=\"183\">\u201eDie Silbermine\u201c<\/em> geraten Justus, Peter und Bob in ein spannendes Abenteuer, als sie einem Freund helfen wollen, der eine mysteri\u00f6se Entdeckung auf dem Gel\u00e4nde einer ehemaligen Silbermine gemacht hat. Seltsame Ger\u00e4usche, verschwundene Gegenst\u00e4nde und unheimliche Gestalten lassen keinen Zweifel: Hier ist etwas nicht in Ordnung.<\/p>\n<p data-start=\"498\" data-end=\"801\">\ud83d\udd75\ufe0f\u200d\u2642\ufe0f Die Drei Fragezeichen folgen <strong data-start=\"534\" data-end=\"589\">verborgenen Stollen, alten Hinweisen und einer Spur<\/strong>, die sie direkt in das Herz eines raffinierten Verbrechens f\u00fchrt.<br data-start=\"655\" data-end=\"658\" \/>Mit Mut, Scharfsinn und Teamgeist decken sie nach und nach ein gef\u00e4hrliches Geheimnis auf, das seit Jahrzehnten unter der Erde verborgen lag.<\/p>\n<p data-start=\"803\" data-end=\"919\">\ud83d\udd0d <strong data-start=\"806\" data-end=\"839\">Ein atmosph\u00e4rischer Klassiker<\/strong>, der Abenteuer, Spannung und echte Drei-???-Detektivarbeit perfekt verbindet.<\/p>\n<hr data-start=\"921\" data-end=\"924\" \/>\n<p data-start=\"926\" data-end=\"1056\">\ud83d\udcb3 <strong data-start=\"929\" data-end=\"948\">Nach Bezahlung:<\/strong><br data-start=\"948\" data-end=\"951\" \/>\ud83d\udcbb Sofortiger Download f\u00fcr PC<br data-start=\"980\" data-end=\"983\" \/>\ud83d\udcf1 Sofortiger Download f\u00fcrs Handy<br data-start=\"1016\" data-end=\"1019\" \/>\ud83d\udda5\ufe0f Sofortiger Download f\u00fcrs Tablet<\/p>\n<p data-start=\"1058\" data-end=\"1101\" data-is-last-node=\"\" data-is-only-node=\"\">\ud83d\udca5 <strong data-start=\"1061\" data-end=\"1098\">Einmal gekauft \u2013 f\u00fcr immer deins!<\/strong> \ud83d\udca5<\/p>","protected":false},"excerpt":{"rendered":"<p>\ud83c\udfa7 H\u00f6rspiel: Die Drei Fragezeichen \u2013 Folge 026: Die Silbermine \ud83c\udfa7 \u26cf\ufe0f Eine alte Mine. Dunkle Familiengeheimnisse. Und ein Fall tief unter der Erde.In \u201eDie Silbermine\u201c geraten Justus, Peter und Bob in ein spannendes Abenteuer, als sie einem Freund helfen wollen, der eine mysteri\u00f6se Entdeckung auf dem Gel\u00e4nde einer ehemaligen Silbermine gemacht hat. Seltsame Ger\u00e4usche, [&hellip;]<\/p>\n","protected":false},"featured_media":1271,"comment_status":"open","ping_status":"closed","template":"","meta":[],"product_brand":[],"product_cat":[36],"product_tag":[],"class_list":{"0":"post-1270","1":"product","2":"type-product","3":"status-publish","4":"has-post-thumbnail","6":"product_cat-hoerspiel-die-3","8":"first","9":"instock","10":"sale","11":"virtual","12":"purchasable","13":"product-type-simple"},"jetpack_sharing_enabled":true,"_links":{"self":[{"href":"https:\/\/audiobook-24.com\/en\/wp-json\/wp\/v2\/product\/1270","targetHints":{"allow":["GET"]}}],"collection":[{"href":"https:\/\/audiobook-24.com\/en\/wp-json\/wp\/v2\/product"}],"about":[{"href":"https:\/\/audiobook-24.com\/en\/wp-json\/wp\/v2\/types\/product"}],"replies":[{"embeddable":true,"href":"https:\/\/audiobook-24.com\/en\/wp-json\/wp\/v2\/comments?post=1270"}],"wp:featuredmedia":[{"embeddable":true,"href":"https:\/\/audiobook-24.com\/en\/wp-json\/wp\/v2\/media\/1271"}],"wp:attachment":[{"href":"https:\/\/audiobook-24.com\/en\/wp-json\/wp\/v2\/media?parent=1270"}],"wp:term":[{"taxonomy":"product_brand","embeddable":true,"href":"https:\/\/audiobook-24.com\/en\/wp-json\/wp\/v2\/product_brand?post=1270"},{"taxonomy":"product_cat","embeddable":true,"href":"https:\/\/audiobook-24.com\/en\/wp-json\/wp\/v2\/product_cat?post=1270"},{"taxonomy":"product_tag","embeddable":true,"href":"https:\/\/audiobook-24.com\/en\/wp-json\/wp\/v2\/product_tag?post=1270"}],"curies":[{"name":"wp","href":"https:\/\/api.w.org\/{rel}","templated":true}]}}