{"id":1266,"date":"2025-11-22T19:51:44","date_gmt":"2025-11-22T19:51:44","guid":{"rendered":"https:\/\/audiobook-24.com\/?post_type=product&#038;p=1266"},"modified":"2025-11-22T19:51:44","modified_gmt":"2025-11-22T19:51:44","slug":"%f0%9f%8e%a7-hoerspiel-die-drei-fragezeichen-folge-023-das-aztekenschwert-%f0%9f%8e%a7","status":"publish","type":"product","link":"https:\/\/audiobook-24.com\/en\/product\/%f0%9f%8e%a7-hoerspiel-die-drei-fragezeichen-folge-023-das-aztekenschwert-%f0%9f%8e%a7\/","title":{"rendered":"\ud83c\udfa7 H\u00f6rspiel: Die Drei Fragezeichen \u2013 Folge 023: Das Aztekenschwert \ud83c\udfa7"},"content":{"rendered":"<p data-start=\"0\" data-end=\"77\">\ud83c\udfa7 <strong data-start=\"3\" data-end=\"72\">H\u00f6rspiel: Die Drei Fragezeichen \u2013 <em data-start=\"39\" data-end=\"70\">Folge 023: Das Aztekenschwert<\/em><\/strong> \ud83c\udfa7<\/p>\n<p data-start=\"79\" data-end=\"416\">\u2694\ufe0f <strong data-start=\"82\" data-end=\"167\">Ein uraltes Artefakt. Dunkle Geheimnisse. Und ein Fall voller Gefahr und Mystery.<\/strong><br data-start=\"167\" data-end=\"170\" \/>In <em data-start=\"173\" data-end=\"195\">\u201eDas Aztekenschwert\u201c<\/em> geraten Justus, Peter und Bob in ein spannendes Abenteuer rund um ein kostbares Schwert aus der Zeit der Azteken. Als das wertvolle Artefakt pl\u00f6tzlich verschwindet, beginnt eine gef\u00e4hrliche Jagd nach den Hinterm\u00e4nnern.<\/p>\n<p data-start=\"418\" data-end=\"732\">\ud83d\udd75\ufe0f\u200d\u2642\ufe0f Die Drei Fragezeichen folgen <strong data-start=\"454\" data-end=\"532\">verschl\u00fcsselten Botschaften, mysteri\u00f6sen Spuren und historischen Hinweisen<\/strong>, die sie tief in die Welt vergangener Kulturen f\u00fchren.<br data-start=\"587\" data-end=\"590\" \/>Doch je n\u00e4her sie der Wahrheit kommen, desto klarer wird: <strong data-start=\"648\" data-end=\"685\">Jemand schreckt vor nichts zur\u00fcck<\/strong>, um das Schwert in seinen Besitz zu bringen.<\/p>\n<p data-start=\"734\" data-end=\"833\">\ud83d\udd0d <strong data-start=\"737\" data-end=\"762\">Ein mitrei\u00dfender Fall<\/strong>, der Geschichte, Spannung und detektivisches K\u00f6nnen perfekt vereint.<\/p>\n<hr data-start=\"835\" data-end=\"838\" \/>\n<p data-start=\"840\" data-end=\"970\">\ud83d\udcb3 <strong data-start=\"843\" data-end=\"862\">Nach Bezahlung:<\/strong><br data-start=\"862\" data-end=\"865\" \/>\ud83d\udcbb Sofortiger Download f\u00fcr PC<br data-start=\"894\" data-end=\"897\" \/>\ud83d\udcf1 Sofortiger Download f\u00fcrs Handy<br data-start=\"930\" data-end=\"933\" \/>\ud83d\udda5\ufe0f Sofortiger Download f\u00fcrs Tablet<\/p>\n<p data-start=\"972\" data-end=\"1015\" data-is-last-node=\"\" data-is-only-node=\"\">\ud83d\udca5 <strong data-start=\"975\" data-end=\"1012\">Einmal gekauft \u2013 f\u00fcr immer deins!<\/strong> \ud83d\udca5<\/p>","protected":false},"excerpt":{"rendered":"<p>\ud83c\udfa7 H\u00f6rspiel: Die Drei Fragezeichen \u2013 Folge 023: Das Aztekenschwert \ud83c\udfa7 \u2694\ufe0f Ein uraltes Artefakt. Dunkle Geheimnisse. Und ein Fall voller Gefahr und Mystery.In \u201eDas Aztekenschwert\u201c geraten Justus, Peter und Bob in ein spannendes Abenteuer rund um ein kostbares Schwert aus der Zeit der Azteken. Als das wertvolle Artefakt pl\u00f6tzlich verschwindet, beginnt eine gef\u00e4hrliche Jagd [&hellip;]<\/p>\n","protected":false},"featured_media":1267,"comment_status":"open","ping_status":"closed","template":"","meta":[],"product_brand":[],"product_cat":[36],"product_tag":[],"class_list":{"0":"post-1266","1":"product","2":"type-product","3":"status-publish","4":"has-post-thumbnail","6":"product_cat-hoerspiel-die-3","8":"first","9":"instock","10":"sale","11":"virtual","12":"purchasable","13":"product-type-simple"},"jetpack_sharing_enabled":true,"_links":{"self":[{"href":"https:\/\/audiobook-24.com\/en\/wp-json\/wp\/v2\/product\/1266","targetHints":{"allow":["GET"]}}],"collection":[{"href":"https:\/\/audiobook-24.com\/en\/wp-json\/wp\/v2\/product"}],"about":[{"href":"https:\/\/audiobook-24.com\/en\/wp-json\/wp\/v2\/types\/product"}],"replies":[{"embeddable":true,"href":"https:\/\/audiobook-24.com\/en\/wp-json\/wp\/v2\/comments?post=1266"}],"wp:featuredmedia":[{"embeddable":true,"href":"https:\/\/audiobook-24.com\/en\/wp-json\/wp\/v2\/media\/1267"}],"wp:attachment":[{"href":"https:\/\/audiobook-24.com\/en\/wp-json\/wp\/v2\/media?parent=1266"}],"wp:term":[{"taxonomy":"product_brand","embeddable":true,"href":"https:\/\/audiobook-24.com\/en\/wp-json\/wp\/v2\/product_brand?post=1266"},{"taxonomy":"product_cat","embeddable":true,"href":"https:\/\/audiobook-24.com\/en\/wp-json\/wp\/v2\/product_cat?post=1266"},{"taxonomy":"product_tag","embeddable":true,"href":"https:\/\/audiobook-24.com\/en\/wp-json\/wp\/v2\/product_tag?post=1266"}],"curies":[{"name":"wp","href":"https:\/\/api.w.org\/{rel}","templated":true}]}}