{"id":1264,"date":"2025-11-22T19:48:56","date_gmt":"2025-11-22T19:48:56","guid":{"rendered":"https:\/\/audiobook-24.com\/?post_type=product&#038;p=1264"},"modified":"2025-11-22T19:48:56","modified_gmt":"2025-11-22T19:48:56","slug":"%f0%9f%8e%a7-hoerspiel-die-drei-fragezeichen-folge-022-der-verschwundene-schatz-%f0%9f%8e%a7","status":"publish","type":"product","link":"https:\/\/audiobook-24.com\/en\/product\/%f0%9f%8e%a7-hoerspiel-die-drei-fragezeichen-folge-022-der-verschwundene-schatz-%f0%9f%8e%a7\/","title":{"rendered":"\ud83c\udfa7 H\u00f6rspiel: Die Drei Fragezeichen \u2013 Folge 022: Der verschwundene Schatz \ud83c\udfa7"},"content":{"rendered":"<p data-start=\"0\" data-end=\"83\">\ud83c\udfa7 <strong data-start=\"3\" data-end=\"78\">H\u00f6rspiel: Die Drei Fragezeichen \u2013 <em data-start=\"39\" data-end=\"76\">Folge 022: Der verschwundene Schatz<\/em><\/strong> \ud83c\udfa7<\/p>\n<p data-start=\"85\" data-end=\"422\">\ud83d\udc8e <strong data-start=\"88\" data-end=\"174\">Ein geheimnisvoller Schatz. Spurloses Verschwinden. Und ein Fall voller Abenteuer.<\/strong><br data-start=\"174\" data-end=\"177\" \/>In <em data-start=\"180\" data-end=\"208\">\u201eDer verschwundene Schatz\u201c<\/em> werden die Drei Fragezeichen zu einem kniffligen Fall gerufen: Ein wertvoller Schatz ist pl\u00f6tzlich verschwunden \u2013 ohne Einbruch, ohne Hinweise, ohne Zeugen. Alles deutet auf ein perfekt geplantes Verbrechen hin.<\/p>\n<p data-start=\"424\" data-end=\"743\">\ud83d\udd75\ufe0f\u200d\u2642\ufe0f Justus, Peter und Bob folgen der Spur und sto\u00dfen auf <strong data-start=\"484\" data-end=\"570\">verschl\u00fcsselte Hinweise, versteckte Orte und eine raffiniert ausgef\u00fchrte T\u00e4uschung<\/strong>, die den Schatz hinter dicken Mauern verschwinden lie\u00df.<br data-start=\"626\" data-end=\"629\" \/>Mit Logik, Mut und cleveren Ideen decken sie das Geheimnis auf und kommen dem T\u00e4ter schlie\u00dflich gef\u00e4hrlich nahe.<\/p>\n<p data-start=\"745\" data-end=\"854\">\ud83d\udd0d <strong data-start=\"748\" data-end=\"793\">Ein spannender, klassischer Drei-???-Fall<\/strong>, der R\u00e4tsel, Abenteuer und \u00fcberraschende Wendungen bietet.<\/p>\n<hr data-start=\"856\" data-end=\"859\" \/>\n<p data-start=\"861\" data-end=\"991\">\ud83d\udcb3 <strong data-start=\"864\" data-end=\"883\">Nach Bezahlung:<\/strong><br data-start=\"883\" data-end=\"886\" \/>\ud83d\udcbb Sofortiger Download f\u00fcr PC<br data-start=\"915\" data-end=\"918\" \/>\ud83d\udcf1 Sofortiger Download f\u00fcrs Handy<br data-start=\"951\" data-end=\"954\" \/>\ud83d\udda5\ufe0f Sofortiger Download f\u00fcrs Tablet<\/p>\n<p data-start=\"993\" data-end=\"1036\" data-is-last-node=\"\" data-is-only-node=\"\">\ud83d\udca5 <strong data-start=\"996\" data-end=\"1033\">Einmal gekauft \u2013 f\u00fcr immer deins!<\/strong> \ud83d\udca5<\/p>","protected":false},"excerpt":{"rendered":"<p>\ud83c\udfa7 H\u00f6rspiel: Die Drei Fragezeichen \u2013 Folge 022: Der verschwundene Schatz \ud83c\udfa7 \ud83d\udc8e Ein geheimnisvoller Schatz. Spurloses Verschwinden. Und ein Fall voller Abenteuer.In \u201eDer verschwundene Schatz\u201c werden die Drei Fragezeichen zu einem kniffligen Fall gerufen: Ein wertvoller Schatz ist pl\u00f6tzlich verschwunden \u2013 ohne Einbruch, ohne Hinweise, ohne Zeugen. Alles deutet auf ein perfekt geplantes Verbrechen [&hellip;]<\/p>\n","protected":false},"featured_media":1265,"comment_status":"open","ping_status":"closed","template":"","meta":[],"product_brand":[],"product_cat":[36],"product_tag":[],"class_list":{"0":"post-1264","1":"product","2":"type-product","3":"status-publish","4":"has-post-thumbnail","6":"product_cat-hoerspiel-die-3","8":"first","9":"instock","10":"sale","11":"virtual","12":"purchasable","13":"product-type-simple"},"jetpack_sharing_enabled":true,"_links":{"self":[{"href":"https:\/\/audiobook-24.com\/en\/wp-json\/wp\/v2\/product\/1264","targetHints":{"allow":["GET"]}}],"collection":[{"href":"https:\/\/audiobook-24.com\/en\/wp-json\/wp\/v2\/product"}],"about":[{"href":"https:\/\/audiobook-24.com\/en\/wp-json\/wp\/v2\/types\/product"}],"replies":[{"embeddable":true,"href":"https:\/\/audiobook-24.com\/en\/wp-json\/wp\/v2\/comments?post=1264"}],"wp:featuredmedia":[{"embeddable":true,"href":"https:\/\/audiobook-24.com\/en\/wp-json\/wp\/v2\/media\/1265"}],"wp:attachment":[{"href":"https:\/\/audiobook-24.com\/en\/wp-json\/wp\/v2\/media?parent=1264"}],"wp:term":[{"taxonomy":"product_brand","embeddable":true,"href":"https:\/\/audiobook-24.com\/en\/wp-json\/wp\/v2\/product_brand?post=1264"},{"taxonomy":"product_cat","embeddable":true,"href":"https:\/\/audiobook-24.com\/en\/wp-json\/wp\/v2\/product_cat?post=1264"},{"taxonomy":"product_tag","embeddable":true,"href":"https:\/\/audiobook-24.com\/en\/wp-json\/wp\/v2\/product_tag?post=1264"}],"curies":[{"name":"wp","href":"https:\/\/api.w.org\/{rel}","templated":true}]}}