{"id":1262,"date":"2025-11-22T19:45:04","date_gmt":"2025-11-22T19:45:04","guid":{"rendered":"https:\/\/audiobook-24.com\/?post_type=product&#038;p=1262"},"modified":"2025-11-22T19:45:04","modified_gmt":"2025-11-22T19:45:04","slug":"%f0%9f%8e%a7-hoerspiel-die-drei-fragezeichen-folge-021-der-tanzende-teufel-%f0%9f%8e%a7","status":"publish","type":"product","link":"https:\/\/audiobook-24.com\/en\/product\/%f0%9f%8e%a7-hoerspiel-die-drei-fragezeichen-folge-021-der-tanzende-teufel-%f0%9f%8e%a7\/","title":{"rendered":"\ud83c\udfa7 H\u00f6rspiel: Die Drei Fragezeichen \u2013 Folge 021: Der tanzende Teufel \ud83c\udfa7"},"content":{"rendered":"<h6 class=\"sr-only\">ChatGPT:<\/h6>\n<div class=\"text-base my-auto mx-auto pb-10 [--thread-content-margin:--spacing(4)] thread-sm:[--thread-content-margin:--spacing(6)] thread-lg:[--thread-content-margin:--spacing(16)] px-(--thread-content-margin)\">\n<div class=\"[--thread-content-max-width:40rem] thread-lg:[--thread-content-max-width:48rem] mx-auto max-w-(--thread-content-max-width) flex-1 group\/turn-messages focus-visible:outline-hidden relative flex w-full min-w-0 flex-col agent-turn\" tabindex=\"-1\">\n<div class=\"flex max-w-full flex-col grow\">\n<div class=\"min-h-8 text-message relative flex w-full flex-col items-end gap-2 text-start break-words whitespace-normal [.text-message+&amp;]:mt-1\" dir=\"auto\" data-message-author-role=\"assistant\" data-message-id=\"23931984-92f0-4286-9e38-114a9e677198\" data-message-model-slug=\"gpt-5-1\">\n<div class=\"flex w-full flex-col gap-1 empty:hidden first:pt-[1px]\">\n<div class=\"markdown prose dark:prose-invert w-full break-words light markdown-new-styling\">\n<p data-start=\"0\" data-end=\"78\">\ud83c\udfa7 <strong data-start=\"3\" data-end=\"73\">H\u00f6rspiel: Die Drei Fragezeichen \u2013 <em data-start=\"39\" data-end=\"71\">Folge 021: Der tanzende Teufel<\/em><\/strong> \ud83c\udfa7<\/p>\n<p data-start=\"80\" data-end=\"426\">\ud83e\ude70\ud83d\udd25 <strong data-start=\"85\" data-end=\"169\">Ein unheimliches Wesen. N\u00e4chtliche Erscheinungen. Und ein Fall voller G\u00e4nsehaut.<\/strong><br data-start=\"169\" data-end=\"172\" \/>In <em data-start=\"175\" data-end=\"198\">\u201eDer tanzende Teufel\u201c<\/em> geraten Justus, Peter und Bob in ein mysteri\u00f6ses Abenteuer, als eine unheimliche Figur \u2013 der sogenannte \u201etanzende Teufel\u201c \u2013 immer wieder gesichtet wird. Das seltsame Wesen hinterl\u00e4sst Angst, Verwirrung und r\u00e4tselhafte Spuren.<\/p>\n<p data-start=\"428\" data-end=\"758\">\ud83d\udd75\ufe0f\u200d\u2642\ufe0f Die Drei Fragezeichen machen sich auf die Suche nach der Wahrheit und entdecken <strong data-start=\"515\" data-end=\"610\">geheime Verbindungen, versteckte Mechanismen und ein raffiniert geplantes T\u00e4uschungsman\u00f6ver<\/strong>.<br data-start=\"611\" data-end=\"614\" \/>Mit cleveren Beobachtungen, Mut und detektivischem Sp\u00fcrsinn kommen sie Schritt f\u00fcr Schritt dem T\u00e4ter hinter der teuflischen Erscheinung n\u00e4her.<\/p>\n<p data-start=\"760\" data-end=\"877\">\ud83d\udd0d <strong data-start=\"763\" data-end=\"796\">Ein atmosph\u00e4rischer Klassiker<\/strong>, der Spannung, R\u00e4tsel und den typischen Drei-???-Nervenkitzel perfekt vereint.<\/p>\n<\/div>\n<\/div>\n<\/div>\n<\/div>\n<\/div>\n<\/div>\n","protected":false},"excerpt":{"rendered":"<p>ChatGPT: \ud83c\udfa7 H\u00f6rspiel: Die Drei Fragezeichen \u2013 Folge 021: Der tanzende Teufel \ud83c\udfa7 \ud83e\ude70\ud83d\udd25 Ein unheimliches Wesen. N\u00e4chtliche Erscheinungen. Und ein Fall voller G\u00e4nsehaut.In \u201eDer tanzende Teufel\u201c geraten Justus, Peter und Bob in ein mysteri\u00f6ses Abenteuer, als eine unheimliche Figur \u2013 der sogenannte \u201etanzende Teufel\u201c \u2013 immer wieder gesichtet wird. Das seltsame Wesen hinterl\u00e4sst Angst, [&hellip;]<\/p>\n","protected":false},"featured_media":1263,"comment_status":"open","ping_status":"closed","template":"","meta":[],"product_brand":[],"product_cat":[36],"product_tag":[],"class_list":{"0":"post-1262","1":"product","2":"type-product","3":"status-publish","4":"has-post-thumbnail","6":"product_cat-hoerspiel-die-3","8":"first","9":"instock","10":"sale","11":"virtual","12":"purchasable","13":"product-type-simple"},"jetpack_sharing_enabled":true,"_links":{"self":[{"href":"https:\/\/audiobook-24.com\/en\/wp-json\/wp\/v2\/product\/1262","targetHints":{"allow":["GET"]}}],"collection":[{"href":"https:\/\/audiobook-24.com\/en\/wp-json\/wp\/v2\/product"}],"about":[{"href":"https:\/\/audiobook-24.com\/en\/wp-json\/wp\/v2\/types\/product"}],"replies":[{"embeddable":true,"href":"https:\/\/audiobook-24.com\/en\/wp-json\/wp\/v2\/comments?post=1262"}],"wp:featuredmedia":[{"embeddable":true,"href":"https:\/\/audiobook-24.com\/en\/wp-json\/wp\/v2\/media\/1263"}],"wp:attachment":[{"href":"https:\/\/audiobook-24.com\/en\/wp-json\/wp\/v2\/media?parent=1262"}],"wp:term":[{"taxonomy":"product_brand","embeddable":true,"href":"https:\/\/audiobook-24.com\/en\/wp-json\/wp\/v2\/product_brand?post=1262"},{"taxonomy":"product_cat","embeddable":true,"href":"https:\/\/audiobook-24.com\/en\/wp-json\/wp\/v2\/product_cat?post=1262"},{"taxonomy":"product_tag","embeddable":true,"href":"https:\/\/audiobook-24.com\/en\/wp-json\/wp\/v2\/product_tag?post=1262"}],"curies":[{"name":"wp","href":"https:\/\/api.w.org\/{rel}","templated":true}]}}