{"id":1260,"date":"2025-11-22T19:42:40","date_gmt":"2025-11-22T19:42:40","guid":{"rendered":"https:\/\/audiobook-24.com\/?post_type=product&#038;p=1260"},"modified":"2025-11-22T19:42:40","modified_gmt":"2025-11-22T19:42:40","slug":"%f0%9f%8e%a7-hoerspiel-die-drei-fragezeichen-folge-020-die-flammende-spur-%f0%9f%8e%a7","status":"publish","type":"product","link":"https:\/\/audiobook-24.com\/en\/product\/%f0%9f%8e%a7-hoerspiel-die-drei-fragezeichen-folge-020-die-flammende-spur-%f0%9f%8e%a7\/","title":{"rendered":"\ud83c\udfa7 H\u00f6rspiel: Die Drei Fragezeichen \u2013 Folge 020: Die flammende Spur \ud83c\udfa7"},"content":{"rendered":"<p data-start=\"0\" data-end=\"77\">\ud83c\udfa7 <strong data-start=\"3\" data-end=\"72\">H\u00f6rspiel: Die Drei Fragezeichen \u2013 <em data-start=\"39\" data-end=\"70\">Folge 020: Die flammende Spur<\/em><\/strong> \ud83c\udfa7<\/p>\n<p data-start=\"79\" data-end=\"399\">\ud83d\udd25 <strong data-start=\"82\" data-end=\"157\">Mysteri\u00f6se Feuer. Gef\u00e4hrliche Spuren. Und ein Fall, der brandhei\u00df wird.<\/strong><br data-start=\"157\" data-end=\"160\" \/>In <em data-start=\"163\" data-end=\"185\">\u201eDie flammende Spur\u201c<\/em> werden Justus, Peter und Bob mit einer Reihe merkw\u00fcrdiger Br\u00e4nde konfrontiert. Immer wieder tauchen Feuerscheine und mysteri\u00f6se Zeichen auf \u2013 und niemand wei\u00df, wer dahintersteckt oder welches Ziel verfolgt wird.<\/p>\n<p data-start=\"401\" data-end=\"733\">\ud83d\udd75\ufe0f\u200d\u2642\ufe0f Die Drei Fragezeichen nehmen die Ermittlungen auf und entdecken <strong data-start=\"472\" data-end=\"530\">geheime Hinweise, riskante Zusammenh\u00e4nge und eine Spur<\/strong>, die sie mitten hinein in ein gef\u00e4hrliches Komplott f\u00fchrt.<br data-start=\"589\" data-end=\"592\" \/>Mit Kombinationsgabe, Mut und cleveren Tricks kommen sie dem T\u00e4ter Schritt f\u00fcr Schritt n\u00e4her und decken die Wahrheit hinter den Feuern auf.<\/p>\n<p data-start=\"735\" data-end=\"848\">\ud83d\udd0d <strong data-start=\"738\" data-end=\"781\">Ein spannender, actionreicher Klassiker<\/strong>, der Nervenkitzel und echte Drei-???-Atmosph\u00e4re perfekt vereint.<\/p>\n<hr data-start=\"850\" data-end=\"853\" \/>\n<p data-start=\"855\" data-end=\"985\">\ud83d\udcb3 <strong data-start=\"858\" data-end=\"877\">Nach Bezahlung:<\/strong><br data-start=\"877\" data-end=\"880\" \/>\ud83d\udcbb Sofortiger Download f\u00fcr PC<br data-start=\"909\" data-end=\"912\" \/>\ud83d\udcf1 Sofortiger Download f\u00fcrs Handy<br data-start=\"945\" data-end=\"948\" \/>\ud83d\udda5\ufe0f Sofortiger Download f\u00fcrs Tablet<\/p>\n<p data-start=\"987\" data-end=\"1030\" data-is-last-node=\"\" data-is-only-node=\"\">\ud83d\udca5 <strong data-start=\"990\" data-end=\"1027\">Einmal gekauft \u2013 f\u00fcr immer deins!<\/strong> \ud83d\udca5<\/p>","protected":false},"excerpt":{"rendered":"<p>\ud83c\udfa7 H\u00f6rspiel: Die Drei Fragezeichen \u2013 Folge 020: Die flammende Spur \ud83c\udfa7 \ud83d\udd25 Mysteri\u00f6se Feuer. Gef\u00e4hrliche Spuren. Und ein Fall, der brandhei\u00df wird.In \u201eDie flammende Spur\u201c werden Justus, Peter und Bob mit einer Reihe merkw\u00fcrdiger Br\u00e4nde konfrontiert. Immer wieder tauchen Feuerscheine und mysteri\u00f6se Zeichen auf \u2013 und niemand wei\u00df, wer dahintersteckt oder welches Ziel verfolgt [&hellip;]<\/p>\n","protected":false},"featured_media":1261,"comment_status":"open","ping_status":"closed","template":"","meta":[],"product_brand":[],"product_cat":[36],"product_tag":[],"class_list":{"0":"post-1260","1":"product","2":"type-product","3":"status-publish","4":"has-post-thumbnail","6":"product_cat-hoerspiel-die-3","8":"first","9":"instock","10":"sale","11":"virtual","12":"purchasable","13":"product-type-simple"},"jetpack_sharing_enabled":true,"_links":{"self":[{"href":"https:\/\/audiobook-24.com\/en\/wp-json\/wp\/v2\/product\/1260","targetHints":{"allow":["GET"]}}],"collection":[{"href":"https:\/\/audiobook-24.com\/en\/wp-json\/wp\/v2\/product"}],"about":[{"href":"https:\/\/audiobook-24.com\/en\/wp-json\/wp\/v2\/types\/product"}],"replies":[{"embeddable":true,"href":"https:\/\/audiobook-24.com\/en\/wp-json\/wp\/v2\/comments?post=1260"}],"wp:featuredmedia":[{"embeddable":true,"href":"https:\/\/audiobook-24.com\/en\/wp-json\/wp\/v2\/media\/1261"}],"wp:attachment":[{"href":"https:\/\/audiobook-24.com\/en\/wp-json\/wp\/v2\/media?parent=1260"}],"wp:term":[{"taxonomy":"product_brand","embeddable":true,"href":"https:\/\/audiobook-24.com\/en\/wp-json\/wp\/v2\/product_brand?post=1260"},{"taxonomy":"product_cat","embeddable":true,"href":"https:\/\/audiobook-24.com\/en\/wp-json\/wp\/v2\/product_cat?post=1260"},{"taxonomy":"product_tag","embeddable":true,"href":"https:\/\/audiobook-24.com\/en\/wp-json\/wp\/v2\/product_tag?post=1260"}],"curies":[{"name":"wp","href":"https:\/\/api.w.org\/{rel}","templated":true}]}}