{"id":126,"date":"2025-11-14T16:51:43","date_gmt":"2025-11-14T16:51:43","guid":{"rendered":"https:\/\/audiobook-24.com\/?post_type=product&#038;p=126"},"modified":"2025-11-14T16:51:43","modified_gmt":"2025-11-14T16:51:43","slug":"hoerbuch-reinhard-seibold-presssack-und-olive","status":"publish","type":"product","link":"https:\/\/audiobook-24.com\/en\/product\/hoerbuch-reinhard-seibold-presssack-und-olive\/","title":{"rendered":"H\u00f6rbuch: Reinhard Seibold \u2013 &#8222;Presssack und Olive&#8220;"},"content":{"rendered":"<h3 class=\"\">H\u00f6rbuch: Reinhard Seibold \u2013 &#8222;Presssack und Olive&#8220;<\/h3>\n<p class=\"\"><strong>&#8222;Presssack und Olive&#8220;<\/strong>\u00a0von Reinhard Seibold ist ein unterhaltsames H\u00f6rbuch, das die Zuh\u00f6rer in eine humorvolle und spannende Welt entf\u00fchrt. Die Erz\u00e4hlung kombiniert witzige Dialoge mit charmanten Charakteren, die unvergessliche Abenteuer erleben.<\/p>\n<p>Spieldauer<\/p>\n<p class=\"\">Die Gesamtl\u00e4nge des H\u00f6rbuchs betr\u00e4gt\u00a0<strong>5 Stunden und 30 Minuten<\/strong>.<\/p>\n<p>Handlung<\/p>\n<p class=\"\">In dieser Erz\u00e4hlung geht es um:<\/p>\n<ul class=\"\">\n<li class=\"\"><strong>Ungew\u00f6hnliche Freundschaften<\/strong><\/li>\n<li class=\"\"><strong>Kulturelle Missverst\u00e4ndnisse und Begegnungen<\/strong><\/li>\n<li class=\"\"><strong>Leckere kulinarische Abenteuer<\/strong><\/li>\n<\/ul>\n<p class=\"\">Die lebendige Sprache und die fesselnde Handlung machen es zu einem H\u00f6rvergn\u00fcgen f\u00fcr alle Altersgruppen.<\/p>\n<hr \/>\n<p class=\"\">\ud83d\udcb3\u00a0<strong>Nach der Bezahlung bekommen Sie sofort den Downloadlink von uns und k\u00f6nnen Ihr H\u00f6rspiel auf Handy, Tablet, MP3-Player oder PC in vollen Z\u00fcgen genie\u00dfen.<\/strong><\/p>\n<p class=\"\">\ud83d\udcf1 Handy\u2003|\u2003\ud83d\udcf2 Tablet\u2003|\u2003\ud83c\udfa7 MP3-Player\u2003|\u2003\ud83d\udcbb PC<\/p>","protected":false},"excerpt":{"rendered":"<p>H\u00f6rbuch: Reinhard Seibold \u2013 &#8222;Presssack und Olive&#8220; &#8222;Presssack und Olive&#8220;\u00a0von Reinhard Seibold ist ein unterhaltsames H\u00f6rbuch, das die Zuh\u00f6rer in eine humorvolle und spannende Welt entf\u00fchrt. Die Erz\u00e4hlung kombiniert witzige Dialoge mit charmanten Charakteren, die unvergessliche Abenteuer erleben. Spieldauer Die Gesamtl\u00e4nge des H\u00f6rbuchs betr\u00e4gt\u00a05 Stunden und 30 Minuten. Handlung In dieser Erz\u00e4hlung geht es um: [&hellip;]<\/p>\n","protected":false},"featured_media":127,"comment_status":"open","ping_status":"closed","template":"","meta":[],"product_brand":[],"product_cat":[19],"product_tag":[],"class_list":{"0":"post-126","1":"product","2":"type-product","3":"status-publish","4":"has-post-thumbnail","6":"product_cat-hoerbuecher","8":"first","9":"instock","10":"sale","11":"shipping-taxable","12":"purchasable","13":"product-type-simple"},"jetpack_sharing_enabled":true,"_links":{"self":[{"href":"https:\/\/audiobook-24.com\/en\/wp-json\/wp\/v2\/product\/126","targetHints":{"allow":["GET"]}}],"collection":[{"href":"https:\/\/audiobook-24.com\/en\/wp-json\/wp\/v2\/product"}],"about":[{"href":"https:\/\/audiobook-24.com\/en\/wp-json\/wp\/v2\/types\/product"}],"replies":[{"embeddable":true,"href":"https:\/\/audiobook-24.com\/en\/wp-json\/wp\/v2\/comments?post=126"}],"wp:featuredmedia":[{"embeddable":true,"href":"https:\/\/audiobook-24.com\/en\/wp-json\/wp\/v2\/media\/127"}],"wp:attachment":[{"href":"https:\/\/audiobook-24.com\/en\/wp-json\/wp\/v2\/media?parent=126"}],"wp:term":[{"taxonomy":"product_brand","embeddable":true,"href":"https:\/\/audiobook-24.com\/en\/wp-json\/wp\/v2\/product_brand?post=126"},{"taxonomy":"product_cat","embeddable":true,"href":"https:\/\/audiobook-24.com\/en\/wp-json\/wp\/v2\/product_cat?post=126"},{"taxonomy":"product_tag","embeddable":true,"href":"https:\/\/audiobook-24.com\/en\/wp-json\/wp\/v2\/product_tag?post=126"}],"curies":[{"name":"wp","href":"https:\/\/api.w.org\/{rel}","templated":true}]}}