{"id":1256,"date":"2025-11-22T17:35:21","date_gmt":"2025-11-22T17:35:21","guid":{"rendered":"https:\/\/audiobook-24.com\/?post_type=product&#038;p=1256"},"modified":"2025-11-22T17:35:21","modified_gmt":"2025-11-22T17:35:21","slug":"%f0%9f%8e%a7-hoerspiel-die-drei-fragezeichen-folge-018-die-geisterinsel-%f0%9f%8e%a7","status":"publish","type":"product","link":"https:\/\/audiobook-24.com\/en\/product\/%f0%9f%8e%a7-hoerspiel-die-drei-fragezeichen-folge-018-die-geisterinsel-%f0%9f%8e%a7\/","title":{"rendered":"\ud83c\udfa7 H\u00f6rspiel: Die Drei Fragezeichen \u2013 Folge 018: Die Geisterinsel \ud83c\udfa7"},"content":{"rendered":"<p data-start=\"0\" data-end=\"75\">\ud83c\udfa7 <strong data-start=\"3\" data-end=\"70\">H\u00f6rspiel: Die Drei Fragezeichen \u2013 <em data-start=\"39\" data-end=\"68\">Folge 018: Die Geisterinsel<\/em><\/strong> \ud83c\udfa7<\/p>\n<p data-start=\"77\" data-end=\"420\">\ud83c\udfdd\ufe0f <strong data-start=\"81\" data-end=\"175\">Eine verlassene Insel. Geheimnisvolle Ereignisse. Und ein Fall voller Spannung und Grusel.<\/strong><br data-start=\"175\" data-end=\"178\" \/>In <em data-start=\"181\" data-end=\"201\">\u201eDie Geisterinsel\u201c<\/em> werden Justus, Peter und Bob zu einer r\u00e4tselhaften Insel gerufen, auf der immer wieder unheimliche Erscheinungen beobachtet werden. Besucher berichten von Lichtern, Ger\u00e4uschen und Schatten, die niemand erkl\u00e4ren kann.<\/p>\n<p data-start=\"422\" data-end=\"792\">\ud83d\udd75\ufe0f\u200d\u2642\ufe0f Die Drei Fragezeichen beginnen zu ermitteln und sto\u00dfen auf <strong data-start=\"488\" data-end=\"551\">versteckte Hinweise, geheime G\u00e4nge und einen cleveren T\u00e4ter<\/strong>, der die Geistergeschichte gezielt ausnutzt, um von seinen wahren Absichten abzulenken.<br data-start=\"639\" data-end=\"642\" \/>Mit Logik, Scharfsinn und Teamarbeit decken sie Schritt f\u00fcr Schritt die Wahrheit auf und entlarven den \u00dcbelt\u00e4ter hinter den mysteri\u00f6sen Ereignissen.<\/p>\n<p data-start=\"794\" data-end=\"924\">\ud83d\udd0d <strong data-start=\"797\" data-end=\"842\">Ein atmosph\u00e4rischer, spannender Klassiker<\/strong>, der Nervenkitzel, R\u00e4tsel und typische Drei-???-Detektivarbeit perfekt vereint.<\/p>\n<hr data-start=\"926\" data-end=\"929\" \/>\n<p data-start=\"931\" data-end=\"1061\">\ud83d\udcb3 <strong data-start=\"934\" data-end=\"953\">Nach Bezahlung:<\/strong><br data-start=\"953\" data-end=\"956\" \/>\ud83d\udcbb Sofortiger Download f\u00fcr PC<br data-start=\"985\" data-end=\"988\" \/>\ud83d\udcf1 Sofortiger Download f\u00fcrs Handy<br data-start=\"1021\" data-end=\"1024\" \/>\ud83d\udda5\ufe0f Sofortiger Download f\u00fcrs Tablet<\/p>\n<p data-start=\"1063\" data-end=\"1106\" data-is-last-node=\"\" data-is-only-node=\"\">\ud83d\udca5 <strong data-start=\"1066\" data-end=\"1103\">Einmal gekauft \u2013 f\u00fcr immer deins!<\/strong> \ud83d\udca5<\/p>","protected":false},"excerpt":{"rendered":"<p>\ud83c\udfa7 H\u00f6rspiel: Die Drei Fragezeichen \u2013 Folge 018: Die Geisterinsel \ud83c\udfa7 \ud83c\udfdd\ufe0f Eine verlassene Insel. Geheimnisvolle Ereignisse. Und ein Fall voller Spannung und Grusel.In \u201eDie Geisterinsel\u201c werden Justus, Peter und Bob zu einer r\u00e4tselhaften Insel gerufen, auf der immer wieder unheimliche Erscheinungen beobachtet werden. Besucher berichten von Lichtern, Ger\u00e4uschen und Schatten, die niemand erkl\u00e4ren kann. [&hellip;]<\/p>\n","protected":false},"featured_media":1257,"comment_status":"open","ping_status":"closed","template":"","meta":[],"product_brand":[],"product_cat":[36],"product_tag":[],"class_list":{"0":"post-1256","1":"product","2":"type-product","3":"status-publish","4":"has-post-thumbnail","6":"product_cat-hoerspiel-die-3","8":"first","9":"instock","10":"sale","11":"virtual","12":"purchasable","13":"product-type-simple"},"jetpack_sharing_enabled":true,"_links":{"self":[{"href":"https:\/\/audiobook-24.com\/en\/wp-json\/wp\/v2\/product\/1256","targetHints":{"allow":["GET"]}}],"collection":[{"href":"https:\/\/audiobook-24.com\/en\/wp-json\/wp\/v2\/product"}],"about":[{"href":"https:\/\/audiobook-24.com\/en\/wp-json\/wp\/v2\/types\/product"}],"replies":[{"embeddable":true,"href":"https:\/\/audiobook-24.com\/en\/wp-json\/wp\/v2\/comments?post=1256"}],"wp:featuredmedia":[{"embeddable":true,"href":"https:\/\/audiobook-24.com\/en\/wp-json\/wp\/v2\/media\/1257"}],"wp:attachment":[{"href":"https:\/\/audiobook-24.com\/en\/wp-json\/wp\/v2\/media?parent=1256"}],"wp:term":[{"taxonomy":"product_brand","embeddable":true,"href":"https:\/\/audiobook-24.com\/en\/wp-json\/wp\/v2\/product_brand?post=1256"},{"taxonomy":"product_cat","embeddable":true,"href":"https:\/\/audiobook-24.com\/en\/wp-json\/wp\/v2\/product_cat?post=1256"},{"taxonomy":"product_tag","embeddable":true,"href":"https:\/\/audiobook-24.com\/en\/wp-json\/wp\/v2\/product_tag?post=1256"}],"curies":[{"name":"wp","href":"https:\/\/api.w.org\/{rel}","templated":true}]}}