{"id":1252,"date":"2025-11-22T15:53:54","date_gmt":"2025-11-22T15:53:54","guid":{"rendered":"https:\/\/audiobook-24.com\/?post_type=product&#038;p=1252"},"modified":"2025-11-22T15:53:54","modified_gmt":"2025-11-22T15:53:54","slug":"%f0%9f%8e%a7-hoerspiel-die-drei-fragezeichen-folge-015-der-rasende-loewe-%f0%9f%8e%a7","status":"publish","type":"product","link":"https:\/\/audiobook-24.com\/en\/product\/%f0%9f%8e%a7-hoerspiel-die-drei-fragezeichen-folge-015-der-rasende-loewe-%f0%9f%8e%a7\/","title":{"rendered":"\ud83c\udfa7 H\u00f6rspiel: Die Drei Fragezeichen \u2013 Folge 015: Der rasende L\u00f6we \ud83c\udfa7"},"content":{"rendered":"<p data-start=\"0\" data-end=\"75\">\ud83c\udfa7 <strong data-start=\"3\" data-end=\"70\">H\u00f6rspiel: Die Drei Fragezeichen \u2013 <em data-start=\"39\" data-end=\"68\">Folge 015: Der rasende L\u00f6we<\/em><\/strong> \ud83c\udfa7<\/p>\n<p data-start=\"77\" data-end=\"414\">\ud83e\udd81 <strong data-start=\"80\" data-end=\"174\">Ein w\u00fctender L\u00f6we. Ein gef\u00e4hrlicher Zirkus. Und ein Fall voller Spannung und Nervenkitzel.<\/strong><br data-start=\"174\" data-end=\"177\" \/>In <em data-start=\"180\" data-end=\"200\">\u201eDer rasende L\u00f6we\u201c<\/em> geraten Justus, Peter und Bob in ein aufregendes Abenteuer, als in einem Zirkus ein echter L\u00f6we au\u00dfer Kontrolle ger\u00e4t. Schnell wird klar: Hinter dem Chaos steckt kein Zufall \u2013 jemand verfolgt finstere Absichten.<\/p>\n<p data-start=\"416\" data-end=\"744\">\ud83d\udd75\ufe0f\u200d\u2642\ufe0f Die Drei Fragezeichen beginnen zu ermitteln und sto\u00dfen auf <strong data-start=\"482\" data-end=\"556\">versteckte Hinweise, dubiose Zirkusleute und ein gef\u00e4hrliches Komplott<\/strong>, das nur mit K\u00f6pfchen und Mut gel\u00f6st werden kann.<br data-start=\"606\" data-end=\"609\" \/>Mit Scharfsinn, Teamarbeit und cleveren Strategien decken sie Schritt f\u00fcr Schritt die Wahrheit auf und bringen den T\u00e4ter zur Strecke.<\/p>\n<p data-start=\"746\" data-end=\"874\">\ud83d\udd0d <strong data-start=\"749\" data-end=\"792\">Ein spannender, actionreicher Klassiker<\/strong>, der Abenteuer, R\u00e4tsel und typische Drei-???-Detektivarbeit perfekt kombiniert.<\/p>\n<hr data-start=\"876\" data-end=\"879\" \/>\n<p data-start=\"881\" data-end=\"1011\">\ud83d\udcb3 <strong data-start=\"884\" data-end=\"903\">Nach Bezahlung:<\/strong><br data-start=\"903\" data-end=\"906\" \/>\ud83d\udcbb Sofortiger Download f\u00fcr PC<br data-start=\"935\" data-end=\"938\" \/>\ud83d\udcf1 Sofortiger Download f\u00fcrs Handy<br data-start=\"971\" data-end=\"974\" \/>\ud83d\udda5\ufe0f Sofortiger Download f\u00fcrs Tablet<\/p>\n<p data-start=\"1013\" data-end=\"1056\" data-is-last-node=\"\" data-is-only-node=\"\">\ud83d\udca5 <strong data-start=\"1016\" data-end=\"1053\">Einmal gekauft \u2013 f\u00fcr immer deins!<\/strong> \ud83d\udca5<\/p>","protected":false},"excerpt":{"rendered":"<p>\ud83c\udfa7 H\u00f6rspiel: Die Drei Fragezeichen \u2013 Folge 015: Der rasende L\u00f6we \ud83c\udfa7 \ud83e\udd81 Ein w\u00fctender L\u00f6we. Ein gef\u00e4hrlicher Zirkus. Und ein Fall voller Spannung und Nervenkitzel.In \u201eDer rasende L\u00f6we\u201c geraten Justus, Peter und Bob in ein aufregendes Abenteuer, als in einem Zirkus ein echter L\u00f6we au\u00dfer Kontrolle ger\u00e4t. Schnell wird klar: Hinter dem Chaos steckt [&hellip;]<\/p>\n","protected":false},"featured_media":1253,"comment_status":"open","ping_status":"closed","template":"","meta":[],"product_brand":[],"product_cat":[36],"product_tag":[],"class_list":{"0":"post-1252","1":"product","2":"type-product","3":"status-publish","4":"has-post-thumbnail","6":"product_cat-hoerspiel-die-3","8":"first","9":"instock","10":"sale","11":"virtual","12":"purchasable","13":"product-type-simple"},"jetpack_sharing_enabled":true,"_links":{"self":[{"href":"https:\/\/audiobook-24.com\/en\/wp-json\/wp\/v2\/product\/1252","targetHints":{"allow":["GET"]}}],"collection":[{"href":"https:\/\/audiobook-24.com\/en\/wp-json\/wp\/v2\/product"}],"about":[{"href":"https:\/\/audiobook-24.com\/en\/wp-json\/wp\/v2\/types\/product"}],"replies":[{"embeddable":true,"href":"https:\/\/audiobook-24.com\/en\/wp-json\/wp\/v2\/comments?post=1252"}],"wp:featuredmedia":[{"embeddable":true,"href":"https:\/\/audiobook-24.com\/en\/wp-json\/wp\/v2\/media\/1253"}],"wp:attachment":[{"href":"https:\/\/audiobook-24.com\/en\/wp-json\/wp\/v2\/media?parent=1252"}],"wp:term":[{"taxonomy":"product_brand","embeddable":true,"href":"https:\/\/audiobook-24.com\/en\/wp-json\/wp\/v2\/product_brand?post=1252"},{"taxonomy":"product_cat","embeddable":true,"href":"https:\/\/audiobook-24.com\/en\/wp-json\/wp\/v2\/product_cat?post=1252"},{"taxonomy":"product_tag","embeddable":true,"href":"https:\/\/audiobook-24.com\/en\/wp-json\/wp\/v2\/product_tag?post=1252"}],"curies":[{"name":"wp","href":"https:\/\/api.w.org\/{rel}","templated":true}]}}