{"id":1250,"date":"2025-11-22T15:43:49","date_gmt":"2025-11-22T15:43:49","guid":{"rendered":"https:\/\/audiobook-24.com\/?post_type=product&#038;p=1250"},"modified":"2025-11-22T15:43:49","modified_gmt":"2025-11-22T15:43:49","slug":"%f0%9f%8e%a7-hoerspiel-die-drei-fragezeichen-folge-014-das-bergmonster-%f0%9f%8e%a7","status":"publish","type":"product","link":"https:\/\/audiobook-24.com\/en\/product\/%f0%9f%8e%a7-hoerspiel-die-drei-fragezeichen-folge-014-das-bergmonster-%f0%9f%8e%a7\/","title":{"rendered":"\ud83c\udfa7 H\u00f6rspiel: Die Drei Fragezeichen \u2013 Folge 014: Das Bergmonster \ud83c\udfa7"},"content":{"rendered":"<p data-start=\"0\" data-end=\"74\">\ud83c\udfa7 <strong data-start=\"3\" data-end=\"69\">H\u00f6rspiel: Die Drei Fragezeichen \u2013 <em data-start=\"39\" data-end=\"67\">Folge 014: Das Bergmonster<\/em><\/strong> \ud83c\udfa7<\/p>\n<p data-start=\"76\" data-end=\"402\">\ud83c\udfd4\ufe0f <strong data-start=\"80\" data-end=\"207\">Ein geheimnisvolles Monster. Unheimliche Geschehnisse in den Bergen. Und ein Fall, der Justus, Peter und Bob auf Trab h\u00e4lt.<\/strong><br data-start=\"207\" data-end=\"210\" \/>In <em data-start=\"213\" data-end=\"232\">\u201eDas Bergmonster\u201c<\/em> werden die Drei Fragezeichen zu einem abgelegenen Bergdorf gerufen, in dem mysteri\u00f6se Spuren und be\u00e4ngstigende Ger\u00e4usche die Bewohner in Angst und Schrecken versetzen.<\/p>\n<p data-start=\"404\" data-end=\"744\">\ud83d\udd75\ufe0f\u200d\u2642\ufe0f Die Ermittlungen f\u00fchren zu <strong data-start=\"438\" data-end=\"507\">versteckten H\u00f6hlen, r\u00e4tselhaften F\u00e4hrten und einem cleveren T\u00e4ter<\/strong>, der die Legende des Bergmonsters geschickt ausnutzt, um von seinen wahren Absichten abzulenken.<br data-start=\"604\" data-end=\"607\" \/>Mit Logik, Scharfsinn und Teamarbeit entlarven die drei Detektive Schritt f\u00fcr Schritt die Wahrheit hinter den unheimlichen Ereignissen.<\/p>\n<p data-start=\"746\" data-end=\"879\">\ud83d\udd0d <strong data-start=\"749\" data-end=\"794\">Ein spannender, atmosph\u00e4rischer Klassiker<\/strong>, der Nervenkitzel, Abenteuer und typische Drei-???-Detektivarbeit perfekt vereint.<\/p>\n<hr data-start=\"881\" data-end=\"884\" \/>\n<p data-start=\"886\" data-end=\"1016\">\ud83d\udcb3 <strong data-start=\"889\" data-end=\"908\">Nach Bezahlung:<\/strong><br data-start=\"908\" data-end=\"911\" \/>\ud83d\udcbb Sofortiger Download f\u00fcr PC<br data-start=\"940\" data-end=\"943\" \/>\ud83d\udcf1 Sofortiger Download f\u00fcrs Handy<br data-start=\"976\" data-end=\"979\" \/>\ud83d\udda5\ufe0f Sofortiger Download f\u00fcrs Tablet<\/p>\n<p data-start=\"1018\" data-end=\"1061\" data-is-last-node=\"\" data-is-only-node=\"\">\ud83d\udca5 <strong data-start=\"1021\" data-end=\"1058\">Einmal gekauft \u2013 f\u00fcr immer deins!<\/strong> \ud83d\udca5<\/p>","protected":false},"excerpt":{"rendered":"<p>\ud83c\udfa7 H\u00f6rspiel: Die Drei Fragezeichen \u2013 Folge 014: Das Bergmonster \ud83c\udfa7 \ud83c\udfd4\ufe0f Ein geheimnisvolles Monster. Unheimliche Geschehnisse in den Bergen. Und ein Fall, der Justus, Peter und Bob auf Trab h\u00e4lt.In \u201eDas Bergmonster\u201c werden die Drei Fragezeichen zu einem abgelegenen Bergdorf gerufen, in dem mysteri\u00f6se Spuren und be\u00e4ngstigende Ger\u00e4usche die Bewohner in Angst und Schrecken [&hellip;]<\/p>\n","protected":false},"featured_media":1251,"comment_status":"open","ping_status":"closed","template":"","meta":[],"product_brand":[],"product_cat":[36],"product_tag":[],"class_list":{"0":"post-1250","1":"product","2":"type-product","3":"status-publish","4":"has-post-thumbnail","6":"product_cat-hoerspiel-die-3","8":"first","9":"instock","10":"sale","11":"virtual","12":"purchasable","13":"product-type-simple"},"jetpack_sharing_enabled":true,"_links":{"self":[{"href":"https:\/\/audiobook-24.com\/en\/wp-json\/wp\/v2\/product\/1250","targetHints":{"allow":["GET"]}}],"collection":[{"href":"https:\/\/audiobook-24.com\/en\/wp-json\/wp\/v2\/product"}],"about":[{"href":"https:\/\/audiobook-24.com\/en\/wp-json\/wp\/v2\/types\/product"}],"replies":[{"embeddable":true,"href":"https:\/\/audiobook-24.com\/en\/wp-json\/wp\/v2\/comments?post=1250"}],"wp:featuredmedia":[{"embeddable":true,"href":"https:\/\/audiobook-24.com\/en\/wp-json\/wp\/v2\/media\/1251"}],"wp:attachment":[{"href":"https:\/\/audiobook-24.com\/en\/wp-json\/wp\/v2\/media?parent=1250"}],"wp:term":[{"taxonomy":"product_brand","embeddable":true,"href":"https:\/\/audiobook-24.com\/en\/wp-json\/wp\/v2\/product_brand?post=1250"},{"taxonomy":"product_cat","embeddable":true,"href":"https:\/\/audiobook-24.com\/en\/wp-json\/wp\/v2\/product_cat?post=1250"},{"taxonomy":"product_tag","embeddable":true,"href":"https:\/\/audiobook-24.com\/en\/wp-json\/wp\/v2\/product_tag?post=1250"}],"curies":[{"name":"wp","href":"https:\/\/api.w.org\/{rel}","templated":true}]}}