{"id":1246,"date":"2025-11-22T15:36:47","date_gmt":"2025-11-22T15:36:47","guid":{"rendered":"https:\/\/audiobook-24.com\/?post_type=product&#038;p=1246"},"modified":"2025-11-22T15:36:47","modified_gmt":"2025-11-22T15:36:47","slug":"%f0%9f%8e%a7-hoerspiel-die-drei-fragezeichen-folge-012-der-seltsame-wecker-%f0%9f%8e%a7","status":"publish","type":"product","link":"https:\/\/audiobook-24.com\/en\/product\/%f0%9f%8e%a7-hoerspiel-die-drei-fragezeichen-folge-012-der-seltsame-wecker-%f0%9f%8e%a7\/","title":{"rendered":"\ud83c\udfa7 H\u00f6rspiel: Die Drei Fragezeichen \u2013 Folge 012: Der seltsame Wecker \ud83c\udfa7"},"content":{"rendered":"<p data-start=\"0\" data-end=\"78\">\ud83c\udfa7 <strong data-start=\"3\" data-end=\"73\">H\u00f6rspiel: Die Drei Fragezeichen \u2013 <em data-start=\"39\" data-end=\"71\">Folge 012: Der seltsame Wecker<\/em><\/strong> \ud83c\udfa7<\/p>\n<p data-start=\"80\" data-end=\"392\">\u23f0 <strong data-start=\"82\" data-end=\"167\">Ein geheimnisvoller Wecker. Unheimliche Vorkommnisse. Und ein Fall voller R\u00e4tsel.<\/strong><br data-start=\"167\" data-end=\"170\" \/>In <em data-start=\"173\" data-end=\"196\">\u201eDer seltsame Wecker\u201c<\/em> werden Justus, Peter und Bob zu einem ungew\u00f6hnlichen Auftrag gerufen: Ein alter Wecker scheint seltsame Ereignisse auszul\u00f6sen \u2013 mitten in der Nacht ert\u00f6nen Ger\u00e4usche, die niemand erkl\u00e4ren kann.<\/p>\n<p data-start=\"394\" data-end=\"717\">\ud83d\udd75\ufe0f\u200d\u2642\ufe0f Die Drei Fragezeichen beginnen zu ermitteln und sto\u00dfen auf <strong data-start=\"460\" data-end=\"529\">versteckte Hinweise, geheime Mechanismen und einen cleveren T\u00e4ter<\/strong>, der die scheinbar \u00fcbernat\u00fcrlichen Vorf\u00e4lle gezielt inszeniert.<br data-start=\"593\" data-end=\"596\" \/>Mit Scharfsinn, Logik und Teamarbeit entschl\u00fcsseln sie Schritt f\u00fcr Schritt das Geheimnis hinter dem mysteri\u00f6sen Wecker.<\/p>\n<p data-start=\"719\" data-end=\"833\">\ud83d\udd0d <strong data-start=\"722\" data-end=\"758\">Ein spannender, klassischer Fall<\/strong> voller cleverer Wendungen, Grusel und typischer Drei-???-Detektivarbeit.<\/p>\n<hr data-start=\"835\" data-end=\"838\" \/>\n<p data-start=\"840\" data-end=\"970\">\ud83d\udcb3 <strong data-start=\"843\" data-end=\"862\">Nach Bezahlung:<\/strong><br data-start=\"862\" data-end=\"865\" \/>\ud83d\udcbb Sofortiger Download f\u00fcr PC<br data-start=\"894\" data-end=\"897\" \/>\ud83d\udcf1 Sofortiger Download f\u00fcrs Handy<br data-start=\"930\" data-end=\"933\" \/>\ud83d\udda5\ufe0f Sofortiger Download f\u00fcrs Tablet<\/p>\n<p data-start=\"972\" data-end=\"1015\" data-is-last-node=\"\" data-is-only-node=\"\">\ud83d\udca5 <strong data-start=\"975\" data-end=\"1012\">Einmal gekauft \u2013 f\u00fcr immer deins!<\/strong> \ud83d\udca5<\/p>","protected":false},"excerpt":{"rendered":"<p>\ud83c\udfa7 H\u00f6rspiel: Die Drei Fragezeichen \u2013 Folge 012: Der seltsame Wecker \ud83c\udfa7 \u23f0 Ein geheimnisvoller Wecker. Unheimliche Vorkommnisse. Und ein Fall voller R\u00e4tsel.In \u201eDer seltsame Wecker\u201c werden Justus, Peter und Bob zu einem ungew\u00f6hnlichen Auftrag gerufen: Ein alter Wecker scheint seltsame Ereignisse auszul\u00f6sen \u2013 mitten in der Nacht ert\u00f6nen Ger\u00e4usche, die niemand erkl\u00e4ren kann. \ud83d\udd75\ufe0f\u200d\u2642\ufe0f [&hellip;]<\/p>\n","protected":false},"featured_media":1247,"comment_status":"open","ping_status":"closed","template":"","meta":[],"product_brand":[],"product_cat":[36],"product_tag":[],"class_list":{"0":"post-1246","1":"product","2":"type-product","3":"status-publish","4":"has-post-thumbnail","6":"product_cat-hoerspiel-die-3","8":"first","9":"instock","10":"sale","11":"virtual","12":"purchasable","13":"product-type-simple"},"jetpack_sharing_enabled":true,"_links":{"self":[{"href":"https:\/\/audiobook-24.com\/en\/wp-json\/wp\/v2\/product\/1246","targetHints":{"allow":["GET"]}}],"collection":[{"href":"https:\/\/audiobook-24.com\/en\/wp-json\/wp\/v2\/product"}],"about":[{"href":"https:\/\/audiobook-24.com\/en\/wp-json\/wp\/v2\/types\/product"}],"replies":[{"embeddable":true,"href":"https:\/\/audiobook-24.com\/en\/wp-json\/wp\/v2\/comments?post=1246"}],"wp:featuredmedia":[{"embeddable":true,"href":"https:\/\/audiobook-24.com\/en\/wp-json\/wp\/v2\/media\/1247"}],"wp:attachment":[{"href":"https:\/\/audiobook-24.com\/en\/wp-json\/wp\/v2\/media?parent=1246"}],"wp:term":[{"taxonomy":"product_brand","embeddable":true,"href":"https:\/\/audiobook-24.com\/en\/wp-json\/wp\/v2\/product_brand?post=1246"},{"taxonomy":"product_cat","embeddable":true,"href":"https:\/\/audiobook-24.com\/en\/wp-json\/wp\/v2\/product_cat?post=1246"},{"taxonomy":"product_tag","embeddable":true,"href":"https:\/\/audiobook-24.com\/en\/wp-json\/wp\/v2\/product_tag?post=1246"}],"curies":[{"name":"wp","href":"https:\/\/api.w.org\/{rel}","templated":true}]}}