{"id":1244,"date":"2025-11-22T15:32:38","date_gmt":"2025-11-22T15:32:38","guid":{"rendered":"https:\/\/audiobook-24.com\/?post_type=product&#038;p=1244"},"modified":"2025-11-22T15:32:38","modified_gmt":"2025-11-22T15:32:38","slug":"%f0%9f%8e%a7-hoerspiel-die-drei-fragezeichen-folge-011-das-gespensterschloss-%f0%9f%8e%a7","status":"publish","type":"product","link":"https:\/\/audiobook-24.com\/en\/product\/%f0%9f%8e%a7-hoerspiel-die-drei-fragezeichen-folge-011-das-gespensterschloss-%f0%9f%8e%a7\/","title":{"rendered":"\ud83c\udfa7 H\u00f6rspiel: Die Drei Fragezeichen \u2013 Folge 011: Das Gespensterschloss \ud83c\udfa7"},"content":{"rendered":"<p data-start=\"0\" data-end=\"80\">\ud83c\udfa7 <strong data-start=\"3\" data-end=\"75\">H\u00f6rspiel: Die Drei Fragezeichen \u2013 <em data-start=\"39\" data-end=\"73\">Folge 011: Das Gespensterschloss<\/em><\/strong> \ud83c\udfa7<\/p>\n<p data-start=\"82\" data-end=\"484\">\ud83c\udff0 <strong data-start=\"85\" data-end=\"202\">Ein verlassenes Schloss. Unheimliche Ger\u00e4usche. Und ein R\u00e4tsel, das Justus, Peter und Bob an ihre Grenzen bringt.<\/strong><br data-start=\"202\" data-end=\"205\" \/>In <em data-start=\"208\" data-end=\"233\">\u201eDas Gespensterschloss\u201c<\/em> werden die drei Detektive zu einem alten Anwesen gerufen, das von merkw\u00fcrdigen Ereignissen heimgesucht wird. Besucher berichten von spukhaften Erscheinungen, geheimnisvollen Ger\u00e4uschen und unheimlichen Lichtern \u2013 ein Fall f\u00fcr die Drei Fragezeichen.<\/p>\n<p data-start=\"486\" data-end=\"772\">\ud83d\udd75\ufe0f\u200d\u2642\ufe0f Bei ihren Ermittlungen sto\u00dfen sie auf <strong data-start=\"531\" data-end=\"591\">verborgene R\u00e4ume, geheime G\u00e4nge und einen cleveren T\u00e4ter<\/strong>, der die Spukgeschichte inszeniert, um von seinen wahren Absichten abzulenken.<br data-start=\"670\" data-end=\"673\" \/>Mit Logik, Scharfsinn und Teamarbeit decken Justus, Peter und Bob nach und nach die Wahrheit auf.<\/p>\n<p data-start=\"774\" data-end=\"901\">\ud83d\udd0d <strong data-start=\"777\" data-end=\"822\">Ein spannender, atmosph\u00e4rischer Klassiker<\/strong>, der Grusel, R\u00e4tsel und detektivisches K\u00f6nnen perfekt miteinander verbindet.<\/p>\n<hr data-start=\"903\" data-end=\"906\" \/>\n<p data-start=\"908\" data-end=\"1038\">\ud83d\udcb3 <strong data-start=\"911\" data-end=\"930\">Nach Bezahlung:<\/strong><br data-start=\"930\" data-end=\"933\" \/>\ud83d\udcbb Sofortiger Download f\u00fcr PC<br data-start=\"962\" data-end=\"965\" \/>\ud83d\udcf1 Sofortiger Download f\u00fcrs Handy<br data-start=\"998\" data-end=\"1001\" \/>\ud83d\udda5\ufe0f Sofortiger Download f\u00fcrs Tablet<\/p>\n<p data-start=\"1040\" data-end=\"1083\" data-is-last-node=\"\" data-is-only-node=\"\">\ud83d\udca5 <strong data-start=\"1043\" data-end=\"1080\">Einmal gekauft \u2013 f\u00fcr immer deins!<\/strong> \ud83d\udca5<\/p>","protected":false},"excerpt":{"rendered":"<p>\ud83c\udfa7 H\u00f6rspiel: Die Drei Fragezeichen \u2013 Folge 011: Das Gespensterschloss \ud83c\udfa7 \ud83c\udff0 Ein verlassenes Schloss. Unheimliche Ger\u00e4usche. Und ein R\u00e4tsel, das Justus, Peter und Bob an ihre Grenzen bringt.In \u201eDas Gespensterschloss\u201c werden die drei Detektive zu einem alten Anwesen gerufen, das von merkw\u00fcrdigen Ereignissen heimgesucht wird. Besucher berichten von spukhaften Erscheinungen, geheimnisvollen Ger\u00e4uschen und unheimlichen [&hellip;]<\/p>\n","protected":false},"featured_media":1245,"comment_status":"open","ping_status":"closed","template":"","meta":[],"product_brand":[],"product_cat":[36],"product_tag":[],"class_list":{"0":"post-1244","1":"product","2":"type-product","3":"status-publish","4":"has-post-thumbnail","6":"product_cat-hoerspiel-die-3","8":"first","9":"instock","10":"sale","11":"virtual","12":"purchasable","13":"product-type-simple"},"jetpack_sharing_enabled":true,"_links":{"self":[{"href":"https:\/\/audiobook-24.com\/en\/wp-json\/wp\/v2\/product\/1244","targetHints":{"allow":["GET"]}}],"collection":[{"href":"https:\/\/audiobook-24.com\/en\/wp-json\/wp\/v2\/product"}],"about":[{"href":"https:\/\/audiobook-24.com\/en\/wp-json\/wp\/v2\/types\/product"}],"replies":[{"embeddable":true,"href":"https:\/\/audiobook-24.com\/en\/wp-json\/wp\/v2\/comments?post=1244"}],"wp:featuredmedia":[{"embeddable":true,"href":"https:\/\/audiobook-24.com\/en\/wp-json\/wp\/v2\/media\/1245"}],"wp:attachment":[{"href":"https:\/\/audiobook-24.com\/en\/wp-json\/wp\/v2\/media?parent=1244"}],"wp:term":[{"taxonomy":"product_brand","embeddable":true,"href":"https:\/\/audiobook-24.com\/en\/wp-json\/wp\/v2\/product_brand?post=1244"},{"taxonomy":"product_cat","embeddable":true,"href":"https:\/\/audiobook-24.com\/en\/wp-json\/wp\/v2\/product_cat?post=1244"},{"taxonomy":"product_tag","embeddable":true,"href":"https:\/\/audiobook-24.com\/en\/wp-json\/wp\/v2\/product_tag?post=1244"}],"curies":[{"name":"wp","href":"https:\/\/api.w.org\/{rel}","templated":true}]}}