{"id":1242,"date":"2025-11-22T15:28:35","date_gmt":"2025-11-22T15:28:35","guid":{"rendered":"https:\/\/audiobook-24.com\/?post_type=product&#038;p=1242"},"modified":"2025-11-22T15:28:35","modified_gmt":"2025-11-22T15:28:35","slug":"%f0%9f%8e%a7-hoerspiel-die-drei-fragezeichen-folge-009-die-raetselhaften-bilder-%f0%9f%8e%a7","status":"publish","type":"product","link":"https:\/\/audiobook-24.com\/en\/product\/%f0%9f%8e%a7-hoerspiel-die-drei-fragezeichen-folge-009-die-raetselhaften-bilder-%f0%9f%8e%a7\/","title":{"rendered":"\ud83c\udfa7 H\u00f6rspiel: Die Drei Fragezeichen \u2013 Folge 009: Die r\u00e4tselhaften Bilder \ud83c\udfa7"},"content":{"rendered":"<article class=\"text-token-text-primary w-full focus:outline-none [--shadow-height:45px] has-data-writing-block:pointer-events-none has-data-writing-block:-mt-(--shadow-height) has-data-writing-block:pt-(--shadow-height) [&amp;:has([data-writing-block])&gt;*]:pointer-events-auto [content-visibility:auto] supports-[content-visibility:auto]:[contain-intrinsic-size:auto_100lvh] scroll-mt-[calc(var(--header-height)+min(200px,max(70px,20svh)))]\" dir=\"auto\" tabindex=\"-1\" data-turn-id=\"request-WEB:7d0a695c-ec09-4340-8d06-c4f63e05a2cb-43\" data-testid=\"conversation-turn-88\" data-scroll-anchor=\"true\" data-turn=\"assistant\">\n<div class=\"text-base my-auto mx-auto pb-10 [--thread-content-margin:--spacing(4)] thread-sm:[--thread-content-margin:--spacing(6)] thread-lg:[--thread-content-margin:--spacing(16)] px-(--thread-content-margin)\">\n<div class=\"[--thread-content-max-width:40rem] thread-lg:[--thread-content-max-width:48rem] mx-auto max-w-(--thread-content-max-width) flex-1 group\/turn-messages focus-visible:outline-hidden relative flex w-full min-w-0 flex-col agent-turn\" tabindex=\"-1\">\n<div class=\"flex max-w-full flex-col grow\">\n<div class=\"min-h-8 text-message relative flex w-full flex-col items-end gap-2 text-start break-words whitespace-normal [.text-message+&amp;]:mt-1\" dir=\"auto\" data-message-author-role=\"assistant\" data-message-id=\"50806377-54ef-4209-9da2-ba710e7c277a\" data-message-model-slug=\"gpt-5-mini\">\n<div class=\"flex w-full flex-col gap-1 empty:hidden first:pt-[1px]\">\n<div class=\"markdown prose dark:prose-invert w-full break-words light markdown-new-styling\">\n<p data-start=\"0\" data-end=\"82\">\ud83c\udfa7 <strong data-start=\"3\" data-end=\"77\">H\u00f6rspiel: Die Drei Fragezeichen \u2013 <em data-start=\"39\" data-end=\"75\">Folge 009: Die r\u00e4tselhaften Bilder<\/em><\/strong> \ud83c\udfa7<\/p>\n<p data-start=\"84\" data-end=\"430\">\ud83d\uddbc\ufe0f <strong data-start=\"88\" data-end=\"197\">Geheime Botschaften in Gem\u00e4lden. Ein mysteri\u00f6ser Kunstdiebstahl. Und ein Fall voller R\u00e4tsel und Spannung.<\/strong><br data-start=\"197\" data-end=\"200\" \/>In <em data-start=\"203\" data-end=\"230\">\u201eDie r\u00e4tselhaften Bilder\u201c<\/em> werden Justus, Peter und Bob in ein aufregendes Abenteuer verwickelt: Seltsame Ereignisse um wertvolle Gem\u00e4lde werfen Fragen auf \u2013 einige scheinen Hinweise auf ein gr\u00f6\u00dferes Verbrechen zu enthalten.<\/p>\n<p data-start=\"432\" data-end=\"753\">\ud83d\udd75\ufe0f\u200d\u2642\ufe0f Die drei Detektive folgen den Spuren der Bilder, entdecken <strong data-start=\"498\" data-end=\"570\">versteckte Symbole, geheimnisvolle Hinweise und einen cleveren T\u00e4ter<\/strong>, der alles daran setzt, die Wahrheit zu verschleiern.<br data-start=\"624\" data-end=\"627\" \/>Mit klugem Denken, Teamarbeit und detektivischem Scharfsinn bringen sie Licht in das dunkle Netz aus T\u00e4uschung und Intrigen.<\/p>\n<p data-start=\"755\" data-end=\"861\">\ud83d\udd0d <strong data-start=\"758\" data-end=\"786\">Ein spannender Klassiker<\/strong> voller cleverer Wendungen, R\u00e4tselspa\u00df und typischer Drei-???-Atmosph\u00e4re.<\/p>\n<hr data-start=\"863\" data-end=\"866\" \/>\n<p data-start=\"868\" data-end=\"998\">\ud83d\udcb3 <strong data-start=\"871\" data-end=\"890\">Nach Bezahlung:<\/strong><br data-start=\"890\" data-end=\"893\" \/>\ud83d\udcbb Sofortiger Download f\u00fcr PC<br data-start=\"922\" data-end=\"925\" \/>\ud83d\udcf1 Sofortiger Download f\u00fcrs Handy<br data-start=\"958\" data-end=\"961\" \/>\ud83d\udda5\ufe0f Sofortiger Download f\u00fcrs Tablet<\/p>\n<p data-start=\"1000\" data-end=\"1043\" data-is-last-node=\"\" data-is-only-node=\"\">\ud83d\udca5 <strong data-start=\"1003\" data-end=\"1040\">Einmal gekauft \u2013 f\u00fcr immer deins!<\/strong> \ud83d\udca5<\/p>\n<\/div>\n<\/div>\n<\/div>\n<\/div>\n<div class=\"z-0 flex min-h-[46px] justify-start\"><\/div>\n<div class=\"mt-3 w-full empty:hidden\">\n<div class=\"text-center\"><\/div>\n<\/div>\n<\/div>\n<\/div>\n<\/article>\n<div class=\"pointer-events-none h-px w-px\" aria-hidden=\"true\" data-edge=\"true\"><\/div>\n","protected":false},"excerpt":{"rendered":"<p>\ud83c\udfa7 H\u00f6rspiel: Die Drei Fragezeichen \u2013 Folge 009: Die r\u00e4tselhaften Bilder \ud83c\udfa7 \ud83d\uddbc\ufe0f Geheime Botschaften in Gem\u00e4lden. Ein mysteri\u00f6ser Kunstdiebstahl. Und ein Fall voller R\u00e4tsel und Spannung.In \u201eDie r\u00e4tselhaften Bilder\u201c werden Justus, Peter und Bob in ein aufregendes Abenteuer verwickelt: Seltsame Ereignisse um wertvolle Gem\u00e4lde werfen Fragen auf \u2013 einige scheinen Hinweise auf ein gr\u00f6\u00dferes [&hellip;]<\/p>\n","protected":false},"featured_media":1243,"comment_status":"open","ping_status":"closed","template":"","meta":[],"product_brand":[],"product_cat":[36],"product_tag":[],"class_list":{"0":"post-1242","1":"product","2":"type-product","3":"status-publish","4":"has-post-thumbnail","6":"product_cat-hoerspiel-die-3","8":"first","9":"instock","10":"sale","11":"virtual","12":"purchasable","13":"product-type-simple"},"jetpack_sharing_enabled":true,"_links":{"self":[{"href":"https:\/\/audiobook-24.com\/en\/wp-json\/wp\/v2\/product\/1242","targetHints":{"allow":["GET"]}}],"collection":[{"href":"https:\/\/audiobook-24.com\/en\/wp-json\/wp\/v2\/product"}],"about":[{"href":"https:\/\/audiobook-24.com\/en\/wp-json\/wp\/v2\/types\/product"}],"replies":[{"embeddable":true,"href":"https:\/\/audiobook-24.com\/en\/wp-json\/wp\/v2\/comments?post=1242"}],"wp:featuredmedia":[{"embeddable":true,"href":"https:\/\/audiobook-24.com\/en\/wp-json\/wp\/v2\/media\/1243"}],"wp:attachment":[{"href":"https:\/\/audiobook-24.com\/en\/wp-json\/wp\/v2\/media?parent=1242"}],"wp:term":[{"taxonomy":"product_brand","embeddable":true,"href":"https:\/\/audiobook-24.com\/en\/wp-json\/wp\/v2\/product_brand?post=1242"},{"taxonomy":"product_cat","embeddable":true,"href":"https:\/\/audiobook-24.com\/en\/wp-json\/wp\/v2\/product_cat?post=1242"},{"taxonomy":"product_tag","embeddable":true,"href":"https:\/\/audiobook-24.com\/en\/wp-json\/wp\/v2\/product_tag?post=1242"}],"curies":[{"name":"wp","href":"https:\/\/api.w.org\/{rel}","templated":true}]}}