{"id":1240,"date":"2025-11-22T15:24:42","date_gmt":"2025-11-22T15:24:42","guid":{"rendered":"https:\/\/audiobook-24.com\/?post_type=product&#038;p=1240"},"modified":"2025-11-22T15:24:42","modified_gmt":"2025-11-22T15:24:42","slug":"%f0%9f%8e%a7-hoerspiel-die-drei-fragezeichen-der-unheimliche-drache-%f0%9f%8e%a7","status":"publish","type":"product","link":"https:\/\/audiobook-24.com\/en\/product\/%f0%9f%8e%a7-hoerspiel-die-drei-fragezeichen-der-unheimliche-drache-%f0%9f%8e%a7\/","title":{"rendered":"\ud83c\udfa7 H\u00f6rspiel: Die Drei Fragezeichen \u2013 Der unheimliche Drache \ud83c\udfa7"},"content":{"rendered":"<p data-start=\"0\" data-end=\"70\">\ud83c\udfa7 <strong data-start=\"3\" data-end=\"65\">H\u00f6rspiel: Die Drei Fragezeichen \u2013 <em data-start=\"39\" data-end=\"63\">Der unheimliche Drache<\/em><\/strong> \ud83c\udfa7<\/p>\n<p data-start=\"72\" data-end=\"466\">\ud83d\udc09 <strong data-start=\"75\" data-end=\"187\">Ein mysteri\u00f6ser Drache. Unheimliche Ereignisse. Und ein Fall, der die drei Detektive an ihre Grenzen bringt.<\/strong><br data-start=\"187\" data-end=\"190\" \/>In <em data-start=\"193\" data-end=\"219\">\u201eDer unheimliche Drache\u201c<\/em> wird Justus, Peter und Bob ein r\u00e4tselhafter Auftrag zuteil: In einem alten Theater soll ein riesiges Drachenmodell scheinbar von selbst Unheil anrichten. Besucher berichten von seltsamen Ger\u00e4uschen, Schattenspielen und unerkl\u00e4rlichen Vorf\u00e4llen.<\/p>\n<p data-start=\"468\" data-end=\"803\">\ud83d\udd75\ufe0f\u200d\u2642\ufe0f Die Drei Fragezeichen beginnen zu ermitteln und entdecken schnell <strong data-start=\"541\" data-end=\"607\">versteckte Mechanismen, geheime G\u00e4nge und einen cleveren T\u00e4ter<\/strong>, der Angst und Schrecken inszeniert, um von seinen wahren Absichten abzulenken.<br data-start=\"687\" data-end=\"690\" \/>Mit Logik, Scharfsinn und Teamarbeit entlarven sie Schritt f\u00fcr Schritt den Drachen \u2013 und den Menschen dahinter.<\/p>\n<p data-start=\"805\" data-end=\"932\">\ud83d\udd0d <strong data-start=\"808\" data-end=\"848\">Ein spannender, atmosph\u00e4rischer Fall<\/strong>, der Nervenkitzel, R\u00e4tsel und klassische Drei-???-Detektivarbeit perfekt vereint.<\/p>\n<hr data-start=\"934\" data-end=\"937\" \/>\n<p data-start=\"939\" data-end=\"1069\">\ud83d\udcb3 <strong data-start=\"942\" data-end=\"961\">Nach Bezahlung:<\/strong><br data-start=\"961\" data-end=\"964\" \/>\ud83d\udcbb Sofortiger Download f\u00fcr PC<br data-start=\"993\" data-end=\"996\" \/>\ud83d\udcf1 Sofortiger Download f\u00fcrs Handy<br data-start=\"1029\" data-end=\"1032\" \/>\ud83d\udda5\ufe0f Sofortiger Download f\u00fcrs Tablet<\/p>\n<p data-start=\"1071\" data-end=\"1114\" data-is-last-node=\"\" data-is-only-node=\"\">\ud83d\udca5 <strong data-start=\"1074\" data-end=\"1111\">Einmal gekauft \u2013 f\u00fcr immer deins!<\/strong> \ud83d\udca5<\/p>","protected":false},"excerpt":{"rendered":"<p>\ud83c\udfa7 H\u00f6rspiel: Die Drei Fragezeichen \u2013 Der unheimliche Drache \ud83c\udfa7 \ud83d\udc09 Ein mysteri\u00f6ser Drache. Unheimliche Ereignisse. Und ein Fall, der die drei Detektive an ihre Grenzen bringt.In \u201eDer unheimliche Drache\u201c wird Justus, Peter und Bob ein r\u00e4tselhafter Auftrag zuteil: In einem alten Theater soll ein riesiges Drachenmodell scheinbar von selbst Unheil anrichten. Besucher berichten von [&hellip;]<\/p>\n","protected":false},"featured_media":1241,"comment_status":"open","ping_status":"closed","template":"","meta":[],"product_brand":[],"product_cat":[36],"product_tag":[],"class_list":{"0":"post-1240","1":"product","2":"type-product","3":"status-publish","4":"has-post-thumbnail","6":"product_cat-hoerspiel-die-3","8":"first","9":"instock","10":"sale","11":"virtual","12":"purchasable","13":"product-type-simple"},"jetpack_sharing_enabled":true,"_links":{"self":[{"href":"https:\/\/audiobook-24.com\/en\/wp-json\/wp\/v2\/product\/1240","targetHints":{"allow":["GET"]}}],"collection":[{"href":"https:\/\/audiobook-24.com\/en\/wp-json\/wp\/v2\/product"}],"about":[{"href":"https:\/\/audiobook-24.com\/en\/wp-json\/wp\/v2\/types\/product"}],"replies":[{"embeddable":true,"href":"https:\/\/audiobook-24.com\/en\/wp-json\/wp\/v2\/comments?post=1240"}],"wp:featuredmedia":[{"embeddable":true,"href":"https:\/\/audiobook-24.com\/en\/wp-json\/wp\/v2\/media\/1241"}],"wp:attachment":[{"href":"https:\/\/audiobook-24.com\/en\/wp-json\/wp\/v2\/media?parent=1240"}],"wp:term":[{"taxonomy":"product_brand","embeddable":true,"href":"https:\/\/audiobook-24.com\/en\/wp-json\/wp\/v2\/product_brand?post=1240"},{"taxonomy":"product_cat","embeddable":true,"href":"https:\/\/audiobook-24.com\/en\/wp-json\/wp\/v2\/product_cat?post=1240"},{"taxonomy":"product_tag","embeddable":true,"href":"https:\/\/audiobook-24.com\/en\/wp-json\/wp\/v2\/product_tag?post=1240"}],"curies":[{"name":"wp","href":"https:\/\/api.w.org\/{rel}","templated":true}]}}