{"id":1236,"date":"2025-11-22T15:15:47","date_gmt":"2025-11-22T15:15:47","guid":{"rendered":"https:\/\/audiobook-24.com\/?post_type=product&#038;p=1236"},"modified":"2025-11-22T15:15:47","modified_gmt":"2025-11-22T15:15:47","slug":"%f0%9f%8e%a7-hoerspiel-die-drei-fragezeichen-der-phantomsee-%f0%9f%8e%a7","status":"publish","type":"product","link":"https:\/\/audiobook-24.com\/en\/product\/%f0%9f%8e%a7-hoerspiel-die-drei-fragezeichen-der-phantomsee-%f0%9f%8e%a7\/","title":{"rendered":"\ud83c\udfa7 H\u00f6rspiel: Die Drei Fragezeichen \u2013 Der Phantomsee \ud83c\udfa7"},"content":{"rendered":"<p data-start=\"0\" data-end=\"62\">\ud83c\udfa7 <strong data-start=\"3\" data-end=\"57\">H\u00f6rspiel: Die Drei Fragezeichen \u2013 <em data-start=\"39\" data-end=\"55\">Der Phantomsee<\/em><\/strong> \ud83c\udfa7<\/p>\n<p data-start=\"64\" data-end=\"428\">\ud83c\udf2b\ufe0f <strong data-start=\"68\" data-end=\"189\">Ein geheimnisvoller See. Unerkl\u00e4rliche Erscheinungen. Und ein Fall, der Justus, Peter und Bob an ihre Grenzen bringt.<\/strong><br data-start=\"189\" data-end=\"192\" \/>In <em data-start=\"195\" data-end=\"213\">\u201eDer Phantomsee\u201c<\/em> f\u00fchrt ein r\u00e4tselhafter Vorfall die drei Detektive zu einem See, der seit jeher f\u00fcr sein unheimliches Ph\u00e4nomen bekannt ist: Nebelgestalten und unerkl\u00e4rliche Ger\u00e4usche versetzen die Umgebung in Angst und Schrecken.<\/p>\n<p data-start=\"430\" data-end=\"777\">\ud83d\udd75\ufe0f\u200d\u2642\ufe0f Die Drei Fragezeichen beginnen zu ermitteln und entdecken <strong data-start=\"495\" data-end=\"562\">versteckte Hinweise, geheime Verstecke und einen cleveren T\u00e4ter<\/strong>, der die Geistergeschichte gezielt ausnutzt.<br data-start=\"607\" data-end=\"610\" \/>Mit Scharfsinn, Teamarbeit und detektivischem Gesp\u00fcr decken sie nach und nach das Geheimnis auf \u2013 und entlarven den wahren \u00dcbelt\u00e4ter hinter den Phantomerscheinungen.<\/p>\n<p data-start=\"779\" data-end=\"897\">\ud83d\udd0d <strong data-start=\"782\" data-end=\"822\">Ein spannender, atmosph\u00e4rischer Fall<\/strong> voller Nervenkitzel, cleverer Wendungen und typischer Drei-???-Spannung.<\/p>\n<hr data-start=\"899\" data-end=\"902\" \/>\n<p data-start=\"904\" data-end=\"1034\">\ud83d\udcb3 <strong data-start=\"907\" data-end=\"926\">Nach Bezahlung:<\/strong><br data-start=\"926\" data-end=\"929\" \/>\ud83d\udcbb Sofortiger Download f\u00fcr PC<br data-start=\"958\" data-end=\"961\" \/>\ud83d\udcf1 Sofortiger Download f\u00fcrs Handy<br data-start=\"994\" data-end=\"997\" \/>\ud83d\udda5\ufe0f Sofortiger Download f\u00fcrs Tablet<\/p>\n<p data-start=\"1036\" data-end=\"1079\" data-is-last-node=\"\" data-is-only-node=\"\">\ud83d\udca5 <strong data-start=\"1039\" data-end=\"1076\">Einmal gekauft \u2013 f\u00fcr immer deins!<\/strong> \ud83d\udca5<\/p>","protected":false},"excerpt":{"rendered":"<p>\ud83c\udfa7 H\u00f6rspiel: Die Drei Fragezeichen \u2013 Der Phantomsee \ud83c\udfa7 \ud83c\udf2b\ufe0f Ein geheimnisvoller See. Unerkl\u00e4rliche Erscheinungen. Und ein Fall, der Justus, Peter und Bob an ihre Grenzen bringt.In \u201eDer Phantomsee\u201c f\u00fchrt ein r\u00e4tselhafter Vorfall die drei Detektive zu einem See, der seit jeher f\u00fcr sein unheimliches Ph\u00e4nomen bekannt ist: Nebelgestalten und unerkl\u00e4rliche Ger\u00e4usche versetzen die Umgebung [&hellip;]<\/p>\n","protected":false},"featured_media":1237,"comment_status":"open","ping_status":"closed","template":"","meta":[],"product_brand":[],"product_cat":[36],"product_tag":[],"class_list":{"0":"post-1236","1":"product","2":"type-product","3":"status-publish","4":"has-post-thumbnail","6":"product_cat-hoerspiel-die-3","8":"first","9":"instock","10":"sale","11":"virtual","12":"purchasable","13":"product-type-simple"},"jetpack_sharing_enabled":true,"_links":{"self":[{"href":"https:\/\/audiobook-24.com\/en\/wp-json\/wp\/v2\/product\/1236","targetHints":{"allow":["GET"]}}],"collection":[{"href":"https:\/\/audiobook-24.com\/en\/wp-json\/wp\/v2\/product"}],"about":[{"href":"https:\/\/audiobook-24.com\/en\/wp-json\/wp\/v2\/types\/product"}],"replies":[{"embeddable":true,"href":"https:\/\/audiobook-24.com\/en\/wp-json\/wp\/v2\/comments?post=1236"}],"wp:featuredmedia":[{"embeddable":true,"href":"https:\/\/audiobook-24.com\/en\/wp-json\/wp\/v2\/media\/1237"}],"wp:attachment":[{"href":"https:\/\/audiobook-24.com\/en\/wp-json\/wp\/v2\/media?parent=1236"}],"wp:term":[{"taxonomy":"product_brand","embeddable":true,"href":"https:\/\/audiobook-24.com\/en\/wp-json\/wp\/v2\/product_brand?post=1236"},{"taxonomy":"product_cat","embeddable":true,"href":"https:\/\/audiobook-24.com\/en\/wp-json\/wp\/v2\/product_cat?post=1236"},{"taxonomy":"product_tag","embeddable":true,"href":"https:\/\/audiobook-24.com\/en\/wp-json\/wp\/v2\/product_tag?post=1236"}],"curies":[{"name":"wp","href":"https:\/\/api.w.org\/{rel}","templated":true}]}}