{"id":1232,"date":"2025-11-22T14:59:40","date_gmt":"2025-11-22T14:59:40","guid":{"rendered":"https:\/\/audiobook-24.com\/?post_type=product&#038;p=1232"},"modified":"2025-11-22T14:59:40","modified_gmt":"2025-11-22T14:59:40","slug":"%f0%9f%8e%a7-hoerspiel-die-drei-fragezeichen-und-der-gruene-geist-%f0%9f%8e%a7","status":"publish","type":"product","link":"https:\/\/audiobook-24.com\/en\/product\/%f0%9f%8e%a7-hoerspiel-die-drei-fragezeichen-und-der-gruene-geist-%f0%9f%8e%a7\/","title":{"rendered":"\ud83c\udfa7 H\u00f6rspiel: Die Drei Fragezeichen \u2013 \u2026und der gr\u00fcne Geist \ud83c\udfa7"},"content":{"rendered":"<p data-start=\"0\" data-end=\"68\">\ud83c\udfa7 <strong data-start=\"3\" data-end=\"63\">H\u00f6rspiel: Die Drei Fragezeichen \u2013 <em data-start=\"39\" data-end=\"61\">\u2026und der gr\u00fcne Geist<\/em><\/strong> \ud83c\udfa7<\/p>\n<p data-start=\"70\" data-end=\"427\">\ud83d\udc7b <strong data-start=\"73\" data-end=\"195\">Ein geheimnisvoller gr\u00fcner Geist. Unheimliche Ereignisse. Und ein Fall, der die drei Detektive an ihre Grenzen bringt.<\/strong><br data-start=\"195\" data-end=\"198\" \/>In <em data-start=\"201\" data-end=\"225\">\u201e\u2026und der gr\u00fcne Geist\u201c<\/em> werden Justus, Peter und Bob mit einer Serie r\u00e4tselhafter Vorf\u00e4lle konfrontiert: In einem alten Herrenhaus taucht immer wieder ein gr\u00fches, geisterhaftes Wesen auf, das Angst und Schrecken verbreitet.<\/p>\n<p data-start=\"429\" data-end=\"781\">\ud83d\udd75\ufe0f\u200d\u2642\ufe0f Die Drei Fragezeichen nehmen die Ermittlungen auf und entdecken schnell <strong data-start=\"508\" data-end=\"574\">versteckte Mechanismen, geheime G\u00e4nge und einen cleveren T\u00e4ter<\/strong>, der die Erscheinungen inszeniert, um von seinen wahren Pl\u00e4nen abzulenken.<br data-start=\"649\" data-end=\"652\" \/>Mit Logik, Scharfsinn und Teamarbeit decken sie Schritt f\u00fcr Schritt das Geheimnis auf \u2013 und entlarven den vermeintlichen Geist.<\/p>\n<p data-start=\"783\" data-end=\"911\">\ud83d\udd0d <strong data-start=\"786\" data-end=\"826\">Ein spannender, atmosph\u00e4rischer Fall<\/strong> voller Nervenkitzel, \u00fcberraschender Wendungen und typischer Drei-???-Detektivarbeit.<\/p>\n<hr data-start=\"913\" data-end=\"916\" \/>\n<p data-start=\"918\" data-end=\"1048\">\ud83d\udcb3 <strong data-start=\"921\" data-end=\"940\">Nach Bezahlung:<\/strong><br data-start=\"940\" data-end=\"943\" \/>\ud83d\udcbb Sofortiger Download f\u00fcr PC<br data-start=\"972\" data-end=\"975\" \/>\ud83d\udcf1 Sofortiger Download f\u00fcrs Handy<br data-start=\"1008\" data-end=\"1011\" \/>\ud83d\udda5\ufe0f Sofortiger Download f\u00fcrs Tablet<\/p>\n<p data-start=\"1050\" data-end=\"1093\" data-is-last-node=\"\" data-is-only-node=\"\">\ud83d\udca5 <strong data-start=\"1053\" data-end=\"1090\">Einmal gekauft \u2013 f\u00fcr immer deins!<\/strong> \ud83d\udca5<\/p>","protected":false},"excerpt":{"rendered":"<p>\ud83c\udfa7 H\u00f6rspiel: Die Drei Fragezeichen \u2013 \u2026und der gr\u00fcne Geist \ud83c\udfa7 \ud83d\udc7b Ein geheimnisvoller gr\u00fcner Geist. Unheimliche Ereignisse. Und ein Fall, der die drei Detektive an ihre Grenzen bringt.In \u201e\u2026und der gr\u00fcne Geist\u201c werden Justus, Peter und Bob mit einer Serie r\u00e4tselhafter Vorf\u00e4lle konfrontiert: In einem alten Herrenhaus taucht immer wieder ein gr\u00fches, geisterhaftes Wesen [&hellip;]<\/p>\n","protected":false},"featured_media":1233,"comment_status":"open","ping_status":"closed","template":"","meta":[],"product_brand":[],"product_cat":[36],"product_tag":[],"class_list":{"0":"post-1232","1":"product","2":"type-product","3":"status-publish","4":"has-post-thumbnail","6":"product_cat-hoerspiel-die-3","8":"first","9":"instock","10":"sale","11":"virtual","12":"purchasable","13":"product-type-simple"},"jetpack_sharing_enabled":true,"_links":{"self":[{"href":"https:\/\/audiobook-24.com\/en\/wp-json\/wp\/v2\/product\/1232","targetHints":{"allow":["GET"]}}],"collection":[{"href":"https:\/\/audiobook-24.com\/en\/wp-json\/wp\/v2\/product"}],"about":[{"href":"https:\/\/audiobook-24.com\/en\/wp-json\/wp\/v2\/types\/product"}],"replies":[{"embeddable":true,"href":"https:\/\/audiobook-24.com\/en\/wp-json\/wp\/v2\/comments?post=1232"}],"wp:featuredmedia":[{"embeddable":true,"href":"https:\/\/audiobook-24.com\/en\/wp-json\/wp\/v2\/media\/1233"}],"wp:attachment":[{"href":"https:\/\/audiobook-24.com\/en\/wp-json\/wp\/v2\/media?parent=1232"}],"wp:term":[{"taxonomy":"product_brand","embeddable":true,"href":"https:\/\/audiobook-24.com\/en\/wp-json\/wp\/v2\/product_brand?post=1232"},{"taxonomy":"product_cat","embeddable":true,"href":"https:\/\/audiobook-24.com\/en\/wp-json\/wp\/v2\/product_cat?post=1232"},{"taxonomy":"product_tag","embeddable":true,"href":"https:\/\/audiobook-24.com\/en\/wp-json\/wp\/v2\/product_tag?post=1232"}],"curies":[{"name":"wp","href":"https:\/\/api.w.org\/{rel}","templated":true}]}}