{"id":1230,"date":"2025-11-22T14:56:58","date_gmt":"2025-11-22T14:56:58","guid":{"rendered":"https:\/\/audiobook-24.com\/?post_type=product&#038;p=1230"},"modified":"2025-11-22T14:56:58","modified_gmt":"2025-11-22T14:56:58","slug":"%f0%9f%8e%a7-hoerspiel-die-drei-fragezeichen-und-der-zauberspiegel-%f0%9f%8e%a7","status":"publish","type":"product","link":"https:\/\/audiobook-24.com\/en\/product\/%f0%9f%8e%a7-hoerspiel-die-drei-fragezeichen-und-der-zauberspiegel-%f0%9f%8e%a7\/","title":{"rendered":"\ud83c\udfa7 H\u00f6rspiel: Die Drei Fragezeichen \u2013 \u2026und der Zauberspiegel \ud83c\udfa7"},"content":{"rendered":"<p data-start=\"0\" data-end=\"70\">\ud83c\udfa7 <strong data-start=\"3\" data-end=\"65\">H\u00f6rspiel: Die Drei Fragezeichen \u2013 <em data-start=\"39\" data-end=\"63\">\u2026und der Zauberspiegel<\/em><\/strong> \ud83c\udfa7<\/p>\n<p data-start=\"72\" data-end=\"464\">\ud83e\ude9e <strong data-start=\"75\" data-end=\"184\">Ein geheimnisvoller Spiegel. Unerkl\u00e4rliche Erscheinungen. Und ein Fall voller Illusionen und T\u00e4uschungen.<\/strong><br data-start=\"184\" data-end=\"187\" \/>In <em data-start=\"190\" data-end=\"216\">\u201e\u2026und der Zauberspiegel\u201c<\/em> geraten Justus, Peter und Bob an einen mysteri\u00f6sen Gegenstand, der scheinbar \u00fcbernat\u00fcrliche Kr\u00e4fte besitzt. Ein Mann behauptet, der Spiegel k\u00f6nne Bilder aus der Vergangenheit zeigen \u2013 doch kurz darauf geschehen merkw\u00fcrdige und beunruhigende Dinge.<\/p>\n<p data-start=\"466\" data-end=\"772\">\ud83d\udd75\ufe0f\u200d\u2642\ufe0f Die drei Detektive beginnen zu ermitteln und sto\u00dfen auf <strong data-start=\"529\" data-end=\"585\">verborgene R\u00e4ume, raffinierte Tricks und einen T\u00e4ter<\/strong>, der mit allen Mitteln versucht, die Wahrheit hinter dem Spiegel zu verschleiern.<br data-start=\"667\" data-end=\"670\" \/>Mit scharfem Verstand und cleverer Beobachtung kommt das Trio Schritt f\u00fcr Schritt dem Geheimnis n\u00e4her.<\/p>\n<p data-start=\"774\" data-end=\"890\">\ud83d\udd0d <strong data-start=\"777\" data-end=\"824\">Ein atmosph\u00e4rischer, r\u00e4tselhafter Klassiker<\/strong>, der Magie, Spannung und detektivisches K\u00f6nnen perfekt verbindet.<\/p>\n<hr data-start=\"892\" data-end=\"895\" \/>\n<p data-start=\"897\" data-end=\"1027\">\ud83d\udcb3 <strong data-start=\"900\" data-end=\"919\">Nach Bezahlung:<\/strong><br data-start=\"919\" data-end=\"922\" \/>\ud83d\udcbb Sofortiger Download f\u00fcr PC<br data-start=\"951\" data-end=\"954\" \/>\ud83d\udcf1 Sofortiger Download f\u00fcrs Handy<br data-start=\"987\" data-end=\"990\" \/>\ud83d\udda5\ufe0f Sofortiger Download f\u00fcrs Tablet<\/p>\n<p data-start=\"1029\" data-end=\"1072\" data-is-last-node=\"\" data-is-only-node=\"\">\ud83d\udca5 <strong data-start=\"1032\" data-end=\"1069\">Einmal gekauft \u2013 f\u00fcr immer deins!<\/strong> \ud83d\udca5<\/p>","protected":false},"excerpt":{"rendered":"<p>\ud83c\udfa7 H\u00f6rspiel: Die Drei Fragezeichen \u2013 \u2026und der Zauberspiegel \ud83c\udfa7 \ud83e\ude9e Ein geheimnisvoller Spiegel. Unerkl\u00e4rliche Erscheinungen. Und ein Fall voller Illusionen und T\u00e4uschungen.In \u201e\u2026und der Zauberspiegel\u201c geraten Justus, Peter und Bob an einen mysteri\u00f6sen Gegenstand, der scheinbar \u00fcbernat\u00fcrliche Kr\u00e4fte besitzt. Ein Mann behauptet, der Spiegel k\u00f6nne Bilder aus der Vergangenheit zeigen \u2013 doch kurz darauf [&hellip;]<\/p>\n","protected":false},"featured_media":1231,"comment_status":"open","ping_status":"closed","template":"","meta":[],"product_brand":[],"product_cat":[36],"product_tag":[],"class_list":{"0":"post-1230","1":"product","2":"type-product","3":"status-publish","4":"has-post-thumbnail","6":"product_cat-hoerspiel-die-3","8":"first","9":"instock","10":"sale","11":"virtual","12":"purchasable","13":"product-type-simple"},"jetpack_sharing_enabled":true,"_links":{"self":[{"href":"https:\/\/audiobook-24.com\/en\/wp-json\/wp\/v2\/product\/1230","targetHints":{"allow":["GET"]}}],"collection":[{"href":"https:\/\/audiobook-24.com\/en\/wp-json\/wp\/v2\/product"}],"about":[{"href":"https:\/\/audiobook-24.com\/en\/wp-json\/wp\/v2\/types\/product"}],"replies":[{"embeddable":true,"href":"https:\/\/audiobook-24.com\/en\/wp-json\/wp\/v2\/comments?post=1230"}],"wp:featuredmedia":[{"embeddable":true,"href":"https:\/\/audiobook-24.com\/en\/wp-json\/wp\/v2\/media\/1231"}],"wp:attachment":[{"href":"https:\/\/audiobook-24.com\/en\/wp-json\/wp\/v2\/media?parent=1230"}],"wp:term":[{"taxonomy":"product_brand","embeddable":true,"href":"https:\/\/audiobook-24.com\/en\/wp-json\/wp\/v2\/product_brand?post=1230"},{"taxonomy":"product_cat","embeddable":true,"href":"https:\/\/audiobook-24.com\/en\/wp-json\/wp\/v2\/product_cat?post=1230"},{"taxonomy":"product_tag","embeddable":true,"href":"https:\/\/audiobook-24.com\/en\/wp-json\/wp\/v2\/product_tag?post=1230"}],"curies":[{"name":"wp","href":"https:\/\/api.w.org\/{rel}","templated":true}]}}