{"id":1228,"date":"2025-11-22T14:54:57","date_gmt":"2025-11-22T14:54:57","guid":{"rendered":"https:\/\/audiobook-24.com\/?post_type=product&#038;p=1228"},"modified":"2025-11-22T14:54:57","modified_gmt":"2025-11-22T14:54:57","slug":"%f0%9f%8e%a7-hoerspiel-die-drei-fragezeichen-und-die-fluesternde-mumie-%f0%9f%8e%a7","status":"publish","type":"product","link":"https:\/\/audiobook-24.com\/en\/product\/%f0%9f%8e%a7-hoerspiel-die-drei-fragezeichen-und-die-fluesternde-mumie-%f0%9f%8e%a7\/","title":{"rendered":"\ud83c\udfa7 H\u00f6rspiel: Die Drei Fragezeichen \u2013 \u2026und die fl\u00fcsternde Mumie \ud83c\udfa7"},"content":{"rendered":"<p data-start=\"0\" data-end=\"73\">\ud83c\udfa7 <strong data-start=\"3\" data-end=\"68\">H\u00f6rspiel: Die Drei Fragezeichen \u2013 <em data-start=\"39\" data-end=\"66\">\u2026und die fl\u00fcsternde Mumie<\/em><\/strong> \ud83c\udfa7<\/p>\n<p data-start=\"75\" data-end=\"496\">\ud83d\uddff <strong data-start=\"78\" data-end=\"207\">Eine Mumie, die fl\u00fcstert. Ein uraltes Geheimnis. Und ein Fall, der den drei Detektiven das Blut in den Adern gefrieren l\u00e4sst.<\/strong><br data-start=\"207\" data-end=\"210\" \/>In <em data-start=\"213\" data-end=\"242\">\u201e\u2026und die fl\u00fcsternde Mumie\u201c<\/em> werden Justus, Peter und Bob zu einem Museum gerufen, in dem eine \u00e4gyptische Mumie angeblich zum Leben erwacht ist \u2013 und mit unheimlicher Stimme spricht.<br data-start=\"396\" data-end=\"399\" \/>Die Besitzer sind verzweifelt, die Besucher ver\u00e4ngstigt \u2013 h\u00f6chste Zeit f\u00fcr die drei Fragezeichen.<\/p>\n<p data-start=\"498\" data-end=\"762\">\ud83d\udd75\ufe0f\u200d\u2642\ufe0f Bei ihren Ermittlungen sto\u00dfen sie auf <strong data-start=\"543\" data-end=\"610\">versteckte Mechanismen, alte Hieroglyphen und skrupellose T\u00e4ter<\/strong>, die vor nichts zur\u00fcckschrecken, um ihre Pl\u00e4ne zu sch\u00fctzen.<br data-start=\"670\" data-end=\"673\" \/>Schon bald wird klar: Hinter dem Fl\u00fcstern steckt weit mehr als nur ein schlechter Scherz.<\/p>\n<p data-start=\"764\" data-end=\"884\">\ud83d\udd0d <strong data-start=\"767\" data-end=\"807\">Ein mystischer, spannender Klassiker<\/strong>, der Grusel, R\u00e4tsel und detektivisches Gesp\u00fcr perfekt miteinander verbindet.<\/p>\n<hr data-start=\"886\" data-end=\"889\" \/>\n<p data-start=\"891\" data-end=\"1021\">\ud83d\udcb3 <strong data-start=\"894\" data-end=\"913\">Nach Bezahlung:<\/strong><br data-start=\"913\" data-end=\"916\" \/>\ud83d\udcbb Sofortiger Download f\u00fcr PC<br data-start=\"945\" data-end=\"948\" \/>\ud83d\udcf1 Sofortiger Download f\u00fcrs Handy<br data-start=\"981\" data-end=\"984\" \/>\ud83d\udda5\ufe0f Sofortiger Download f\u00fcrs Tablet<\/p>\n<p data-start=\"1023\" data-end=\"1066\" data-is-last-node=\"\" data-is-only-node=\"\">\ud83d\udca5 <strong data-start=\"1026\" data-end=\"1063\">Einmal gekauft \u2013 f\u00fcr immer deins!<\/strong> \ud83d\udca5<\/p>","protected":false},"excerpt":{"rendered":"<p>\ud83c\udfa7 H\u00f6rspiel: Die Drei Fragezeichen \u2013 \u2026und die fl\u00fcsternde Mumie \ud83c\udfa7 \ud83d\uddff Eine Mumie, die fl\u00fcstert. Ein uraltes Geheimnis. Und ein Fall, der den drei Detektiven das Blut in den Adern gefrieren l\u00e4sst.In \u201e\u2026und die fl\u00fcsternde Mumie\u201c werden Justus, Peter und Bob zu einem Museum gerufen, in dem eine \u00e4gyptische Mumie angeblich zum Leben erwacht [&hellip;]<\/p>\n","protected":false},"featured_media":1229,"comment_status":"open","ping_status":"closed","template":"","meta":[],"product_brand":[],"product_cat":[36],"product_tag":[],"class_list":{"0":"post-1228","1":"product","2":"type-product","3":"status-publish","4":"has-post-thumbnail","6":"product_cat-hoerspiel-die-3","8":"first","9":"instock","10":"sale","11":"virtual","12":"purchasable","13":"product-type-simple"},"jetpack_sharing_enabled":true,"_links":{"self":[{"href":"https:\/\/audiobook-24.com\/en\/wp-json\/wp\/v2\/product\/1228","targetHints":{"allow":["GET"]}}],"collection":[{"href":"https:\/\/audiobook-24.com\/en\/wp-json\/wp\/v2\/product"}],"about":[{"href":"https:\/\/audiobook-24.com\/en\/wp-json\/wp\/v2\/types\/product"}],"replies":[{"embeddable":true,"href":"https:\/\/audiobook-24.com\/en\/wp-json\/wp\/v2\/comments?post=1228"}],"wp:featuredmedia":[{"embeddable":true,"href":"https:\/\/audiobook-24.com\/en\/wp-json\/wp\/v2\/media\/1229"}],"wp:attachment":[{"href":"https:\/\/audiobook-24.com\/en\/wp-json\/wp\/v2\/media?parent=1228"}],"wp:term":[{"taxonomy":"product_brand","embeddable":true,"href":"https:\/\/audiobook-24.com\/en\/wp-json\/wp\/v2\/product_brand?post=1228"},{"taxonomy":"product_cat","embeddable":true,"href":"https:\/\/audiobook-24.com\/en\/wp-json\/wp\/v2\/product_cat?post=1228"},{"taxonomy":"product_tag","embeddable":true,"href":"https:\/\/audiobook-24.com\/en\/wp-json\/wp\/v2\/product_tag?post=1228"}],"curies":[{"name":"wp","href":"https:\/\/api.w.org\/{rel}","templated":true}]}}