{"id":1222,"date":"2025-11-22T14:29:59","date_gmt":"2025-11-22T14:29:59","guid":{"rendered":"https:\/\/audiobook-24.com\/?post_type=product&#038;p=1222"},"modified":"2025-11-22T14:35:25","modified_gmt":"2025-11-22T14:35:25","slug":"%f0%9f%8e%a7-hoerspiel-die-drei-fragezeichen-und-der-gruene-kobold-%f0%9f%8e%a7","status":"publish","type":"product","link":"https:\/\/audiobook-24.com\/en\/product\/%f0%9f%8e%a7-hoerspiel-die-drei-fragezeichen-und-der-gruene-kobold-%f0%9f%8e%a7\/","title":{"rendered":"\ud83c\udfa7 H\u00f6rspiel: Die Drei Fragezeichen \u2013 \u2026und der gr\u00fcne Kobold \ud83c\udfa7"},"content":{"rendered":"<p data-start=\"0\" data-end=\"69\">\ud83c\udfa7 <strong data-start=\"3\" data-end=\"64\">H\u00f6rspiel: Die Drei Fragezeichen \u2013 <em data-start=\"39\" data-end=\"62\">\u2026und der gr\u00fcne Kobold<\/em><\/strong> \ud83c\udfa7<\/p>\n<p data-start=\"71\" data-end=\"524\">\ud83e\uddcc <strong data-start=\"74\" data-end=\"206\">Ein unheimlicher Kobold. Merkw\u00fcrdige Zwischenf\u00e4lle. Und ein Fall, der die drei Detektive tief in ein Netz aus T\u00e4uschungen f\u00fchrt.<\/strong><br data-start=\"206\" data-end=\"209\" \/>In <em data-start=\"212\" data-end=\"237\">\u201e\u2026und der gr\u00fcne Kobold\u201c<\/em> geraten Justus, Peter und Bob in ein mysteri\u00f6ses Abenteuer, als eine Reihe seltsamer Vorf\u00e4lle mit einem gr\u00fcnen, koboldartigen Wesen in Verbindung gebracht wird.<br data-start=\"398\" data-end=\"401\" \/>Auf einem alten Anwesen treibt der vermeintliche Kobold nachts sein Unwesen \u2013 und die Bewohner sind in Angst und Schrecken.<\/p>\n<p data-start=\"526\" data-end=\"788\">\ud83d\udd75\ufe0f\u200d\u2642\ufe0f Die Drei Fragezeichen nehmen die Ermittlungen auf und sto\u00dfen schnell auf <strong data-start=\"606\" data-end=\"667\">verborgene R\u00e4ume, r\u00e4tselhafte Ger\u00e4usche und geheime Pl\u00e4ne<\/strong>, die hinter dem Spuk stecken k\u00f6nnten.<br data-start=\"705\" data-end=\"708\" \/>Schon bald wird klar: <strong data-start=\"730\" data-end=\"788\">Der Kobold ist kein Zufall \u2013 jemand verfolgt ein Ziel.<\/strong><\/p>\n<p data-start=\"790\" data-end=\"908\">\ud83d\udd0d <strong data-start=\"793\" data-end=\"834\">Ein klassischer, atmosph\u00e4rischer Fall<\/strong> voller Spannung, cleverer Hinweise und unvergesslicher Drei-???-Stimmung.<\/p>\n<hr data-start=\"910\" data-end=\"913\" \/>\n<p data-start=\"915\" data-end=\"1045\">\ud83d\udcb3 <strong data-start=\"918\" data-end=\"937\">Nach Bezahlung:<\/strong><br data-start=\"937\" data-end=\"940\" \/>\ud83d\udcbb Sofortiger Download f\u00fcr PC<br data-start=\"969\" data-end=\"972\" \/>\ud83d\udcf1 Sofortiger Download f\u00fcrs Handy<br data-start=\"1005\" data-end=\"1008\" \/>\ud83d\udda5\ufe0f Sofortiger Download f\u00fcrs Tablet<\/p>\n<p data-start=\"1047\" data-end=\"1090\" data-is-last-node=\"\" data-is-only-node=\"\">\ud83d\udca5 <strong data-start=\"1050\" data-end=\"1087\">Einmal gekauft \u2013 f\u00fcr immer deins!<\/strong> \ud83d\udca5<\/p>","protected":false},"excerpt":{"rendered":"<p>\ud83c\udfa7 H\u00f6rspiel: Die Drei Fragezeichen \u2013 \u2026und der gr\u00fcne Kobold \ud83c\udfa7 \ud83e\uddcc Ein unheimlicher Kobold. Merkw\u00fcrdige Zwischenf\u00e4lle. Und ein Fall, der die drei Detektive tief in ein Netz aus T\u00e4uschungen f\u00fchrt.In \u201e\u2026und der gr\u00fcne Kobold\u201c geraten Justus, Peter und Bob in ein mysteri\u00f6ses Abenteuer, als eine Reihe seltsamer Vorf\u00e4lle mit einem gr\u00fcnen, koboldartigen Wesen in [&hellip;]<\/p>\n","protected":false},"featured_media":1223,"comment_status":"open","ping_status":"closed","template":"","meta":[],"product_brand":[],"product_cat":[36],"product_tag":[],"class_list":{"0":"post-1222","1":"product","2":"type-product","3":"status-publish","4":"has-post-thumbnail","6":"product_cat-hoerspiel-die-3","8":"first","9":"instock","10":"sale","11":"virtual","12":"purchasable","13":"product-type-simple"},"jetpack_sharing_enabled":true,"_links":{"self":[{"href":"https:\/\/audiobook-24.com\/en\/wp-json\/wp\/v2\/product\/1222","targetHints":{"allow":["GET"]}}],"collection":[{"href":"https:\/\/audiobook-24.com\/en\/wp-json\/wp\/v2\/product"}],"about":[{"href":"https:\/\/audiobook-24.com\/en\/wp-json\/wp\/v2\/types\/product"}],"replies":[{"embeddable":true,"href":"https:\/\/audiobook-24.com\/en\/wp-json\/wp\/v2\/comments?post=1222"}],"wp:featuredmedia":[{"embeddable":true,"href":"https:\/\/audiobook-24.com\/en\/wp-json\/wp\/v2\/media\/1223"}],"wp:attachment":[{"href":"https:\/\/audiobook-24.com\/en\/wp-json\/wp\/v2\/media?parent=1222"}],"wp:term":[{"taxonomy":"product_brand","embeddable":true,"href":"https:\/\/audiobook-24.com\/en\/wp-json\/wp\/v2\/product_brand?post=1222"},{"taxonomy":"product_cat","embeddable":true,"href":"https:\/\/audiobook-24.com\/en\/wp-json\/wp\/v2\/product_cat?post=1222"},{"taxonomy":"product_tag","embeddable":true,"href":"https:\/\/audiobook-24.com\/en\/wp-json\/wp\/v2\/product_tag?post=1222"}],"curies":[{"name":"wp","href":"https:\/\/api.w.org\/{rel}","templated":true}]}}