{"id":1218,"date":"2025-11-22T14:24:59","date_gmt":"2025-11-22T14:24:59","guid":{"rendered":"https:\/\/audiobook-24.com\/?post_type=product&#038;p=1218"},"modified":"2025-11-22T14:38:54","modified_gmt":"2025-11-22T14:38:54","slug":"chatgpt-%f0%9f%8e%a7-hoerspiel-die-drei-fragezeichen-die-schwingen-des-unheils-%f0%9f%8e%a7","status":"publish","type":"product","link":"https:\/\/audiobook-24.com\/en\/product\/chatgpt-%f0%9f%8e%a7-hoerspiel-die-drei-fragezeichen-die-schwingen-des-unheils-%f0%9f%8e%a7\/","title":{"rendered":"\ud83c\udfa7 H\u00f6rspiel: Die Drei Fragezeichen \u2013 Die Schwingen des Unheils \ud83c\udfa7"},"content":{"rendered":"<p data-start=\"0\" data-end=\"73\">\ud83c\udfa7 <strong data-start=\"3\" data-end=\"68\">H\u00f6rspiel: Die Drei Fragezeichen \u2013 <em data-start=\"39\" data-end=\"66\">Die Schwingen des Unheils<\/em><\/strong> \ud83c\udfa7<\/p>\n<p data-start=\"75\" data-end=\"539\">\ud83e\udd85 <strong data-start=\"78\" data-end=\"196\">Ein geheimnisvoller Greifvogel. D\u00fcsterer Aberglaube. Und ein Fall, der die drei Detektive an dunkle Grenzen f\u00fchrt.<\/strong><br data-start=\"196\" data-end=\"199\" \/>In <em data-start=\"202\" data-end=\"231\">\u201eDie Schwingen des Unheils\u201c<\/em> geraten Justus, Peter und Bob in ein unheimliches Abenteuer, als eine Serie merkw\u00fcrdiger Zwischenf\u00e4lle mit einem r\u00e4tselhaften Vogel in Verbindung steht.<br data-start=\"384\" data-end=\"387\" \/>Schon bald scheint es, als laste ein Fluch auf einem abgeschiedenen Anwesen \u2013 doch die drei Fragezeichen wissen: <strong data-start=\"500\" data-end=\"539\">Hinter jedem Spuk steckt ein T\u00e4ter.<\/strong><\/p>\n<p data-start=\"541\" data-end=\"855\">\ud83d\udd75\ufe0f\u200d\u2642\ufe0f W\u00e4hrend ihre Ermittlungen sie zu <strong data-start=\"581\" data-end=\"646\">geheimen Laboren, seltsamen Bewohnern und versteckten Motiven<\/strong> f\u00fchren, wird klar, dass jemand bereit ist, alles zu riskieren, um seine Spuren zu verwischen.<br data-start=\"740\" data-end=\"743\" \/>Die Zeit rennt, denn die Angriffe h\u00e4ufen sich \u2013 und der vermeintliche &#8222;b\u00f6se Omen-Vogel&#8220; schl\u00e4gt immer wieder zu.<\/p>\n<p data-start=\"857\" data-end=\"999\">\ud83d\udd0d <strong data-start=\"860\" data-end=\"948\">Ein moderner, packender Fall voller Spannung, Atmosph\u00e4re und cleverer Detektivarbeit<\/strong>, der die drei Freunde bis an ihre Grenzen fordert.<\/p>\n<hr data-start=\"1001\" data-end=\"1004\" \/>\n<p data-start=\"1006\" data-end=\"1136\">\ud83d\udcb3 <strong data-start=\"1009\" data-end=\"1028\">Nach Bezahlung:<\/strong><br data-start=\"1028\" data-end=\"1031\" \/>\ud83d\udcbb Sofortiger Download f\u00fcr PC<br data-start=\"1060\" data-end=\"1063\" \/>\ud83d\udcf1 Sofortiger Download f\u00fcrs Handy<br data-start=\"1096\" data-end=\"1099\" \/>\ud83d\udda5\ufe0f Sofortiger Download f\u00fcrs Tablet<\/p>\n<p data-start=\"1138\" data-end=\"1181\" data-is-last-node=\"\" data-is-only-node=\"\">\ud83d\udca5 <strong data-start=\"1141\" data-end=\"1178\">Einmal gekauft \u2013 f\u00fcr immer deins!<\/strong> \ud83d\udca5<\/p>","protected":false},"excerpt":{"rendered":"<p>\ud83c\udfa7 H\u00f6rspiel: Die Drei Fragezeichen \u2013 Die Schwingen des Unheils \ud83c\udfa7 \ud83e\udd85 Ein geheimnisvoller Greifvogel. D\u00fcsterer Aberglaube. Und ein Fall, der die drei Detektive an dunkle Grenzen f\u00fchrt.In \u201eDie Schwingen des Unheils\u201c geraten Justus, Peter und Bob in ein unheimliches Abenteuer, als eine Serie merkw\u00fcrdiger Zwischenf\u00e4lle mit einem r\u00e4tselhaften Vogel in Verbindung steht.Schon bald scheint [&hellip;]<\/p>\n","protected":false},"featured_media":1219,"comment_status":"open","ping_status":"closed","template":"","meta":[],"product_brand":[],"product_cat":[36],"product_tag":[],"class_list":{"0":"post-1218","1":"product","2":"type-product","3":"status-publish","4":"has-post-thumbnail","6":"product_cat-hoerspiel-die-3","8":"first","9":"instock","10":"sale","11":"virtual","12":"purchasable","13":"product-type-simple"},"jetpack_sharing_enabled":true,"_links":{"self":[{"href":"https:\/\/audiobook-24.com\/en\/wp-json\/wp\/v2\/product\/1218","targetHints":{"allow":["GET"]}}],"collection":[{"href":"https:\/\/audiobook-24.com\/en\/wp-json\/wp\/v2\/product"}],"about":[{"href":"https:\/\/audiobook-24.com\/en\/wp-json\/wp\/v2\/types\/product"}],"replies":[{"embeddable":true,"href":"https:\/\/audiobook-24.com\/en\/wp-json\/wp\/v2\/comments?post=1218"}],"wp:featuredmedia":[{"embeddable":true,"href":"https:\/\/audiobook-24.com\/en\/wp-json\/wp\/v2\/media\/1219"}],"wp:attachment":[{"href":"https:\/\/audiobook-24.com\/en\/wp-json\/wp\/v2\/media?parent=1218"}],"wp:term":[{"taxonomy":"product_brand","embeddable":true,"href":"https:\/\/audiobook-24.com\/en\/wp-json\/wp\/v2\/product_brand?post=1218"},{"taxonomy":"product_cat","embeddable":true,"href":"https:\/\/audiobook-24.com\/en\/wp-json\/wp\/v2\/product_cat?post=1218"},{"taxonomy":"product_tag","embeddable":true,"href":"https:\/\/audiobook-24.com\/en\/wp-json\/wp\/v2\/product_tag?post=1218"}],"curies":[{"name":"wp","href":"https:\/\/api.w.org\/{rel}","templated":true}]}}