{"id":1216,"date":"2025-11-22T14:21:30","date_gmt":"2025-11-22T14:21:30","guid":{"rendered":"https:\/\/audiobook-24.com\/?post_type=product&#038;p=1216"},"modified":"2025-11-22T14:36:15","modified_gmt":"2025-11-22T14:36:15","slug":"%f0%9f%8e%a7-hoerspiel-die-drei-fragezeichen-und-die-schwarze-katze-%f0%9f%8e%a7","status":"publish","type":"product","link":"https:\/\/audiobook-24.com\/en\/product\/%f0%9f%8e%a7-hoerspiel-die-drei-fragezeichen-und-die-schwarze-katze-%f0%9f%8e%a7\/","title":{"rendered":"\ud83c\udfa7 H\u00f6rspiel: Die Drei Fragezeichen \u2013 \u2026und die schwarze Katze \ud83c\udfa7"},"content":{"rendered":"<p data-start=\"0\" data-end=\"71\">\ud83c\udfa7 <strong data-start=\"3\" data-end=\"66\">H\u00f6rspiel: Die Drei Fragezeichen \u2013 <em data-start=\"39\" data-end=\"64\">\u2026und die schwarze Katze<\/em><\/strong> \ud83c\udfa7<\/p>\n<p data-start=\"73\" data-end=\"466\">\ud83d\udc08\u200d\u2b1b <strong data-start=\"78\" data-end=\"179\">Eine geheimnisvolle Katze. Ein r\u00e4tselhafter Zirkus. Und ein Fall voller Schatten und T\u00e4uschungen.<\/strong><br data-start=\"179\" data-end=\"182\" \/>In <em data-start=\"185\" data-end=\"212\">\u201e\u2026und die schwarze Katze\u201c<\/em> sto\u00dfen Justus, Peter und Bob auf ein mysteri\u00f6ses Verbrechen, das sie direkt in die Welt eines wandernden Zirkus f\u00fchrt. Eine schwarze Katze scheint der Schl\u00fcssel zu einer Serie merkw\u00fcrdiger Vorf\u00e4lle zu sein \u2013 und die drei Detektive nehmen die Spur auf.<\/p>\n<p data-start=\"468\" data-end=\"803\">\ud83c\udfaa Zwischen Artisten, Tierdressuren und zwielichtigen Gestalten finden die drei Fragezeichen <strong data-start=\"561\" data-end=\"677\">verschl\u00fcsselte Hinweise, unerwartete Gefahren und eine Spur, die immer tiefer in ein verborgenes Geheimnis f\u00fchrt<\/strong>.<br data-start=\"678\" data-end=\"681\" \/>Doch je n\u00e4her sie der Wahrheit kommen, desto klarer wird: Hinter der unscheinbaren Katze steckt ein ausgekl\u00fcgelter Plan.<\/p>\n<p data-start=\"805\" data-end=\"924\">\ud83d\udd0d <strong data-start=\"808\" data-end=\"853\">Ein spannender, atmosph\u00e4rischer Klassiker<\/strong>, voll cleverer R\u00e4tsel, starker Charaktere und echter Drei-???-Magie!<\/p>\n<hr data-start=\"926\" data-end=\"929\" \/>\n<p data-start=\"931\" data-end=\"1061\">\ud83d\udcb3 <strong data-start=\"934\" data-end=\"953\">Nach Bezahlung:<\/strong><br data-start=\"953\" data-end=\"956\" \/>\ud83d\udcbb Sofortiger Download f\u00fcr PC<br data-start=\"985\" data-end=\"988\" \/>\ud83d\udcf1 Sofortiger Download f\u00fcrs Handy<br data-start=\"1021\" data-end=\"1024\" \/>\ud83d\udda5\ufe0f Sofortiger Download f\u00fcrs Tablet<\/p>\n<p data-start=\"1063\" data-end=\"1106\" data-is-last-node=\"\" data-is-only-node=\"\">\ud83d\udca5 <strong data-start=\"1066\" data-end=\"1103\">Einmal gekauft \u2013 f\u00fcr immer deins!<\/strong> \ud83d\udca5<\/p>","protected":false},"excerpt":{"rendered":"<p>\ud83c\udfa7 H\u00f6rspiel: Die Drei Fragezeichen \u2013 \u2026und die schwarze Katze \ud83c\udfa7 \ud83d\udc08\u200d\u2b1b Eine geheimnisvolle Katze. Ein r\u00e4tselhafter Zirkus. Und ein Fall voller Schatten und T\u00e4uschungen.In \u201e\u2026und die schwarze Katze\u201c sto\u00dfen Justus, Peter und Bob auf ein mysteri\u00f6ses Verbrechen, das sie direkt in die Welt eines wandernden Zirkus f\u00fchrt. Eine schwarze Katze scheint der Schl\u00fcssel zu [&hellip;]<\/p>\n","protected":false},"featured_media":1217,"comment_status":"open","ping_status":"closed","template":"","meta":[],"product_brand":[],"product_cat":[36],"product_tag":[],"class_list":{"0":"post-1216","1":"product","2":"type-product","3":"status-publish","4":"has-post-thumbnail","6":"product_cat-hoerspiel-die-3","8":"first","9":"instock","10":"sale","11":"virtual","12":"purchasable","13":"product-type-simple"},"jetpack_sharing_enabled":true,"_links":{"self":[{"href":"https:\/\/audiobook-24.com\/en\/wp-json\/wp\/v2\/product\/1216","targetHints":{"allow":["GET"]}}],"collection":[{"href":"https:\/\/audiobook-24.com\/en\/wp-json\/wp\/v2\/product"}],"about":[{"href":"https:\/\/audiobook-24.com\/en\/wp-json\/wp\/v2\/types\/product"}],"replies":[{"embeddable":true,"href":"https:\/\/audiobook-24.com\/en\/wp-json\/wp\/v2\/comments?post=1216"}],"wp:featuredmedia":[{"embeddable":true,"href":"https:\/\/audiobook-24.com\/en\/wp-json\/wp\/v2\/media\/1217"}],"wp:attachment":[{"href":"https:\/\/audiobook-24.com\/en\/wp-json\/wp\/v2\/media?parent=1216"}],"wp:term":[{"taxonomy":"product_brand","embeddable":true,"href":"https:\/\/audiobook-24.com\/en\/wp-json\/wp\/v2\/product_brand?post=1216"},{"taxonomy":"product_cat","embeddable":true,"href":"https:\/\/audiobook-24.com\/en\/wp-json\/wp\/v2\/product_cat?post=1216"},{"taxonomy":"product_tag","embeddable":true,"href":"https:\/\/audiobook-24.com\/en\/wp-json\/wp\/v2\/product_tag?post=1216"}],"curies":[{"name":"wp","href":"https:\/\/api.w.org\/{rel}","templated":true}]}}