{"id":1214,"date":"2025-11-22T14:19:14","date_gmt":"2025-11-22T14:19:14","guid":{"rendered":"https:\/\/audiobook-24.com\/?post_type=product&#038;p=1214"},"modified":"2025-11-22T14:38:07","modified_gmt":"2025-11-22T14:38:07","slug":"chatgpt-%f0%9f%8e%a7-hoerspiel-die-drei-fragezeichen-und-der-sprechende-totenkopf-%f0%9f%8e%a7","status":"publish","type":"product","link":"https:\/\/audiobook-24.com\/en\/product\/chatgpt-%f0%9f%8e%a7-hoerspiel-die-drei-fragezeichen-und-der-sprechende-totenkopf-%f0%9f%8e%a7\/","title":{"rendered":"\ud83c\udfa7 H\u00f6rspiel: Die Drei Fragezeichen \u2013 \u2026und der sprechende Totenkopf \ud83c\udfa7"},"content":{"rendered":"<p data-start=\"0\" data-end=\"77\">\ud83c\udfa7 <strong data-start=\"3\" data-end=\"72\">H\u00f6rspiel: Die Drei Fragezeichen \u2013 <em data-start=\"39\" data-end=\"70\">\u2026und der sprechende Totenkopf<\/em><\/strong> \ud83c\udfa7<\/p>\n<p data-start=\"79\" data-end=\"400\">\ud83d\udc80 <strong data-start=\"82\" data-end=\"176\">Ein unheimlicher Sch\u00e4del. Eine r\u00e4tselhafte Stimme. Und ein Fall, der G\u00e4nsehaut garantiert.<\/strong><br data-start=\"176\" data-end=\"179\" \/>In <em data-start=\"182\" data-end=\"215\">\u201e\u2026und der sprechende Totenkopf\u201c<\/em> geraten Justus, Peter und Bob in ein mysteri\u00f6ses Abenteuer, als eine junge Frau sie um Hilfe bittet. Ein antiker Totenkopf scheint zu sprechen \u2013 und birgt ein gef\u00e4hrliches Geheimnis.<\/p>\n<p data-start=\"402\" data-end=\"742\">\ud83d\udd75\ufe0f\u200d\u2642\ufe0f Die Drei Fragezeichen sto\u00dfen auf <strong data-start=\"442\" data-end=\"506\">versteckte Spuren, geheime Botschaften und dubiose Gestalten<\/strong>, die alle etwas zu verbergen haben.<br data-start=\"542\" data-end=\"545\" \/>W\u00e4hrend sie das R\u00e4tsel um den Totenkopf entschl\u00fcsseln, wird schnell klar: Hinter dem Spuk steckt ein ausgekl\u00fcgelter Plan, der die drei Detektive tief in ein Netz aus T\u00e4uschungen und Verrat f\u00fchrt.<\/p>\n<p data-start=\"744\" data-end=\"880\">\ud83d\udd0d <strong data-start=\"747\" data-end=\"880\">Ein atmosph\u00e4rischer Klassiker voller Nervenkitzel, cleverer Wendungen und echter Kultstimmung \u2013 ein Fall, den man nicht vergisst!<\/strong><\/p>\n<hr data-start=\"882\" data-end=\"885\" \/>\n<p data-start=\"887\" data-end=\"1017\">\ud83d\udcb3 <strong data-start=\"890\" data-end=\"909\">Nach Bezahlung:<\/strong><br data-start=\"909\" data-end=\"912\" \/>\ud83d\udcbb Sofortiger Download f\u00fcr PC<br data-start=\"941\" data-end=\"944\" \/>\ud83d\udcf1 Sofortiger Download f\u00fcrs Handy<br data-start=\"977\" data-end=\"980\" \/>\ud83d\udda5\ufe0f Sofortiger Download f\u00fcrs Tablet<\/p>\n<p data-start=\"1019\" data-end=\"1062\" data-is-last-node=\"\" data-is-only-node=\"\">\ud83d\udca5 <strong data-start=\"1022\" data-end=\"1059\">Einmal gekauft \u2013 f\u00fcr immer deins!<\/strong> \ud83d\udca5<\/p>","protected":false},"excerpt":{"rendered":"<p>\ud83c\udfa7 H\u00f6rspiel: Die Drei Fragezeichen \u2013 \u2026und der sprechende Totenkopf \ud83c\udfa7 \ud83d\udc80 Ein unheimlicher Sch\u00e4del. Eine r\u00e4tselhafte Stimme. Und ein Fall, der G\u00e4nsehaut garantiert.In \u201e\u2026und der sprechende Totenkopf\u201c geraten Justus, Peter und Bob in ein mysteri\u00f6ses Abenteuer, als eine junge Frau sie um Hilfe bittet. Ein antiker Totenkopf scheint zu sprechen \u2013 und birgt ein [&hellip;]<\/p>\n","protected":false},"featured_media":1215,"comment_status":"open","ping_status":"closed","template":"","meta":[],"product_brand":[],"product_cat":[36],"product_tag":[],"class_list":{"0":"post-1214","1":"product","2":"type-product","3":"status-publish","4":"has-post-thumbnail","6":"product_cat-hoerspiel-die-3","8":"first","9":"instock","10":"sale","11":"virtual","12":"purchasable","13":"product-type-simple"},"jetpack_sharing_enabled":true,"_links":{"self":[{"href":"https:\/\/audiobook-24.com\/en\/wp-json\/wp\/v2\/product\/1214","targetHints":{"allow":["GET"]}}],"collection":[{"href":"https:\/\/audiobook-24.com\/en\/wp-json\/wp\/v2\/product"}],"about":[{"href":"https:\/\/audiobook-24.com\/en\/wp-json\/wp\/v2\/types\/product"}],"replies":[{"embeddable":true,"href":"https:\/\/audiobook-24.com\/en\/wp-json\/wp\/v2\/comments?post=1214"}],"wp:featuredmedia":[{"embeddable":true,"href":"https:\/\/audiobook-24.com\/en\/wp-json\/wp\/v2\/media\/1215"}],"wp:attachment":[{"href":"https:\/\/audiobook-24.com\/en\/wp-json\/wp\/v2\/media?parent=1214"}],"wp:term":[{"taxonomy":"product_brand","embeddable":true,"href":"https:\/\/audiobook-24.com\/en\/wp-json\/wp\/v2\/product_brand?post=1214"},{"taxonomy":"product_cat","embeddable":true,"href":"https:\/\/audiobook-24.com\/en\/wp-json\/wp\/v2\/product_cat?post=1214"},{"taxonomy":"product_tag","embeddable":true,"href":"https:\/\/audiobook-24.com\/en\/wp-json\/wp\/v2\/product_tag?post=1214"}],"curies":[{"name":"wp","href":"https:\/\/api.w.org\/{rel}","templated":true}]}}