{"id":1212,"date":"2025-11-22T14:16:50","date_gmt":"2025-11-22T14:16:50","guid":{"rendered":"https:\/\/audiobook-24.com\/?post_type=product&#038;p=1212"},"modified":"2025-11-22T14:36:53","modified_gmt":"2025-11-22T14:36:53","slug":"%f0%9f%8e%a7-hoerspiel-die-drei-fragezeichen-und-der-karpatenhund-%f0%9f%8e%a7","status":"publish","type":"product","link":"https:\/\/audiobook-24.com\/en\/product\/%f0%9f%8e%a7-hoerspiel-die-drei-fragezeichen-und-der-karpatenhund-%f0%9f%8e%a7\/","title":{"rendered":"\ud83c\udfa7 H\u00f6rspiel: Die Drei Fragezeichen \u2013 \u2026und der Karpatenhund \ud83c\udfa7"},"content":{"rendered":"<p data-start=\"0\" data-end=\"69\">\ud83c\udfa7 <strong data-start=\"3\" data-end=\"64\">H\u00f6rspiel: Die Drei Fragezeichen \u2013 <em data-start=\"39\" data-end=\"62\">\u2026und der Karpatenhund<\/em><\/strong> \ud83c\udfa7<\/p>\n<p data-start=\"71\" data-end=\"524\">\ud83d\udc8e <strong data-start=\"74\" data-end=\"212\">Ein unheimlicher Hund aus Edelstein. Ein mysteri\u00f6ser Diebstahl. Und ein Fall, der selbst Justus, Peter und Bob an ihre Grenzen bringt.<\/strong><br data-start=\"212\" data-end=\"215\" \/>In <em data-start=\"218\" data-end=\"243\">\u201e\u2026und der Karpatenhund\u201c<\/em> geraten die Drei Fragezeichen in ein spannendes Abenteuer, als ein wertvolles Kunstobjekt \u2013 ein funkelnder Hund aus den Karpaten \u2013 gestohlen wird. Kurz darauf h\u00e4ufen sich seltsame Vorf\u00e4lle und gef\u00e4hrliche Zwischenf\u00e4lle in einem altehrw\u00fcrdigen Haus voller exzentrischer Bewohner.<\/p>\n<p data-start=\"526\" data-end=\"830\">\ud83d\udd75\ufe0f\u200d\u2642\ufe0f W\u00e4hrend die drei Detektive jeden Hinweis pr\u00fcfen, treffen sie auf <strong data-start=\"598\" data-end=\"673\">geheimnisvolle Schatten, unerkl\u00e4rliche Ger\u00e4usche und ein Netz aus L\u00fcgen<\/strong>, das nach und nach aufgedeckt wird.<br data-start=\"709\" data-end=\"712\" \/>Doch wer steckt wirklich hinter den Ereignissen? Und warum scheint der Karpatenhund f\u00fcr alle eine Bedrohung zu sein?<\/p>\n<p data-start=\"832\" data-end=\"969\">\ud83d\udd0d <strong data-start=\"835\" data-end=\"969\">Ein klassischer, atmosph\u00e4rischer Fall voller Spannung, cleverer R\u00e4tsel und \u00fcberraschender Wendungen \u2013 ein Highlight der Kultreihe!<\/strong><\/p>\n<hr data-start=\"971\" data-end=\"974\" \/>\n<p data-start=\"976\" data-end=\"1106\">\ud83d\udcb3 <strong data-start=\"979\" data-end=\"998\">Nach Bezahlung:<\/strong><br data-start=\"998\" data-end=\"1001\" \/>\ud83d\udcbb Sofortiger Download f\u00fcr PC<br data-start=\"1030\" data-end=\"1033\" \/>\ud83d\udcf1 Sofortiger Download f\u00fcrs Handy<br data-start=\"1066\" data-end=\"1069\" \/>\ud83d\udda5\ufe0f Sofortiger Download f\u00fcrs Tablet<\/p>\n<p data-start=\"1108\" data-end=\"1151\" data-is-last-node=\"\" data-is-only-node=\"\">\ud83d\udca5 <strong data-start=\"1111\" data-end=\"1148\">Einmal gekauft \u2013 f\u00fcr immer deins!<\/strong> \ud83d\udca5<\/p>","protected":false},"excerpt":{"rendered":"<p>\ud83c\udfa7 H\u00f6rspiel: Die Drei Fragezeichen \u2013 \u2026und der Karpatenhund \ud83c\udfa7 \ud83d\udc8e Ein unheimlicher Hund aus Edelstein. Ein mysteri\u00f6ser Diebstahl. Und ein Fall, der selbst Justus, Peter und Bob an ihre Grenzen bringt.In \u201e\u2026und der Karpatenhund\u201c geraten die Drei Fragezeichen in ein spannendes Abenteuer, als ein wertvolles Kunstobjekt \u2013 ein funkelnder Hund aus den Karpaten \u2013 [&hellip;]<\/p>\n","protected":false},"featured_media":1213,"comment_status":"open","ping_status":"closed","template":"","meta":[],"product_brand":[],"product_cat":[36],"product_tag":[],"class_list":{"0":"post-1212","1":"product","2":"type-product","3":"status-publish","4":"has-post-thumbnail","6":"product_cat-hoerspiel-die-3","8":"first","9":"instock","10":"sale","11":"virtual","12":"purchasable","13":"product-type-simple"},"jetpack_sharing_enabled":true,"_links":{"self":[{"href":"https:\/\/audiobook-24.com\/en\/wp-json\/wp\/v2\/product\/1212","targetHints":{"allow":["GET"]}}],"collection":[{"href":"https:\/\/audiobook-24.com\/en\/wp-json\/wp\/v2\/product"}],"about":[{"href":"https:\/\/audiobook-24.com\/en\/wp-json\/wp\/v2\/types\/product"}],"replies":[{"embeddable":true,"href":"https:\/\/audiobook-24.com\/en\/wp-json\/wp\/v2\/comments?post=1212"}],"wp:featuredmedia":[{"embeddable":true,"href":"https:\/\/audiobook-24.com\/en\/wp-json\/wp\/v2\/media\/1213"}],"wp:attachment":[{"href":"https:\/\/audiobook-24.com\/en\/wp-json\/wp\/v2\/media?parent=1212"}],"wp:term":[{"taxonomy":"product_brand","embeddable":true,"href":"https:\/\/audiobook-24.com\/en\/wp-json\/wp\/v2\/product_brand?post=1212"},{"taxonomy":"product_cat","embeddable":true,"href":"https:\/\/audiobook-24.com\/en\/wp-json\/wp\/v2\/product_cat?post=1212"},{"taxonomy":"product_tag","embeddable":true,"href":"https:\/\/audiobook-24.com\/en\/wp-json\/wp\/v2\/product_tag?post=1212"}],"curies":[{"name":"wp","href":"https:\/\/api.w.org\/{rel}","templated":true}]}}