{"id":121,"date":"2025-11-14T16:36:11","date_gmt":"2025-11-14T16:36:11","guid":{"rendered":"https:\/\/audiobook-24.com\/?post_type=product&#038;p=121"},"modified":"2025-11-14T16:40:38","modified_gmt":"2025-11-14T16:40:38","slug":"sandra-duenschede-todeswatt","status":"publish","type":"product","link":"https:\/\/audiobook-24.com\/en\/product\/sandra-duenschede-todeswatt\/","title":{"rendered":"Sandra D\u00fcnschede \u2013 Todeswatt"},"content":{"rendered":"<h3 class=\"\">Sandra D\u00fcnschede \u2013 &#8222;Todeswatt&#8220; (H\u00f6rbuch)<\/h3>\n<p class=\"\"><strong>Todeswatt<\/strong>\u00a0ist der vierte Teil der\u00a0<em>Fall f\u00fcr Thamsen &amp; Co.<\/em>\u00a0Reihe von Sandra D\u00fcnschede und wird von der Sprecherin Brigitte Carlsen gelesen. Das H\u00f6rbuch hat eine L\u00e4nge von\u00a0<strong>8 Stunden und 49 Minuten<\/strong>\u00a0und bietet spannende Einblicke in einen Kriminalfall auf der Nordfriesischen Insel Pellworm.<\/p>\n<p>Handlung<\/p>\n<p class=\"\">An einem frischen M\u00e4rzmorgen wird die Leiche des Anlageberaters Arne Lorenzen angesp\u00fclt. Die Obduktion zeigt, dass er ertrunken ist, jedoch deutliche \u00e4u\u00dfere Verletzungen und eine starke Hirnblutung aufweist. Diese Entdeckungen werfen Fragen auf, die Kommissar Thamsen und sein Team verst\u00e4ndlicherweise zu l\u00f6sen versuchen. Viele Anleger haben nach dem B\u00f6rsencrash ihr Geld verloren, und Thamsen vermutet, dass der M\u00f6rder unter diesen Personen zu finden ist.<\/p>\n<hr \/>\n<p class=\"\">\ud83d\udcb3\u00a0<strong>Nach der Bezahlung bekommen Sie sofort den Downloadlink von uns und k\u00f6nnen Ihr H\u00f6rspiel auf Handy, Tablet, MP3-Player oder PC in vollen Z\u00fcgen genie\u00dfen.<\/strong><\/p>\n<p class=\"\">\ud83d\udcf1 Handy\u2003|\u2003\ud83d\udcf2 Tablet\u2003|\u2003\ud83c\udfa7 MP3-Player\u2003|\u2003\ud83d\udcbb PC<\/p>","protected":false},"excerpt":{"rendered":"<p>Sandra D\u00fcnschede \u2013 &#8222;Todeswatt&#8220; (H\u00f6rbuch) Todeswatt\u00a0ist der vierte Teil der\u00a0Fall f\u00fcr Thamsen &amp; Co.\u00a0Reihe von Sandra D\u00fcnschede und wird von der Sprecherin Brigitte Carlsen gelesen. Das H\u00f6rbuch hat eine L\u00e4nge von\u00a08 Stunden und 49 Minuten\u00a0und bietet spannende Einblicke in einen Kriminalfall auf der Nordfriesischen Insel Pellworm. Handlung An einem frischen M\u00e4rzmorgen wird die Leiche des [&hellip;]<\/p>\n","protected":false},"featured_media":122,"comment_status":"open","ping_status":"closed","template":"","meta":[],"product_brand":[],"product_cat":[26,19],"product_tag":[],"class_list":{"0":"post-121","1":"product","2":"type-product","3":"status-publish","4":"has-post-thumbnail","6":"product_cat-home","7":"product_cat-hoerbuecher","9":"first","10":"instock","11":"sale","12":"shipping-taxable","13":"purchasable","14":"product-type-simple"},"jetpack_sharing_enabled":true,"_links":{"self":[{"href":"https:\/\/audiobook-24.com\/en\/wp-json\/wp\/v2\/product\/121","targetHints":{"allow":["GET"]}}],"collection":[{"href":"https:\/\/audiobook-24.com\/en\/wp-json\/wp\/v2\/product"}],"about":[{"href":"https:\/\/audiobook-24.com\/en\/wp-json\/wp\/v2\/types\/product"}],"replies":[{"embeddable":true,"href":"https:\/\/audiobook-24.com\/en\/wp-json\/wp\/v2\/comments?post=121"}],"wp:featuredmedia":[{"embeddable":true,"href":"https:\/\/audiobook-24.com\/en\/wp-json\/wp\/v2\/media\/122"}],"wp:attachment":[{"href":"https:\/\/audiobook-24.com\/en\/wp-json\/wp\/v2\/media?parent=121"}],"wp:term":[{"taxonomy":"product_brand","embeddable":true,"href":"https:\/\/audiobook-24.com\/en\/wp-json\/wp\/v2\/product_brand?post=121"},{"taxonomy":"product_cat","embeddable":true,"href":"https:\/\/audiobook-24.com\/en\/wp-json\/wp\/v2\/product_cat?post=121"},{"taxonomy":"product_tag","embeddable":true,"href":"https:\/\/audiobook-24.com\/en\/wp-json\/wp\/v2\/product_tag?post=121"}],"curies":[{"name":"wp","href":"https:\/\/api.w.org\/{rel}","templated":true}]}}