{"id":1207,"date":"2025-11-22T01:31:42","date_gmt":"2025-11-22T01:31:42","guid":{"rendered":"https:\/\/audiobook-24.com\/?post_type=product&#038;p=1207"},"modified":"2025-11-22T01:31:42","modified_gmt":"2025-11-22T01:31:42","slug":"%f0%9f%8e%a7-hoerbuch-anna-zaires-verschleppt-%f0%9f%8e%a7","status":"publish","type":"product","link":"https:\/\/audiobook-24.com\/en\/product\/%f0%9f%8e%a7-hoerbuch-anna-zaires-verschleppt-%f0%9f%8e%a7\/","title":{"rendered":"\ud83c\udfa7 H\u00f6rbuch: Anna Zaires \u2013 Verschleppt \ud83c\udfa7"},"content":{"rendered":"<p data-start=\"0\" data-end=\"48\">\ud83c\udfa7 <strong data-start=\"3\" data-end=\"43\">H\u00f6rbuch: Anna Zaires \u2013 <em data-start=\"28\" data-end=\"41\">Verschleppt<\/em><\/strong> \ud83c\udfa7<\/p>\n<p data-start=\"50\" data-end=\"413\">\ud83d\udea8 <strong data-start=\"53\" data-end=\"138\">Gefangen. Allein. Und ein Spiel, bei dem jede falsche Bewegung t\u00f6dlich sein kann.<\/strong><br data-start=\"138\" data-end=\"141\" \/>In <em data-start=\"144\" data-end=\"159\">\u201eVerschleppt\u201c<\/em> wird die Protagonistin brutal aus ihrem Alltag gerissen und in eine dunkle Welt voller Gewalt und Machtspiele katapultiert. Gefangen bei einem skrupellosen Entf\u00fchrer, muss sie <strong data-start=\"336\" data-end=\"393\">ihren Mut, Verstand und jede Chance zur Flucht nutzen<\/strong>, um zu \u00fcberleben.<\/p>\n<p data-start=\"415\" data-end=\"738\">\ud83d\udd75\ufe0f\u200d\u2640\ufe0f Anna Zaires erz\u00e4hlt packend von psychologischer Spannung, dramatischen Wendungen und den inneren Konflikten einer Frau, die in Extremsituationen St\u00e4rke beweisen muss.<br data-start=\"588\" data-end=\"591\" \/>W\u00e4hrend jede Minute z\u00e4hlt, entwickelt sich ein Katz-und-Maus-Spiel zwischen Opfer und T\u00e4ter \u2013 <strong data-start=\"685\" data-end=\"735\">ein Kampf um Freiheit, Kontrolle und Vertrauen<\/strong>.<\/p>\n<p data-start=\"740\" data-end=\"865\">\ud83d\udd0d <strong data-start=\"743\" data-end=\"784\">Ein Thriller, der den Puls hochtreibt<\/strong>, mit intensiver Atmosph\u00e4re, packender Handlung und unvorhersehbaren Wendungen.<\/p>\n<p data-start=\"867\" data-end=\"944\">\u2728 <strong data-start=\"869\" data-end=\"944\">Dramatisch, nervenaufreibend und fesselnd \u2013 nichts f\u00fcr schwache Nerven!<\/strong><\/p>\n<hr data-start=\"946\" data-end=\"949\" \/>\n<p data-start=\"951\" data-end=\"1081\">\ud83d\udcb3 <strong data-start=\"954\" data-end=\"973\">Nach Bezahlung:<\/strong><br data-start=\"973\" data-end=\"976\" \/>\ud83d\udcbb Sofortiger Download f\u00fcr PC<br data-start=\"1005\" data-end=\"1008\" \/>\ud83d\udcf1 Sofortiger Download f\u00fcrs Handy<br data-start=\"1041\" data-end=\"1044\" \/>\ud83d\udda5\ufe0f Sofortiger Download f\u00fcrs Tablet<\/p>\n<p data-start=\"1083\" data-end=\"1126\" data-is-last-node=\"\" data-is-only-node=\"\">\ud83d\udca5 <strong data-start=\"1086\" data-end=\"1123\">Einmal gekauft \u2013 f\u00fcr immer deins!<\/strong> \ud83d\udca5<\/p>","protected":false},"excerpt":{"rendered":"<p>\ud83c\udfa7 H\u00f6rbuch: Anna Zaires \u2013 Verschleppt \ud83c\udfa7 \ud83d\udea8 Gefangen. Allein. Und ein Spiel, bei dem jede falsche Bewegung t\u00f6dlich sein kann.In \u201eVerschleppt\u201c wird die Protagonistin brutal aus ihrem Alltag gerissen und in eine dunkle Welt voller Gewalt und Machtspiele katapultiert. Gefangen bei einem skrupellosen Entf\u00fchrer, muss sie ihren Mut, Verstand und jede Chance zur Flucht [&hellip;]<\/p>\n","protected":false},"featured_media":1208,"comment_status":"open","ping_status":"closed","template":"","meta":[],"product_brand":[],"product_cat":[19],"product_tag":[],"class_list":{"0":"post-1207","1":"product","2":"type-product","3":"status-publish","4":"has-post-thumbnail","6":"product_cat-hoerbuecher","8":"first","9":"instock","10":"sale","11":"virtual","12":"purchasable","13":"product-type-simple"},"jetpack_sharing_enabled":true,"_links":{"self":[{"href":"https:\/\/audiobook-24.com\/en\/wp-json\/wp\/v2\/product\/1207","targetHints":{"allow":["GET"]}}],"collection":[{"href":"https:\/\/audiobook-24.com\/en\/wp-json\/wp\/v2\/product"}],"about":[{"href":"https:\/\/audiobook-24.com\/en\/wp-json\/wp\/v2\/types\/product"}],"replies":[{"embeddable":true,"href":"https:\/\/audiobook-24.com\/en\/wp-json\/wp\/v2\/comments?post=1207"}],"wp:featuredmedia":[{"embeddable":true,"href":"https:\/\/audiobook-24.com\/en\/wp-json\/wp\/v2\/media\/1208"}],"wp:attachment":[{"href":"https:\/\/audiobook-24.com\/en\/wp-json\/wp\/v2\/media?parent=1207"}],"wp:term":[{"taxonomy":"product_brand","embeddable":true,"href":"https:\/\/audiobook-24.com\/en\/wp-json\/wp\/v2\/product_brand?post=1207"},{"taxonomy":"product_cat","embeddable":true,"href":"https:\/\/audiobook-24.com\/en\/wp-json\/wp\/v2\/product_cat?post=1207"},{"taxonomy":"product_tag","embeddable":true,"href":"https:\/\/audiobook-24.com\/en\/wp-json\/wp\/v2\/product_tag?post=1207"}],"curies":[{"name":"wp","href":"https:\/\/api.w.org\/{rel}","templated":true}]}}