{"id":1201,"date":"2025-11-22T01:05:15","date_gmt":"2025-11-22T01:05:15","guid":{"rendered":"https:\/\/audiobook-24.com\/?post_type=product&#038;p=1201"},"modified":"2025-11-22T01:05:15","modified_gmt":"2025-11-22T01:05:15","slug":"%f0%9f%8e%a7-hoerbuch-richard-osman-der-mann-der-zweimal-starb-%f0%9f%8e%a7","status":"publish","type":"product","link":"https:\/\/audiobook-24.com\/en\/product\/%f0%9f%8e%a7-hoerbuch-richard-osman-der-mann-der-zweimal-starb-%f0%9f%8e%a7\/","title":{"rendered":"\ud83c\udfa7 H\u00f6rbuch: Richard Osman \u2013 Der Mann, der zweimal starb \ud83c\udfa7"},"content":{"rendered":"<h6 class=\"sr-only\">ChatGPT:<\/h6>\n<div class=\"text-base my-auto mx-auto pb-10 [--thread-content-margin:--spacing(4)] thread-sm:[--thread-content-margin:--spacing(6)] thread-lg:[--thread-content-margin:--spacing(16)] px-(--thread-content-margin)\">\n<div class=\"[--thread-content-max-width:40rem] thread-lg:[--thread-content-max-width:48rem] mx-auto max-w-(--thread-content-max-width) flex-1 group\/turn-messages focus-visible:outline-hidden relative flex w-full min-w-0 flex-col agent-turn\" tabindex=\"-1\">\n<div class=\"flex max-w-full flex-col grow\">\n<div class=\"min-h-8 text-message relative flex w-full flex-col items-end gap-2 text-start break-words whitespace-normal [.text-message+&amp;]:mt-1\" dir=\"auto\" data-message-author-role=\"assistant\" data-message-id=\"85ad5f0d-6237-4d84-92d3-ed11f06526f1\" data-message-model-slug=\"gpt-5-mini\">\n<div class=\"flex w-full flex-col gap-1 empty:hidden first:pt-[1px]\">\n<div class=\"markdown prose dark:prose-invert w-full break-words light markdown-new-styling\">\n<p data-start=\"0\" data-end=\"66\">\ud83c\udfa7 <strong data-start=\"3\" data-end=\"61\">H\u00f6rbuch: Richard Osman \u2013 <em data-start=\"30\" data-end=\"59\">Der Mann, der zweimal starb<\/em><\/strong> \ud83c\udfa7<\/p>\n<p data-start=\"68\" data-end=\"470\">\ud83d\udd70\ufe0f <strong data-start=\"72\" data-end=\"189\">Ein scheinbar ruhiger Seniorenclub. Ein mysteri\u00f6ser Todesfall. Und ein R\u00e4tsel, das nur cleveres Kombinieren l\u00f6st.<\/strong><br data-start=\"189\" data-end=\"192\" \/>In <em data-start=\"195\" data-end=\"226\">\u201eDer Mann, der zweimal starb\u201c<\/em> wird das Leben der Mitglieder des Coopers Chase Seniorenclubs ordentlich durcheinandergewirbelt: Ein Mann stirbt unter mysteri\u00f6sen Umst\u00e4nden \u2013 doch kurze Zeit sp\u00e4ter tauchen Hinweise auf, dass <strong data-start=\"420\" data-end=\"467\">sein Tod vielleicht doch nicht das Ende war<\/strong>.<\/p>\n<p data-start=\"472\" data-end=\"823\">\ud83d\udd75\ufe0f\u200d\u2642\ufe0f Gemeinsam mit seinen unkonventionellen Ermittlerkollegen nutzt der charmante und gewitzte Club die <strong data-start=\"578\" data-end=\"635\">Kombination aus Erfahrung, Logik und Menschenkenntnis<\/strong>, um das R\u00e4tsel zu l\u00f6sen.<br data-start=\"660\" data-end=\"663\" \/>Dabei sto\u00dfen sie auf <strong data-start=\"684\" data-end=\"764\">versteckte Motive, \u00fcberraschende Wendungen und l\u00e4ngst vergessene Geheimnisse<\/strong>, die den Fall komplexer machen, als es zun\u00e4chst scheint.<\/p>\n<p data-start=\"825\" data-end=\"973\">\ud83d\udd0d <strong data-start=\"828\" data-end=\"888\">Ein cleverer, humorvoller Krimi voller britischem Charme<\/strong>, der beweist, dass Alter keine Einschr\u00e4nkung f\u00fcr Scharfsinn und Abenteuerlust ist.<\/p>\n<p data-start=\"975\" data-end=\"1062\">\u2728 <strong data-start=\"977\" data-end=\"1062\">Spannend, unterhaltsam und typisch Osman \u2013 f\u00fcr alle Fans intelligenter Whodunits!<\/strong><\/p>\n<hr data-start=\"1064\" data-end=\"1067\" \/>\n<p data-start=\"1069\" data-end=\"1199\">\ud83d\udcb3 <strong data-start=\"1072\" data-end=\"1091\">Nach Bezahlung:<\/strong><br data-start=\"1091\" data-end=\"1094\" \/>\ud83d\udcbb Sofortiger Download f\u00fcr PC<br data-start=\"1123\" data-end=\"1126\" \/>\ud83d\udcf1 Sofortiger Download f\u00fcrs Handy<br data-start=\"1159\" data-end=\"1162\" \/>\ud83d\udda5\ufe0f Sofortiger Download f\u00fcrs Tablet<\/p>\n<p data-start=\"1201\" data-end=\"1244\" data-is-last-node=\"\" data-is-only-node=\"\">\ud83d\udca5 <strong data-start=\"1204\" data-end=\"1241\">Einmal gekauft \u2013 f\u00fcr immer deins!<\/strong> \ud83d\udca5<\/p>\n<\/div>\n<\/div>\n<\/div>\n<\/div>\n<\/div>\n<\/div>\n","protected":false},"excerpt":{"rendered":"<p>ChatGPT: \ud83c\udfa7 H\u00f6rbuch: Richard Osman \u2013 Der Mann, der zweimal starb \ud83c\udfa7 \ud83d\udd70\ufe0f Ein scheinbar ruhiger Seniorenclub. Ein mysteri\u00f6ser Todesfall. Und ein R\u00e4tsel, das nur cleveres Kombinieren l\u00f6st.In \u201eDer Mann, der zweimal starb\u201c wird das Leben der Mitglieder des Coopers Chase Seniorenclubs ordentlich durcheinandergewirbelt: Ein Mann stirbt unter mysteri\u00f6sen Umst\u00e4nden \u2013 doch kurze Zeit sp\u00e4ter [&hellip;]<\/p>\n","protected":false},"featured_media":1202,"comment_status":"open","ping_status":"closed","template":"","meta":[],"product_brand":[],"product_cat":[19],"product_tag":[],"class_list":{"0":"post-1201","1":"product","2":"type-product","3":"status-publish","4":"has-post-thumbnail","6":"product_cat-hoerbuecher","8":"first","9":"instock","10":"sale","11":"virtual","12":"purchasable","13":"product-type-simple"},"jetpack_sharing_enabled":true,"_links":{"self":[{"href":"https:\/\/audiobook-24.com\/en\/wp-json\/wp\/v2\/product\/1201","targetHints":{"allow":["GET"]}}],"collection":[{"href":"https:\/\/audiobook-24.com\/en\/wp-json\/wp\/v2\/product"}],"about":[{"href":"https:\/\/audiobook-24.com\/en\/wp-json\/wp\/v2\/types\/product"}],"replies":[{"embeddable":true,"href":"https:\/\/audiobook-24.com\/en\/wp-json\/wp\/v2\/comments?post=1201"}],"wp:featuredmedia":[{"embeddable":true,"href":"https:\/\/audiobook-24.com\/en\/wp-json\/wp\/v2\/media\/1202"}],"wp:attachment":[{"href":"https:\/\/audiobook-24.com\/en\/wp-json\/wp\/v2\/media?parent=1201"}],"wp:term":[{"taxonomy":"product_brand","embeddable":true,"href":"https:\/\/audiobook-24.com\/en\/wp-json\/wp\/v2\/product_brand?post=1201"},{"taxonomy":"product_cat","embeddable":true,"href":"https:\/\/audiobook-24.com\/en\/wp-json\/wp\/v2\/product_cat?post=1201"},{"taxonomy":"product_tag","embeddable":true,"href":"https:\/\/audiobook-24.com\/en\/wp-json\/wp\/v2\/product_tag?post=1201"}],"curies":[{"name":"wp","href":"https:\/\/api.w.org\/{rel}","templated":true}]}}