{"id":1199,"date":"2025-11-22T01:02:35","date_gmt":"2025-11-22T01:02:35","guid":{"rendered":"https:\/\/audiobook-24.com\/?post_type=product&#038;p=1199"},"modified":"2025-11-22T01:02:36","modified_gmt":"2025-11-22T01:02:36","slug":"%f0%9f%8e%a7-hoerbuch-fitzek-beisenherz-schreib-oder-stirb-%f0%9f%8e%a7","status":"publish","type":"product","link":"https:\/\/audiobook-24.com\/en\/product\/%f0%9f%8e%a7-hoerbuch-fitzek-beisenherz-schreib-oder-stirb-%f0%9f%8e%a7\/","title":{"rendered":"\ud83c\udfa7 H\u00f6rbuch: Fitzek &#038; Beisenherz \u2013 Schreib oder stirb \ud83c\udfa7"},"content":{"rendered":"<p data-start=\"0\" data-end=\"63\">\ud83c\udfa7 <strong data-start=\"3\" data-end=\"58\">H\u00f6rbuch: Fitzek &amp; Beisenherz \u2013 <em data-start=\"36\" data-end=\"56\">Schreib oder stirb<\/em><\/strong> \ud83c\udfa7<\/p>\n<p data-start=\"65\" data-end=\"512\">\ud83d\udd8b\ufe0f <strong data-start=\"69\" data-end=\"181\">Ein Wettlauf gegen die Zeit. Ein r\u00e4tselhafter Autor. Und eine Nachricht, die \u00fcber Leben und Tod entscheidet.<\/strong><br data-start=\"181\" data-end=\"184\" \/>In <em data-start=\"187\" data-end=\"209\">\u201eSchreib oder stirb\u201c<\/em> geraten die Leser mitten in ein perfides Spiel: Wer die Regeln des mysteri\u00f6sen Spielmeisters nicht befolgt, riskiert sein Leben. Ein erfolgreicher Thrillerautor wird in ein m\u00f6rderisches Szenario gezwungen \u2013 und seine einzige Chance zu \u00fcberleben liegt in seinem Verstand und seinen Schreibf\u00e4higkeiten.<\/p>\n<p data-start=\"514\" data-end=\"841\">\ud83d\udd75\ufe0f <strong data-start=\"518\" data-end=\"541\">Fitzek &amp; Beisenherz<\/strong> liefern einen packenden Psycho-Thriller voller <strong data-start=\"589\" data-end=\"656\">Spannung, cleverer Wendungen und nervenaufreibender Situationen<\/strong>, in dem jede Zeile z\u00e4hlt.<br data-start=\"682\" data-end=\"685\" \/>W\u00e4hrend die Uhr unerbittlich tickt, muss der Protagonist Geheimnisse entschl\u00fcsseln, T\u00e4uschungen durchschauen und \u00fcber sich hinauswachsen, um zu \u00fcberleben.<\/p>\n<p data-start=\"843\" data-end=\"943\">\ud83d\udd0d <strong data-start=\"846\" data-end=\"943\">Perfekt f\u00fcr alle, die Nervenkitzel, \u00fcberraschende Wendungen und intelligente Thriller lieben.<\/strong><\/p>\n<hr data-start=\"945\" data-end=\"948\" \/>\n<p data-start=\"950\" data-end=\"1080\">\ud83d\udcb3 <strong data-start=\"953\" data-end=\"972\">Nach Bezahlung:<\/strong><br data-start=\"972\" data-end=\"975\" \/>\ud83d\udcbb Sofortiger Download f\u00fcr PC<br data-start=\"1004\" data-end=\"1007\" \/>\ud83d\udcf1 Sofortiger Download f\u00fcrs Handy<br data-start=\"1040\" data-end=\"1043\" \/>\ud83d\udda5\ufe0f Sofortiger Download f\u00fcrs Tablet<\/p>\n<p data-start=\"1082\" data-end=\"1125\" data-is-last-node=\"\" data-is-only-node=\"\">\ud83d\udca5 <strong data-start=\"1085\" data-end=\"1122\">Einmal gekauft \u2013 f\u00fcr immer deins!<\/strong> \ud83d\udca5<\/p>","protected":false},"excerpt":{"rendered":"<p>\ud83c\udfa7 H\u00f6rbuch: Fitzek &amp; Beisenherz \u2013 Schreib oder stirb \ud83c\udfa7 \ud83d\udd8b\ufe0f Ein Wettlauf gegen die Zeit. Ein r\u00e4tselhafter Autor. Und eine Nachricht, die \u00fcber Leben und Tod entscheidet.In \u201eSchreib oder stirb\u201c geraten die Leser mitten in ein perfides Spiel: Wer die Regeln des mysteri\u00f6sen Spielmeisters nicht befolgt, riskiert sein Leben. Ein erfolgreicher Thrillerautor wird in [&hellip;]<\/p>\n","protected":false},"featured_media":1200,"comment_status":"open","ping_status":"closed","template":"","meta":[],"product_brand":[],"product_cat":[19],"product_tag":[],"class_list":{"0":"post-1199","1":"product","2":"type-product","3":"status-publish","4":"has-post-thumbnail","6":"product_cat-hoerbuecher","8":"first","9":"instock","10":"sale","11":"virtual","12":"purchasable","13":"product-type-simple"},"jetpack_sharing_enabled":true,"_links":{"self":[{"href":"https:\/\/audiobook-24.com\/en\/wp-json\/wp\/v2\/product\/1199","targetHints":{"allow":["GET"]}}],"collection":[{"href":"https:\/\/audiobook-24.com\/en\/wp-json\/wp\/v2\/product"}],"about":[{"href":"https:\/\/audiobook-24.com\/en\/wp-json\/wp\/v2\/types\/product"}],"replies":[{"embeddable":true,"href":"https:\/\/audiobook-24.com\/en\/wp-json\/wp\/v2\/comments?post=1199"}],"wp:featuredmedia":[{"embeddable":true,"href":"https:\/\/audiobook-24.com\/en\/wp-json\/wp\/v2\/media\/1200"}],"wp:attachment":[{"href":"https:\/\/audiobook-24.com\/en\/wp-json\/wp\/v2\/media?parent=1199"}],"wp:term":[{"taxonomy":"product_brand","embeddable":true,"href":"https:\/\/audiobook-24.com\/en\/wp-json\/wp\/v2\/product_brand?post=1199"},{"taxonomy":"product_cat","embeddable":true,"href":"https:\/\/audiobook-24.com\/en\/wp-json\/wp\/v2\/product_cat?post=1199"},{"taxonomy":"product_tag","embeddable":true,"href":"https:\/\/audiobook-24.com\/en\/wp-json\/wp\/v2\/product_tag?post=1199"}],"curies":[{"name":"wp","href":"https:\/\/api.w.org\/{rel}","templated":true}]}}