{"id":1189,"date":"2025-11-21T22:56:09","date_gmt":"2025-11-21T22:56:09","guid":{"rendered":"https:\/\/audiobook-24.com\/?post_type=product&#038;p=1189"},"modified":"2025-11-21T22:56:09","modified_gmt":"2025-11-21T22:56:09","slug":"%f0%9f%8e%a7-hoerbuch-sherlock-holmes-der-schwarze-peter-fall-33-%f0%9f%8e%a7","status":"publish","type":"product","link":"https:\/\/audiobook-24.com\/en\/product\/%f0%9f%8e%a7-hoerbuch-sherlock-holmes-der-schwarze-peter-fall-33-%f0%9f%8e%a7\/","title":{"rendered":"\ud83c\udfa7 H\u00f6rbuch: Sherlock Holmes \u2013 Der schwarze Peter (Fall 33) \ud83c\udfa7"},"content":{"rendered":"<h6 class=\"sr-only\">ChatGPT:<\/h6>\n<div class=\"text-base my-auto mx-auto pb-10 [--thread-content-margin:--spacing(4)] thread-sm:[--thread-content-margin:--spacing(6)] thread-lg:[--thread-content-margin:--spacing(16)] px-(--thread-content-margin)\">\n<div class=\"[--thread-content-max-width:40rem] thread-lg:[--thread-content-max-width:48rem] mx-auto max-w-(--thread-content-max-width) flex-1 group\/turn-messages focus-visible:outline-hidden relative flex w-full min-w-0 flex-col agent-turn\" tabindex=\"-1\">\n<div class=\"flex max-w-full flex-col grow\">\n<div class=\"min-h-8 text-message relative flex w-full flex-col items-end gap-2 text-start break-words whitespace-normal [.text-message+&amp;]:mt-1\" dir=\"auto\" data-message-author-role=\"assistant\" data-message-id=\"2c25bdbc-3a11-49d5-a276-fa54a8c2d15d\" data-message-model-slug=\"gpt-5-1\">\n<div class=\"flex w-full flex-col gap-1 empty:hidden first:pt-[1px]\">\n<div class=\"markdown prose dark:prose-invert w-full break-words light markdown-new-styling\">\n<p data-start=\"0\" data-end=\"69\">\ud83c\udfa7 <strong data-start=\"3\" data-end=\"64\">H\u00f6rbuch: Sherlock Holmes \u2013 <em data-start=\"32\" data-end=\"62\">Der schwarze Peter (Fall 33)<\/em><\/strong> \ud83c\udfa7<\/p>\n<p data-start=\"71\" data-end=\"453\">\u2693 <strong data-start=\"73\" data-end=\"173\">Ein harter Seemann. Eine t\u00f6dliche Harpune. Und ein Tatort, der mehr Fragen stellt als Antworten.<\/strong><br data-start=\"173\" data-end=\"176\" \/>In <em data-start=\"179\" data-end=\"201\">\u201eDer schwarze Peter\u201c<\/em> wird Sherlock Holmes zu einem brutalen und ungew\u00f6hnlichen Mordfall gerufen: Der ehemalige Walf\u00e4nger <strong data-start=\"302\" data-end=\"317\">Peter Carey<\/strong>, ber\u00fcchtigt f\u00fcr sein cholerisches Temperament, wird in seiner kleinen H\u00fctte im Garten aufgefunden \u2013 <strong data-start=\"418\" data-end=\"450\">durchbohrt von einer Harpune<\/strong>.<\/p>\n<p data-start=\"455\" data-end=\"638\">\ud83c\udf2b\ufe0f Die brutale Szenerie l\u00e4sst kaum R\u00fcckschl\u00fcsse auf den T\u00e4ter zu. Doch Holmes entdeckt schnell, dass Careys Vergangenheit voller Gewalt, Feinde und unr\u00fchmlicher Geheimnisse steckt.<\/p>\n<p data-start=\"640\" data-end=\"833\">\ud83d\udd75\ufe0f\u200d\u2642\ufe0f Zusammen mit Dr. Watson rekonstruiert er die letzten Stunden des Opfers und st\u00f6\u00dft auf einen jungen Mann, der verzweifelt versucht, etwas zu verbergen \u2013 doch ist er wirklich der M\u00f6rder?<\/p>\n<p data-start=\"835\" data-end=\"1024\">\ud83d\udd0d <strong data-start=\"838\" data-end=\"933\">Mit scharfem Blick f\u00fcr Details, psychologischer Feinf\u00fchligkeit und unersch\u00fctterlicher Logik<\/strong> deckt Holmes ein Motiv auf, das tief in die st\u00fcrmische Vergangenheit eines Seemanns f\u00fchrt.<\/p>\n<p data-start=\"1026\" data-end=\"1105\">\u2728 <strong data-start=\"1028\" data-end=\"1105\">Ein kraftvoller, atmosph\u00e4rischer Fall \u2013 rau, spannend und typisch Holmes!<\/strong><\/p>\n<hr data-start=\"1107\" data-end=\"1110\" \/>\n<p data-start=\"1112\" data-end=\"1242\">\ud83d\udcb3 <strong data-start=\"1115\" data-end=\"1134\">Nach Bezahlung:<\/strong><br data-start=\"1134\" data-end=\"1137\" \/>\ud83d\udcbb Sofortiger Download f\u00fcr PC<br data-start=\"1166\" data-end=\"1169\" \/>\ud83d\udcf1 Sofortiger Download f\u00fcrs Handy<br data-start=\"1202\" data-end=\"1205\" \/>\ud83d\udda5\ufe0f Sofortiger Download f\u00fcrs Tablet<\/p>\n<p data-start=\"1244\" data-end=\"1287\" data-is-last-node=\"\" data-is-only-node=\"\">\ud83d\udca5 <strong data-start=\"1247\" data-end=\"1284\">Einmal gekauft \u2013 f\u00fcr immer deins!<\/strong> \ud83d\udca5<\/p>\n<\/div>\n<\/div>\n<\/div>\n<\/div>\n<\/div>\n<\/div>\n","protected":false},"excerpt":{"rendered":"<p>ChatGPT: \ud83c\udfa7 H\u00f6rbuch: Sherlock Holmes \u2013 Der schwarze Peter (Fall 33) \ud83c\udfa7 \u2693 Ein harter Seemann. Eine t\u00f6dliche Harpune. Und ein Tatort, der mehr Fragen stellt als Antworten.In \u201eDer schwarze Peter\u201c wird Sherlock Holmes zu einem brutalen und ungew\u00f6hnlichen Mordfall gerufen: Der ehemalige Walf\u00e4nger Peter Carey, ber\u00fcchtigt f\u00fcr sein cholerisches Temperament, wird in seiner kleinen [&hellip;]<\/p>\n","protected":false},"featured_media":1190,"comment_status":"open","ping_status":"closed","template":"","meta":[],"product_brand":[],"product_cat":[19],"product_tag":[],"class_list":{"0":"post-1189","1":"product","2":"type-product","3":"status-publish","4":"has-post-thumbnail","6":"product_cat-hoerbuecher","8":"first","9":"instock","10":"sale","11":"virtual","12":"purchasable","13":"product-type-simple"},"jetpack_sharing_enabled":true,"_links":{"self":[{"href":"https:\/\/audiobook-24.com\/en\/wp-json\/wp\/v2\/product\/1189","targetHints":{"allow":["GET"]}}],"collection":[{"href":"https:\/\/audiobook-24.com\/en\/wp-json\/wp\/v2\/product"}],"about":[{"href":"https:\/\/audiobook-24.com\/en\/wp-json\/wp\/v2\/types\/product"}],"replies":[{"embeddable":true,"href":"https:\/\/audiobook-24.com\/en\/wp-json\/wp\/v2\/comments?post=1189"}],"wp:featuredmedia":[{"embeddable":true,"href":"https:\/\/audiobook-24.com\/en\/wp-json\/wp\/v2\/media\/1190"}],"wp:attachment":[{"href":"https:\/\/audiobook-24.com\/en\/wp-json\/wp\/v2\/media?parent=1189"}],"wp:term":[{"taxonomy":"product_brand","embeddable":true,"href":"https:\/\/audiobook-24.com\/en\/wp-json\/wp\/v2\/product_brand?post=1189"},{"taxonomy":"product_cat","embeddable":true,"href":"https:\/\/audiobook-24.com\/en\/wp-json\/wp\/v2\/product_cat?post=1189"},{"taxonomy":"product_tag","embeddable":true,"href":"https:\/\/audiobook-24.com\/en\/wp-json\/wp\/v2\/product_tag?post=1189"}],"curies":[{"name":"wp","href":"https:\/\/api.w.org\/{rel}","templated":true}]}}